{"id":105444,"date":"2025-01-07T18:53:26","date_gmt":"2025-01-07T16:53:26","guid":{"rendered":"https:\/\/shop.rettum.ee\/toode\/235-55r19-goodyear-eagle-f1-allterrain-105w-xl-j-lr-abb72-ms\/"},"modified":"2026-02-28T02:45:20","modified_gmt":"2026-02-28T00:45:20","slug":"235-55r19-goodyear-eagle-f1-allterrain-105w-xl-j-lr-abb72-ms","status":"publish","type":"product","link":"https:\/\/shop.rettum.ee\/en\/product\/235-55r19-goodyear-eagle-f1-allterrain-105w-xl-j-lr-abb72-ms\/","title":{"rendered":"235\/55R19 GOODYEAR EAGLE F1 ALLTERRAIN 105W XL J LR ABB72 M+S"},"content":{"rendered":"<p>Tutvustame Goodyear Eagle F1 Allterrain rehvi \u2013 ideaalne valik teie maastikus\u00f5idukile! Rehvi m\u00f5\u00f5dud 235\/55R19 tagavad suurep\u00e4rase haarde ja stabiilsuse erinevatel pinnastel, olgu need siis asfalt v\u00f5i maastikuteed. <\/p>\n<p>Goodyear, tuntud kvaliteedi ja innovatsiooni poolest, on loonud selle rehvi, et tagada maksimaalne s\u00f5idumugavus ja ohutus. Rehvi aspektisuhe 55, XL kandeindeks 105 ning kiirusindeks W (kuni 270 km\/h) teevad sellest suurep\u00e4rase valiku nii l\u00fchikestel kui ka pikkadel s\u00f5itudel. <\/p>\n<p>Energiaklass A n\u00e4itab rehvi k\u00fctuseefektiivsust, aidates v\u00e4hendada k\u00fctusekulu ning CO2 heitkoguseid. Samuti on rehvi m\u00fcra klass B ja m\u00fcra v\u00e4\u00e4rtus 72 dB, tagades vaikse ja mugava s\u00f5idu k\u00f5ikidel teedel. <\/p>\n<p>Goodyear Eagle F1 Allterrain rehvid on radiaalsed, kaalu 13.48 kg ning laius 235 mm, mist\u00f5ttu sobivad need ideaalselt erinevatesse ilmastikutingimustesse, olles suurep\u00e4raseks kaaslaseks igasugustes seiklustes! Valige Goodyear ja nautige kindlat ja usaldusv\u00e4\u00e4rset s\u00f5idukogemust!<\/p>","protected":false},"excerpt":{"rendered":"<p>Tutvustame Goodyear Eagle F1 Allterrain rehvi \u2013 ideaalne valik teie maastikus\u00f5idukile! Rehvi m\u00f5\u00f5dud 235\/55R19 tagavad suurep\u00e4rase haarde ja stabiilsuse erinevatel pinnastel, olgu need siis asfalt v\u00f5i maastikuteed. Goodyear, tuntud kvaliteedi ja innovatsiooni poolest, on loonud selle rehvi, et tagada maksimaalne s\u00f5idumugavus ja ohutus. Rehvi aspektisuhe 55, XL kandeindeks 105 ning kiirusindeks W (kuni 270 km\/h) [&hellip;]<\/p>\n","protected":false},"featured_media":124372,"template":"","meta":{"site-sidebar-layout":"default","site-content-layout":"","ast-site-content-layout":"","site-content-style":"default","site-sidebar-style":"default","ast-global-header-display":"","ast-banner-title-visibility":"","ast-main-header-display":"","ast-hfb-above-header-display":"","ast-hfb-below-header-display":"","ast-hfb-mobile-header-display":"","site-post-title":"","ast-breadcrumbs-content":"","ast-featured-img":"","footer-sml-layout":"","theme-transparent-header-meta":"","adv-header-id-meta":"","stick-header-meta":"","header-above-stick-meta":"","header-main-stick-meta":"","header-below-stick-meta":"","astra-migrate-meta-layouts":"default","ast-page-background-enabled":"default","ast-page-background-meta":{"desktop":{"background-color":"","background-image":"","background-repeat":"repeat","background-position":"center center","background-size":"auto","background-attachment":"scroll","background-type":"","background-media":"","overlay-type":"","overlay-color":"","overlay-opacity":"","overlay-gradient":""},"tablet":{"background-color":"","background-image":"","background-repeat":"repeat","background-position":"center center","background-size":"auto","background-attachment":"scroll","background-type":"","background-media":"","overlay-type":"","overlay-color":"","overlay-opacity":"","overlay-gradient":""},"mobile":{"background-color":"","background-image":"","background-repeat":"repeat","background-position":"center center","background-size":"auto","background-attachment":"scroll","background-type":"","background-media":"","overlay-type":"","overlay-color":"","overlay-opacity":"","overlay-gradient":""}},"ast-content-background-meta":{"desktop":{"background-color":"var(--ast-global-color-5)","background-image":"","background-repeat":"repeat","background-position":"center center","background-size":"auto","background-attachment":"scroll","background-type":"","background-media":"","overlay-type":"","overlay-color":"","overlay-opacity":"","overlay-gradient":""},"tablet":{"background-color":"var(--ast-global-color-5)","background-image":"","background-repeat":"repeat","background-position":"center center","background-size":"auto","background-attachment":"scroll","background-type":"","background-media":"","overlay-type":"","overlay-color":"","overlay-opacity":"","overlay-gradient":""},"mobile":{"background-color":"var(--ast-global-color-5)","background-image":"","background-repeat":"repeat","background-position":"center center","background-size":"auto","background-attachment":"scroll","background-type":"","background-media":"","overlay-type":"","overlay-color":"","overlay-opacity":"","overlay-gradient":""}}},"product_brand":[],"product_cat":[30108],"product_tag":[],"pa_brand_name":[17979],"class_list":{"0":"post-105444","1":"product","2":"type-product","3":"status-publish","4":"has-post-thumbnail","6":"product_cat-summer-tires-pv-2","7":"pa_brand_name-goodyear","8":"desktop-align-left","9":"tablet-align-left","10":"mobile-align-left","12":"first","13":"outofstock","14":"taxable","15":"shipping-taxable","16":"purchasable","17":"product-type-simple"},"_links":{"self":[{"href":"https:\/\/shop.rettum.ee\/en\/wp-json\/wp\/v2\/product\/105444","targetHints":{"allow":["GET"]}}],"collection":[{"href":"https:\/\/shop.rettum.ee\/en\/wp-json\/wp\/v2\/product"}],"about":[{"href":"https:\/\/shop.rettum.ee\/en\/wp-json\/wp\/v2\/types\/product"}],"version-history":[{"count":0,"href":"https:\/\/shop.rettum.ee\/en\/wp-json\/wp\/v2\/product\/105444\/revisions"}],"wp:featuredmedia":[{"embeddable":true,"href":"https:\/\/shop.rettum.ee\/en\/wp-json\/wp\/v2\/media\/124372"}],"wp:attachment":[{"href":"https:\/\/shop.rettum.ee\/en\/wp-json\/wp\/v2\/media?parent=105444"}],"wp:term":[{"taxonomy":"product_brand","embeddable":true,"href":"https:\/\/shop.rettum.ee\/en\/wp-json\/wp\/v2\/product_brand?post=105444"},{"taxonomy":"product_cat","embeddable":true,"href":"https:\/\/shop.rettum.ee\/en\/wp-json\/wp\/v2\/product_cat?post=105444"},{"taxonomy":"product_tag","embeddable":true,"href":"https:\/\/shop.rettum.ee\/en\/wp-json\/wp\/v2\/product_tag?post=105444"},{"taxonomy":"pa_brand_name","embeddable":true,"href":"https:\/\/shop.rettum.ee\/en\/wp-json\/wp\/v2\/pa_brand_name?post=105444"}],"curies":[{"name":"wp","href":"https:\/\/api.w.org\/{rel}","templated":true}]}}