{"id":105448,"date":"2025-01-07T18:53:52","date_gmt":"2025-01-07T16:53:52","guid":{"rendered":"https:\/\/shop.rettum.ee\/toode\/255-50r19-goodyear-eagle-f1-asymmetric-6-107y-xl-baa70\/"},"modified":"2025-11-12T02:45:57","modified_gmt":"2025-11-12T00:45:57","slug":"255-50r19-goodyear-eagle-f1-asymmetric-6-107y-xl-baa70","status":"publish","type":"product","link":"https:\/\/shop.rettum.ee\/en\/product\/255-50r19-goodyear-eagle-f1-asymmetric-6-107y-xl-baa70\/","title":{"rendered":"255\/50R19 GOODYEAR EAGLE F1 ASYMMETRIC 6 107Y XL BAA70"},"content":{"rendered":"<p>**Toode: Goodyear Eagle F1 Asymmetric 6 255\/50R19 107Y XL BAA70**<\/p>\n<p>Avasta s\u00f5idunauding uue taseme juures Goodyear Eagle F1 Asymmetric 6 rehvidega. Need 255\/50R19 rehvid pakuvad erakordset j\u00f5udlust, kindlat haardumist ja sujuvat s\u00f5itmist igasugustes teeoludes. <\/p>\n<p>Rehvi atributsioon &#8211; 50% aspektiseerimisega, tagab suurep\u00e4rase stabiilsuse ning mugavuse. Suurem diameeter (19 tolli) koos laia (255 mm) ja k\u00f5rge koormusindeksiga (107) v\u00f5imaldab sul kanda raskusi ilma kompromisse tegemata. Nende rehvide k\u00fctuseefektiivsus on hinnatud B-tasemele, mis aitab sul s\u00e4\u00e4sta k\u00fctust ja v\u00e4hendada keskkonnam\u00f5jusid.<\/p>\n<p>Goodyear Eagle F1 Asymmetric 6 rehvid on ka vaiksed &#8211; A m\u00fcraklassi ja 70 dB m\u00fcra v\u00e4\u00e4rtusega, mist\u00f5ttu saad s\u00f5ita mugavalt ja rahulikult. Kiirusindeks Y t\u00e4hendab, et need rehvid on optimeeritud kiirusel kuni 300 km\/h. <\/p>\n<p>Usalda Goodyeari traditsiooni ja innovatsiooni, et kogege igat s\u00f5itu maksimaalse mugavuse ja ohutusega!<\/p>","protected":false},"excerpt":{"rendered":"<p>**Toode: Goodyear Eagle F1 Asymmetric 6 255\/50R19 107Y XL BAA70** Avasta s\u00f5idunauding uue taseme juures Goodyear Eagle F1 Asymmetric 6 rehvidega. Need 255\/50R19 rehvid pakuvad erakordset j\u00f5udlust, kindlat haardumist ja sujuvat s\u00f5itmist igasugustes teeoludes. Rehvi atributsioon &#8211; 50% aspektiseerimisega, tagab suurep\u00e4rase stabiilsuse ning mugavuse. Suurem diameeter (19 tolli) koos laia (255 mm) ja k\u00f5rge koormusindeksiga [&hellip;]<\/p>\n","protected":false},"featured_media":122075,"template":"","meta":{"site-sidebar-layout":"default","site-content-layout":"","ast-site-content-layout":"","site-content-style":"default","site-sidebar-style":"default","ast-global-header-display":"","ast-banner-title-visibility":"","ast-main-header-display":"","ast-hfb-above-header-display":"","ast-hfb-below-header-display":"","ast-hfb-mobile-header-display":"","site-post-title":"","ast-breadcrumbs-content":"","ast-featured-img":"","footer-sml-layout":"","theme-transparent-header-meta":"","adv-header-id-meta":"","stick-header-meta":"","header-above-stick-meta":"","header-main-stick-meta":"","header-below-stick-meta":"","astra-migrate-meta-layouts":"default","ast-page-background-enabled":"default","ast-page-background-meta":{"desktop":{"background-color":"","background-image":"","background-repeat":"repeat","background-position":"center center","background-size":"auto","background-attachment":"scroll","background-type":"","background-media":"","overlay-type":"","overlay-color":"","overlay-opacity":"","overlay-gradient":""},"tablet":{"background-color":"","background-image":"","background-repeat":"repeat","background-position":"center center","background-size":"auto","background-attachment":"scroll","background-type":"","background-media":"","overlay-type":"","overlay-color":"","overlay-opacity":"","overlay-gradient":""},"mobile":{"background-color":"","background-image":"","background-repeat":"repeat","background-position":"center center","background-size":"auto","background-attachment":"scroll","background-type":"","background-media":"","overlay-type":"","overlay-color":"","overlay-opacity":"","overlay-gradient":""}},"ast-content-background-meta":{"desktop":{"background-color":"var(--ast-global-color-5)","background-image":"","background-repeat":"repeat","background-position":"center center","background-size":"auto","background-attachment":"scroll","background-type":"","background-media":"","overlay-type":"","overlay-color":"","overlay-opacity":"","overlay-gradient":""},"tablet":{"background-color":"var(--ast-global-color-5)","background-image":"","background-repeat":"repeat","background-position":"center center","background-size":"auto","background-attachment":"scroll","background-type":"","background-media":"","overlay-type":"","overlay-color":"","overlay-opacity":"","overlay-gradient":""},"mobile":{"background-color":"var(--ast-global-color-5)","background-image":"","background-repeat":"repeat","background-position":"center center","background-size":"auto","background-attachment":"scroll","background-type":"","background-media":"","overlay-type":"","overlay-color":"","overlay-opacity":"","overlay-gradient":""}}},"product_brand":[],"product_cat":[30108],"product_tag":[],"pa_brand_name":[17979],"class_list":{"0":"post-105448","1":"product","2":"type-product","3":"status-publish","4":"has-post-thumbnail","6":"product_cat-summer-tires-pv-2","7":"pa_brand_name-goodyear","8":"desktop-align-left","9":"tablet-align-left","10":"mobile-align-left","12":"first","13":"outofstock","14":"taxable","15":"shipping-taxable","16":"purchasable","17":"product-type-simple"},"_links":{"self":[{"href":"https:\/\/shop.rettum.ee\/en\/wp-json\/wp\/v2\/product\/105448","targetHints":{"allow":["GET"]}}],"collection":[{"href":"https:\/\/shop.rettum.ee\/en\/wp-json\/wp\/v2\/product"}],"about":[{"href":"https:\/\/shop.rettum.ee\/en\/wp-json\/wp\/v2\/types\/product"}],"version-history":[{"count":0,"href":"https:\/\/shop.rettum.ee\/en\/wp-json\/wp\/v2\/product\/105448\/revisions"}],"wp:featuredmedia":[{"embeddable":true,"href":"https:\/\/shop.rettum.ee\/en\/wp-json\/wp\/v2\/media\/122075"}],"wp:attachment":[{"href":"https:\/\/shop.rettum.ee\/en\/wp-json\/wp\/v2\/media?parent=105448"}],"wp:term":[{"taxonomy":"product_brand","embeddable":true,"href":"https:\/\/shop.rettum.ee\/en\/wp-json\/wp\/v2\/product_brand?post=105448"},{"taxonomy":"product_cat","embeddable":true,"href":"https:\/\/shop.rettum.ee\/en\/wp-json\/wp\/v2\/product_cat?post=105448"},{"taxonomy":"product_tag","embeddable":true,"href":"https:\/\/shop.rettum.ee\/en\/wp-json\/wp\/v2\/product_tag?post=105448"},{"taxonomy":"pa_brand_name","embeddable":true,"href":"https:\/\/shop.rettum.ee\/en\/wp-json\/wp\/v2\/pa_brand_name?post=105448"}],"curies":[{"name":"wp","href":"https:\/\/api.w.org\/{rel}","templated":true}]}}