{"id":105451,"date":"2025-01-07T18:54:13","date_gmt":"2025-01-07T16:54:13","guid":{"rendered":"https:\/\/shop.rettum.ee\/toode\/255-50r20-dunlop-sport-response-109h-xl-mfs-bba70\/"},"modified":"2026-03-22T03:06:12","modified_gmt":"2026-03-22T01:06:12","slug":"255-50r20-dunlop-sport-response-109h-xl-mfs-bba70","status":"publish","type":"product","link":"https:\/\/shop.rettum.ee\/en\/product\/255-50r20-dunlop-sport-response-109h-xl-mfs-bba70\/","title":{"rendered":"255\/50R20 DUNLOP SPORT RESPONSE 109H XL MFS BBA70"},"content":{"rendered":"<p>Tutvuge DUNLOP SPORT RESPONSE 255\/50R20 rehvi transformatiivsete omadustega, mis on loodud, et pakkuda teile parimat s\u00f5idukogemust! Tootenumber 109H XL MFS BBA70 toob teieni erakordse k\u00fctuseefektiivsuse hindega B, mis aitab v\u00e4hendada k\u00fctusekulu, samal ajal kui tugev konstruktsioon tagab usaldusv\u00e4\u00e4rse koormuse talumise (109).<\/p>\n<p>Rehvi laius on muljetavaldav 255 mm, samas kui asendusuhteline suhe 50% ja 20-tollise diameetri korral saad sa t\u00e4iusliku tasakaalu stabiilsuse ja man\u00f6\u00f6verdusv\u00f5ime vahel. Madal m\u00fcra klass A ja 70 dB m\u00fcra tase tagavad vaikse s\u00f5idukogemuse, muutes iga s\u00f5idu meeldivaks ja rahulikuks.<\/p>\n<p>DUNLOP SPORT RESPONSE rehvid on radiaalsed, mis t\u00f5hustavad veoj\u00f5udu ja juhitavust igas s\u00f5idutingimuses. Kiirusindeks H v\u00f5imaldab ohutult liikuda kiirusel kuni 210 km\/h, sobides ideaalselt sportlike s\u00f5idugruppide jaoks.<\/p>\n<p>Valige DUNLOP SPORT RESPONSE rehvid ja kogege erakordset d\u00fcnaamikat ja mugavust teel!<\/p>","protected":false},"excerpt":{"rendered":"<p>Tutvuge DUNLOP SPORT RESPONSE 255\/50R20 rehvi transformatiivsete omadustega, mis on loodud, et pakkuda teile parimat s\u00f5idukogemust! Tootenumber 109H XL MFS BBA70 toob teieni erakordse k\u00fctuseefektiivsuse hindega B, mis aitab v\u00e4hendada k\u00fctusekulu, samal ajal kui tugev konstruktsioon tagab usaldusv\u00e4\u00e4rse koormuse talumise (109). Rehvi laius on muljetavaldav 255 mm, samas kui asendusuhteline suhe 50% ja 20-tollise diameetri [&hellip;]<\/p>\n","protected":false},"featured_media":0,"template":"","meta":{"site-sidebar-layout":"default","site-content-layout":"","ast-site-content-layout":"","site-content-style":"default","site-sidebar-style":"default","ast-global-header-display":"","ast-banner-title-visibility":"","ast-main-header-display":"","ast-hfb-above-header-display":"","ast-hfb-below-header-display":"","ast-hfb-mobile-header-display":"","site-post-title":"","ast-breadcrumbs-content":"","ast-featured-img":"","footer-sml-layout":"","theme-transparent-header-meta":"","adv-header-id-meta":"","stick-header-meta":"","header-above-stick-meta":"","header-main-stick-meta":"","header-below-stick-meta":"","astra-migrate-meta-layouts":"default","ast-page-background-enabled":"default","ast-page-background-meta":{"desktop":{"background-color":"","background-image":"","background-repeat":"repeat","background-position":"center center","background-size":"auto","background-attachment":"scroll","background-type":"","background-media":"","overlay-type":"","overlay-color":"","overlay-opacity":"","overlay-gradient":""},"tablet":{"background-color":"","background-image":"","background-repeat":"repeat","background-position":"center center","background-size":"auto","background-attachment":"scroll","background-type":"","background-media":"","overlay-type":"","overlay-color":"","overlay-opacity":"","overlay-gradient":""},"mobile":{"background-color":"","background-image":"","background-repeat":"repeat","background-position":"center center","background-size":"auto","background-attachment":"scroll","background-type":"","background-media":"","overlay-type":"","overlay-color":"","overlay-opacity":"","overlay-gradient":""}},"ast-content-background-meta":{"desktop":{"background-color":"var(--ast-global-color-5)","background-image":"","background-repeat":"repeat","background-position":"center center","background-size":"auto","background-attachment":"scroll","background-type":"","background-media":"","overlay-type":"","overlay-color":"","overlay-opacity":"","overlay-gradient":""},"tablet":{"background-color":"var(--ast-global-color-5)","background-image":"","background-repeat":"repeat","background-position":"center center","background-size":"auto","background-attachment":"scroll","background-type":"","background-media":"","overlay-type":"","overlay-color":"","overlay-opacity":"","overlay-gradient":""},"mobile":{"background-color":"var(--ast-global-color-5)","background-image":"","background-repeat":"repeat","background-position":"center center","background-size":"auto","background-attachment":"scroll","background-type":"","background-media":"","overlay-type":"","overlay-color":"","overlay-opacity":"","overlay-gradient":""}}},"product_brand":[],"product_cat":[30108],"product_tag":[],"pa_brand_name":[18236],"class_list":{"0":"post-105451","1":"product","2":"type-product","3":"status-publish","5":"product_cat-summer-tires-pv-2","6":"pa_brand_name-dunlop","7":"desktop-align-left","8":"tablet-align-left","9":"mobile-align-left","11":"first","12":"outofstock","13":"taxable","14":"shipping-taxable","15":"purchasable","16":"product-type-simple"},"_links":{"self":[{"href":"https:\/\/shop.rettum.ee\/en\/wp-json\/wp\/v2\/product\/105451","targetHints":{"allow":["GET"]}}],"collection":[{"href":"https:\/\/shop.rettum.ee\/en\/wp-json\/wp\/v2\/product"}],"about":[{"href":"https:\/\/shop.rettum.ee\/en\/wp-json\/wp\/v2\/types\/product"}],"version-history":[{"count":0,"href":"https:\/\/shop.rettum.ee\/en\/wp-json\/wp\/v2\/product\/105451\/revisions"}],"wp:attachment":[{"href":"https:\/\/shop.rettum.ee\/en\/wp-json\/wp\/v2\/media?parent=105451"}],"wp:term":[{"taxonomy":"product_brand","embeddable":true,"href":"https:\/\/shop.rettum.ee\/en\/wp-json\/wp\/v2\/product_brand?post=105451"},{"taxonomy":"product_cat","embeddable":true,"href":"https:\/\/shop.rettum.ee\/en\/wp-json\/wp\/v2\/product_cat?post=105451"},{"taxonomy":"product_tag","embeddable":true,"href":"https:\/\/shop.rettum.ee\/en\/wp-json\/wp\/v2\/product_tag?post=105451"},{"taxonomy":"pa_brand_name","embeddable":true,"href":"https:\/\/shop.rettum.ee\/en\/wp-json\/wp\/v2\/pa_brand_name?post=105451"}],"curies":[{"name":"wp","href":"https:\/\/api.w.org\/{rel}","templated":true}]}}