{"id":105454,"date":"2025-01-07T18:54:31","date_gmt":"2025-01-07T16:54:31","guid":{"rendered":"https:\/\/shop.rettum.ee\/toode\/255-45r21-goodyear-eagle-f1-asymmetric-3-suv-106v-xl-fp-bba70\/"},"modified":"2025-12-31T02:45:33","modified_gmt":"2025-12-31T00:45:33","slug":"255-45r21-goodyear-eagle-f1-asymmetric-3-suv-106v-xl-fp-bba70","status":"publish","type":"product","link":"https:\/\/shop.rettum.ee\/en\/product\/255-45r21-goodyear-eagle-f1-asymmetric-3-suv-106v-xl-fp-bba70\/","title":{"rendered":"255\/45R21 GOODYEAR EAGLE F1 ASYMMETRIC 3 SUV 106V XL FP BBA70"},"content":{"rendered":"<p>**Goodyear Eagle F1 Asymmetric 3 SUV 255\/45R21 &#8211; Suur t\u00e4ht sinu s\u00f5iduelamuses!**<\/p>\n<p>Tutvustame teile Goodyeari uusimat innovatsiooni, Eagle F1 Asymmetric 3 SUV rehvi. Selle rehvi m\u00f5\u00f5dud, 255\/45R21, pakuvad ideaalset tasakaalu j\u00f5udluse ja mugavuse vahel, muutes iga s\u00f5idu naudinguks. <\/p>\n<p>Eagle F1 Asymmetric 3 on loodud, et tagada suurep\u00e4rane haare ja stabiilsus erinevates teeoludes, t\u00e4nu oma as\u00fcmmeetrilisele mustrile. Rehvil on k\u00f5rge k\u00fctuseefektiivsuse klass B, mis mitte ainult ei s\u00e4\u00e4sta raha k\u00fctusel, vaid aitab ka keskkonda, v\u00e4hendades CO2 heitmeid. <\/p>\n<p>Rehvi madal m\u00fcra klass A ja m\u00fcratase 70 dB tagavad, et teie s\u00f5idud on vaiksed ja mugavad. Koormusindeks 106 ja kiirusklass V (kuni 240 km\/h) t\u00e4hendab, et see rehv sobib ideaalselt suurte SUV-de ja maasturite jaoks, olles samas piisavalt tugev ja vastupidav. <\/p>\n<p>Valige Goodyear Eagle F1 Asymmetric 3 \u2013 teie auto v\u00e4\u00e4rib parimat!<\/p>","protected":false},"excerpt":{"rendered":"<p>**Goodyear Eagle F1 Asymmetric 3 SUV 255\/45R21 &#8211; Suur t\u00e4ht sinu s\u00f5iduelamuses!** Tutvustame teile Goodyeari uusimat innovatsiooni, Eagle F1 Asymmetric 3 SUV rehvi. Selle rehvi m\u00f5\u00f5dud, 255\/45R21, pakuvad ideaalset tasakaalu j\u00f5udluse ja mugavuse vahel, muutes iga s\u00f5idu naudinguks. Eagle F1 Asymmetric 3 on loodud, et tagada suurep\u00e4rane haare ja stabiilsus erinevates teeoludes, t\u00e4nu oma as\u00fcmmeetrilisele [&hellip;]<\/p>\n","protected":false},"featured_media":123282,"template":"","meta":{"site-sidebar-layout":"default","site-content-layout":"","ast-site-content-layout":"","site-content-style":"default","site-sidebar-style":"default","ast-global-header-display":"","ast-banner-title-visibility":"","ast-main-header-display":"","ast-hfb-above-header-display":"","ast-hfb-below-header-display":"","ast-hfb-mobile-header-display":"","site-post-title":"","ast-breadcrumbs-content":"","ast-featured-img":"","footer-sml-layout":"","theme-transparent-header-meta":"","adv-header-id-meta":"","stick-header-meta":"","header-above-stick-meta":"","header-main-stick-meta":"","header-below-stick-meta":"","astra-migrate-meta-layouts":"default","ast-page-background-enabled":"default","ast-page-background-meta":{"desktop":{"background-color":"","background-image":"","background-repeat":"repeat","background-position":"center center","background-size":"auto","background-attachment":"scroll","background-type":"","background-media":"","overlay-type":"","overlay-color":"","overlay-opacity":"","overlay-gradient":""},"tablet":{"background-color":"","background-image":"","background-repeat":"repeat","background-position":"center center","background-size":"auto","background-attachment":"scroll","background-type":"","background-media":"","overlay-type":"","overlay-color":"","overlay-opacity":"","overlay-gradient":""},"mobile":{"background-color":"","background-image":"","background-repeat":"repeat","background-position":"center center","background-size":"auto","background-attachment":"scroll","background-type":"","background-media":"","overlay-type":"","overlay-color":"","overlay-opacity":"","overlay-gradient":""}},"ast-content-background-meta":{"desktop":{"background-color":"var(--ast-global-color-5)","background-image":"","background-repeat":"repeat","background-position":"center center","background-size":"auto","background-attachment":"scroll","background-type":"","background-media":"","overlay-type":"","overlay-color":"","overlay-opacity":"","overlay-gradient":""},"tablet":{"background-color":"var(--ast-global-color-5)","background-image":"","background-repeat":"repeat","background-position":"center center","background-size":"auto","background-attachment":"scroll","background-type":"","background-media":"","overlay-type":"","overlay-color":"","overlay-opacity":"","overlay-gradient":""},"mobile":{"background-color":"var(--ast-global-color-5)","background-image":"","background-repeat":"repeat","background-position":"center center","background-size":"auto","background-attachment":"scroll","background-type":"","background-media":"","overlay-type":"","overlay-color":"","overlay-opacity":"","overlay-gradient":""}}},"product_brand":[],"product_cat":[30108],"product_tag":[],"pa_brand_name":[17979],"class_list":{"0":"post-105454","1":"product","2":"type-product","3":"status-publish","4":"has-post-thumbnail","6":"product_cat-summer-tires-pv-2","7":"pa_brand_name-goodyear","8":"desktop-align-left","9":"tablet-align-left","10":"mobile-align-left","12":"first","13":"outofstock","14":"taxable","15":"shipping-taxable","16":"purchasable","17":"product-type-simple"},"_links":{"self":[{"href":"https:\/\/shop.rettum.ee\/en\/wp-json\/wp\/v2\/product\/105454","targetHints":{"allow":["GET"]}}],"collection":[{"href":"https:\/\/shop.rettum.ee\/en\/wp-json\/wp\/v2\/product"}],"about":[{"href":"https:\/\/shop.rettum.ee\/en\/wp-json\/wp\/v2\/types\/product"}],"version-history":[{"count":0,"href":"https:\/\/shop.rettum.ee\/en\/wp-json\/wp\/v2\/product\/105454\/revisions"}],"wp:featuredmedia":[{"embeddable":true,"href":"https:\/\/shop.rettum.ee\/en\/wp-json\/wp\/v2\/media\/123282"}],"wp:attachment":[{"href":"https:\/\/shop.rettum.ee\/en\/wp-json\/wp\/v2\/media?parent=105454"}],"wp:term":[{"taxonomy":"product_brand","embeddable":true,"href":"https:\/\/shop.rettum.ee\/en\/wp-json\/wp\/v2\/product_brand?post=105454"},{"taxonomy":"product_cat","embeddable":true,"href":"https:\/\/shop.rettum.ee\/en\/wp-json\/wp\/v2\/product_cat?post=105454"},{"taxonomy":"product_tag","embeddable":true,"href":"https:\/\/shop.rettum.ee\/en\/wp-json\/wp\/v2\/product_tag?post=105454"},{"taxonomy":"pa_brand_name","embeddable":true,"href":"https:\/\/shop.rettum.ee\/en\/wp-json\/wp\/v2\/pa_brand_name?post=105454"}],"curies":[{"name":"wp","href":"https:\/\/api.w.org\/{rel}","templated":true}]}}