{"id":105462,"date":"2025-01-07T18:55:15","date_gmt":"2025-01-07T16:55:15","guid":{"rendered":"https:\/\/shop.rettum.ee\/toode\/205-65r15c-dunlop-econodrive-lt-102-100t-cbb72\/"},"modified":"2025-12-17T02:46:04","modified_gmt":"2025-12-17T00:46:04","slug":"205-65r15c-dunlop-econodrive-lt-102-100t-cbb72","status":"publish","type":"product","link":"https:\/\/shop.rettum.ee\/en\/product\/205-65r15c-dunlop-econodrive-lt-102-100t-cbb72\/","title":{"rendered":"205\/65R15C DUNLOP ECONODRIVE LT 102\/100T CBB72"},"content":{"rendered":"<p>Tutvuge Dunlop EconoDrive LT rehvidega \u2013 t\u00f5husa lahendusega, mis seob k\u00f5rge kvaliteedi ja ranges spetsiifikas vastupidavuse. Rehvi 205\/65R15C m\u00f5\u00f5tmed ja optimaalne laius pakuvad parimat s\u00f5idumugavust ning stabiilsust erinevates teeoludes.<\/p>\n<p>Dunlop EconoDrive LT rehvi k\u00fctuseefektiivsuse klass on C, mis aitab teil s\u00e4\u00e4sta k\u00fctust ning v\u00e4hendab teie s\u00fcsiniku jalaj\u00e4lge. Rehvi koormusindeks 102\/100 tagab usaldusv\u00e4\u00e4rsuse ka raskemate koormate all. T\u00f5hus ja madala m\u00fcratasemega s\u00f5itmine on v\u00f5imalik t\u00e4nu B m\u00fcraklassile, mille m\u00fcrav\u00e4\u00e4rtus on vaid 72 dB.<\/p>\n<p>Rehvi radiaalne konstruktsioon ja T kiiruskood lubavad turvalist ja sujuvat s\u00f5itmist kiirusel kuni 190 km\/h. Kaaludes vaid 11.90 kg, on see rehvi ideaalne valik nii kaubikutele kui ka v\u00e4ikestele bussidele, kes vajavad pidevat usaldusv\u00e4\u00e4rsust ja pikaajalist hulka.<\/p>\n<p>Valige Dunlop EconoDrive LT ja kogege s\u00f5idumugavust, mille tagavad kvaliteet ja innovatsioon. S\u00f5udke pehme ja stabiilse reisiga, s\u00f5ltumata teeoludest!<\/p>","protected":false},"excerpt":{"rendered":"<p>Tutvuge Dunlop EconoDrive LT rehvidega \u2013 t\u00f5husa lahendusega, mis seob k\u00f5rge kvaliteedi ja ranges spetsiifikas vastupidavuse. Rehvi 205\/65R15C m\u00f5\u00f5tmed ja optimaalne laius pakuvad parimat s\u00f5idumugavust ning stabiilsust erinevates teeoludes. Dunlop EconoDrive LT rehvi k\u00fctuseefektiivsuse klass on C, mis aitab teil s\u00e4\u00e4sta k\u00fctust ning v\u00e4hendab teie s\u00fcsiniku jalaj\u00e4lge. Rehvi koormusindeks 102\/100 tagab usaldusv\u00e4\u00e4rsuse ka raskemate koormate [&hellip;]<\/p>\n","protected":false},"featured_media":0,"template":"","meta":{"site-sidebar-layout":"default","site-content-layout":"","ast-site-content-layout":"","site-content-style":"default","site-sidebar-style":"default","ast-global-header-display":"","ast-banner-title-visibility":"","ast-main-header-display":"","ast-hfb-above-header-display":"","ast-hfb-below-header-display":"","ast-hfb-mobile-header-display":"","site-post-title":"","ast-breadcrumbs-content":"","ast-featured-img":"","footer-sml-layout":"","theme-transparent-header-meta":"","adv-header-id-meta":"","stick-header-meta":"","header-above-stick-meta":"","header-main-stick-meta":"","header-below-stick-meta":"","astra-migrate-meta-layouts":"default","ast-page-background-enabled":"default","ast-page-background-meta":{"desktop":{"background-color":"","background-image":"","background-repeat":"repeat","background-position":"center center","background-size":"auto","background-attachment":"scroll","background-type":"","background-media":"","overlay-type":"","overlay-color":"","overlay-opacity":"","overlay-gradient":""},"tablet":{"background-color":"","background-image":"","background-repeat":"repeat","background-position":"center center","background-size":"auto","background-attachment":"scroll","background-type":"","background-media":"","overlay-type":"","overlay-color":"","overlay-opacity":"","overlay-gradient":""},"mobile":{"background-color":"","background-image":"","background-repeat":"repeat","background-position":"center center","background-size":"auto","background-attachment":"scroll","background-type":"","background-media":"","overlay-type":"","overlay-color":"","overlay-opacity":"","overlay-gradient":""}},"ast-content-background-meta":{"desktop":{"background-color":"var(--ast-global-color-5)","background-image":"","background-repeat":"repeat","background-position":"center center","background-size":"auto","background-attachment":"scroll","background-type":"","background-media":"","overlay-type":"","overlay-color":"","overlay-opacity":"","overlay-gradient":""},"tablet":{"background-color":"var(--ast-global-color-5)","background-image":"","background-repeat":"repeat","background-position":"center center","background-size":"auto","background-attachment":"scroll","background-type":"","background-media":"","overlay-type":"","overlay-color":"","overlay-opacity":"","overlay-gradient":""},"mobile":{"background-color":"var(--ast-global-color-5)","background-image":"","background-repeat":"repeat","background-position":"center center","background-size":"auto","background-attachment":"scroll","background-type":"","background-media":"","overlay-type":"","overlay-color":"","overlay-opacity":"","overlay-gradient":""}}},"product_brand":[],"product_cat":[30109],"product_tag":[],"pa_brand_name":[18236],"class_list":{"0":"post-105462","1":"product","2":"type-product","3":"status-publish","5":"product_cat-summer-light-truck-2","6":"pa_brand_name-dunlop","7":"desktop-align-left","8":"tablet-align-left","9":"mobile-align-left","11":"first","12":"outofstock","13":"taxable","14":"shipping-taxable","15":"purchasable","16":"product-type-simple"},"_links":{"self":[{"href":"https:\/\/shop.rettum.ee\/en\/wp-json\/wp\/v2\/product\/105462","targetHints":{"allow":["GET"]}}],"collection":[{"href":"https:\/\/shop.rettum.ee\/en\/wp-json\/wp\/v2\/product"}],"about":[{"href":"https:\/\/shop.rettum.ee\/en\/wp-json\/wp\/v2\/types\/product"}],"version-history":[{"count":0,"href":"https:\/\/shop.rettum.ee\/en\/wp-json\/wp\/v2\/product\/105462\/revisions"}],"wp:attachment":[{"href":"https:\/\/shop.rettum.ee\/en\/wp-json\/wp\/v2\/media?parent=105462"}],"wp:term":[{"taxonomy":"product_brand","embeddable":true,"href":"https:\/\/shop.rettum.ee\/en\/wp-json\/wp\/v2\/product_brand?post=105462"},{"taxonomy":"product_cat","embeddable":true,"href":"https:\/\/shop.rettum.ee\/en\/wp-json\/wp\/v2\/product_cat?post=105462"},{"taxonomy":"product_tag","embeddable":true,"href":"https:\/\/shop.rettum.ee\/en\/wp-json\/wp\/v2\/product_tag?post=105462"},{"taxonomy":"pa_brand_name","embeddable":true,"href":"https:\/\/shop.rettum.ee\/en\/wp-json\/wp\/v2\/pa_brand_name?post=105462"}],"curies":[{"name":"wp","href":"https:\/\/api.w.org\/{rel}","templated":true}]}}