{"id":105463,"date":"2025-01-07T18:55:17","date_gmt":"2025-01-07T16:55:17","guid":{"rendered":"https:\/\/shop.rettum.ee\/toode\/215-65r16c-goodyear-efficientgrip-cargo-2-106-104h-aab71\/"},"modified":"2026-03-22T03:06:24","modified_gmt":"2026-03-22T01:06:24","slug":"215-65r16c-goodyear-efficientgrip-cargo-2-106-104h-aab71","status":"publish","type":"product","link":"https:\/\/shop.rettum.ee\/en\/product\/215-65r16c-goodyear-efficientgrip-cargo-2-106-104h-aab71\/","title":{"rendered":"215\/65R16C GOODYEAR EFFICIENTGRIP CARGO 2 106\/104H AAB71"},"content":{"rendered":"<p>**Tootenimi: 215\/65R16C GOODYEAR EFFICIENTGRIP CARGO 2 106\/104H AAB71**<\/p>\n<p>GOODYEAR EFFICIENTGRIP CARGO 2 rehvid on ideaalne valik kaubikutele ja muudele rendiautodele, mis vajavad usaldusv\u00e4\u00e4rset ja efektiivset s\u00f5itmist. Rehvi laius on 215 mm ning diameeter 16 tolli, mis tagab suurep\u00e4rase stabiilsuse ja juhitavuse erinevates teeoludes.<\/p>\n<p>Need rehvid omavad 65% aspektisuhet, tagades tasakaalustatud s\u00f5idukogemuse. GOODYEAR EFFICIENTGRIP CARGO 2 rehvid on klassifitseeritud A-k\u00fctuseefektiivsuse j\u00e4rgi, mis aitab s\u00e4\u00e4sta k\u00fctust ja v\u00e4hendada keskkonnam\u00f5jusid. Laadimisindeks 106\/104 t\u00e4hendab, et need rehvid saavad hakkama ka raskemate lastega.<\/p>\n<p>Mugavuse ja rahu tagab madal m\u00fcraklass (B), mille m\u00fcra v\u00e4\u00e4rtus on 71 dB. Lisaks on rehvid varustatud radiaalt\u00fc\u00fcbi ja H kiirusindeksiga, mis v\u00f5imaldab liikuda kiirusel kuni 210 km\/h. GOODYEAR EFFICIENTGRIP CARGO 2 on usaldusv\u00e4\u00e4rne valik, mis \u00fchendab kvaliteedi, efektiivsuse ja mugavuse. Investeerige rehvidesse, mis teevad iga s\u00f5idu m\u00f5nuseks!<\/p>","protected":false},"excerpt":{"rendered":"<p>**Tootenimi: 215\/65R16C GOODYEAR EFFICIENTGRIP CARGO 2 106\/104H AAB71** GOODYEAR EFFICIENTGRIP CARGO 2 rehvid on ideaalne valik kaubikutele ja muudele rendiautodele, mis vajavad usaldusv\u00e4\u00e4rset ja efektiivset s\u00f5itmist. Rehvi laius on 215 mm ning diameeter 16 tolli, mis tagab suurep\u00e4rase stabiilsuse ja juhitavuse erinevates teeoludes. Need rehvid omavad 65% aspektisuhet, tagades tasakaalustatud s\u00f5idukogemuse. GOODYEAR EFFICIENTGRIP CARGO 2 [&hellip;]<\/p>\n","protected":false},"featured_media":122070,"template":"","meta":{"site-sidebar-layout":"default","site-content-layout":"","ast-site-content-layout":"","site-content-style":"default","site-sidebar-style":"default","ast-global-header-display":"","ast-banner-title-visibility":"","ast-main-header-display":"","ast-hfb-above-header-display":"","ast-hfb-below-header-display":"","ast-hfb-mobile-header-display":"","site-post-title":"","ast-breadcrumbs-content":"","ast-featured-img":"","footer-sml-layout":"","theme-transparent-header-meta":"","adv-header-id-meta":"","stick-header-meta":"","header-above-stick-meta":"","header-main-stick-meta":"","header-below-stick-meta":"","astra-migrate-meta-layouts":"default","ast-page-background-enabled":"default","ast-page-background-meta":{"desktop":{"background-color":"","background-image":"","background-repeat":"repeat","background-position":"center center","background-size":"auto","background-attachment":"scroll","background-type":"","background-media":"","overlay-type":"","overlay-color":"","overlay-opacity":"","overlay-gradient":""},"tablet":{"background-color":"","background-image":"","background-repeat":"repeat","background-position":"center center","background-size":"auto","background-attachment":"scroll","background-type":"","background-media":"","overlay-type":"","overlay-color":"","overlay-opacity":"","overlay-gradient":""},"mobile":{"background-color":"","background-image":"","background-repeat":"repeat","background-position":"center center","background-size":"auto","background-attachment":"scroll","background-type":"","background-media":"","overlay-type":"","overlay-color":"","overlay-opacity":"","overlay-gradient":""}},"ast-content-background-meta":{"desktop":{"background-color":"var(--ast-global-color-5)","background-image":"","background-repeat":"repeat","background-position":"center center","background-size":"auto","background-attachment":"scroll","background-type":"","background-media":"","overlay-type":"","overlay-color":"","overlay-opacity":"","overlay-gradient":""},"tablet":{"background-color":"var(--ast-global-color-5)","background-image":"","background-repeat":"repeat","background-position":"center center","background-size":"auto","background-attachment":"scroll","background-type":"","background-media":"","overlay-type":"","overlay-color":"","overlay-opacity":"","overlay-gradient":""},"mobile":{"background-color":"var(--ast-global-color-5)","background-image":"","background-repeat":"repeat","background-position":"center center","background-size":"auto","background-attachment":"scroll","background-type":"","background-media":"","overlay-type":"","overlay-color":"","overlay-opacity":"","overlay-gradient":""}}},"product_brand":[],"product_cat":[30109],"product_tag":[],"pa_brand_name":[17979],"class_list":{"0":"post-105463","1":"product","2":"type-product","3":"status-publish","4":"has-post-thumbnail","6":"product_cat-summer-light-truck-2","7":"pa_brand_name-goodyear","8":"desktop-align-left","9":"tablet-align-left","10":"mobile-align-left","12":"first","13":"outofstock","14":"taxable","15":"shipping-taxable","16":"purchasable","17":"product-type-simple"},"_links":{"self":[{"href":"https:\/\/shop.rettum.ee\/en\/wp-json\/wp\/v2\/product\/105463","targetHints":{"allow":["GET"]}}],"collection":[{"href":"https:\/\/shop.rettum.ee\/en\/wp-json\/wp\/v2\/product"}],"about":[{"href":"https:\/\/shop.rettum.ee\/en\/wp-json\/wp\/v2\/types\/product"}],"version-history":[{"count":0,"href":"https:\/\/shop.rettum.ee\/en\/wp-json\/wp\/v2\/product\/105463\/revisions"}],"wp:featuredmedia":[{"embeddable":true,"href":"https:\/\/shop.rettum.ee\/en\/wp-json\/wp\/v2\/media\/122070"}],"wp:attachment":[{"href":"https:\/\/shop.rettum.ee\/en\/wp-json\/wp\/v2\/media?parent=105463"}],"wp:term":[{"taxonomy":"product_brand","embeddable":true,"href":"https:\/\/shop.rettum.ee\/en\/wp-json\/wp\/v2\/product_brand?post=105463"},{"taxonomy":"product_cat","embeddable":true,"href":"https:\/\/shop.rettum.ee\/en\/wp-json\/wp\/v2\/product_cat?post=105463"},{"taxonomy":"product_tag","embeddable":true,"href":"https:\/\/shop.rettum.ee\/en\/wp-json\/wp\/v2\/product_tag?post=105463"},{"taxonomy":"pa_brand_name","embeddable":true,"href":"https:\/\/shop.rettum.ee\/en\/wp-json\/wp\/v2\/pa_brand_name?post=105463"}],"curies":[{"name":"wp","href":"https:\/\/api.w.org\/{rel}","templated":true}]}}