{"id":105464,"date":"2025-01-07T18:55:19","date_gmt":"2025-01-07T16:55:19","guid":{"rendered":"https:\/\/shop.rettum.ee\/toode\/165-70r14-dunlop-sport-81t-dbb70\/"},"modified":"2025-12-02T02:45:52","modified_gmt":"2025-12-02T00:45:52","slug":"165-70r14-dunlop-sport-81t-dbb70","status":"publish","type":"product","link":"https:\/\/shop.rettum.ee\/en\/product\/165-70r14-dunlop-sport-81t-dbb70\/","title":{"rendered":"165\/70R14 DUNLOP SPORT 81T DBB70"},"content":{"rendered":"<p>Avastage DUNLOP SPORT 81T DBB70 rehvide maailm, mis pakuvad t\u00e4iuslikku tasakaalu mugavuse, ohutuse ja j\u00f5udluse vahel. Need 165\/70R14 rehvid on ideaalne valik neile, kes v\u00e4\u00e4rtustavad kvaliteeti ja usaldusv\u00e4\u00e4rsust. <\/p>\n<p>Rehvide aspect suhe 70% tagab suurep\u00e4rase stabiilsuse ja man\u00f6\u00f6verdusv\u00f5ime erinevates liiklustingimustes. DUNLOP on tuntud oma innovaatiliste lahenduste poolest, seega v\u00f5ite olla kindel, et need rehvid tagavad hea k\u00fctusekasutuse efektiivsuse D klassiga. Koormusindeks 81 teeb need rehvid sobivaks, et taluda erinevaid s\u00f5idutingimusi, samas on nende helitaseme klass B ja 70 dB v\u00e4\u00e4rtus garanteerib vaikse s\u00f5idunaudingu.<\/p>\n<p>Rehvid on radiaalsete omadustega, mis suurendavad v\u00e4liskliimat ja pikendavad rehvi eluiga. DUNLOP SPORT 81T DBB70 on loodud neile, kes otsivad kindlat ja mugavat s\u00f5idukogemust, olgu need teed maanteel v\u00f5i linnaliikluses. Kogege s\u00f5idunaudingut, millele saate alati loota.<\/p>","protected":false},"excerpt":{"rendered":"<p>Avastage DUNLOP SPORT 81T DBB70 rehvide maailm, mis pakuvad t\u00e4iuslikku tasakaalu mugavuse, ohutuse ja j\u00f5udluse vahel. Need 165\/70R14 rehvid on ideaalne valik neile, kes v\u00e4\u00e4rtustavad kvaliteeti ja usaldusv\u00e4\u00e4rsust. Rehvide aspect suhe 70% tagab suurep\u00e4rase stabiilsuse ja man\u00f6\u00f6verdusv\u00f5ime erinevates liiklustingimustes. DUNLOP on tuntud oma innovaatiliste lahenduste poolest, seega v\u00f5ite olla kindel, et need rehvid tagavad hea [&hellip;]<\/p>\n","protected":false},"featured_media":0,"template":"","meta":{"site-sidebar-layout":"default","site-content-layout":"","ast-site-content-layout":"","site-content-style":"default","site-sidebar-style":"default","ast-global-header-display":"","ast-banner-title-visibility":"","ast-main-header-display":"","ast-hfb-above-header-display":"","ast-hfb-below-header-display":"","ast-hfb-mobile-header-display":"","site-post-title":"","ast-breadcrumbs-content":"","ast-featured-img":"","footer-sml-layout":"","theme-transparent-header-meta":"","adv-header-id-meta":"","stick-header-meta":"","header-above-stick-meta":"","header-main-stick-meta":"","header-below-stick-meta":"","astra-migrate-meta-layouts":"default","ast-page-background-enabled":"default","ast-page-background-meta":{"desktop":{"background-color":"","background-image":"","background-repeat":"repeat","background-position":"center center","background-size":"auto","background-attachment":"scroll","background-type":"","background-media":"","overlay-type":"","overlay-color":"","overlay-opacity":"","overlay-gradient":""},"tablet":{"background-color":"","background-image":"","background-repeat":"repeat","background-position":"center center","background-size":"auto","background-attachment":"scroll","background-type":"","background-media":"","overlay-type":"","overlay-color":"","overlay-opacity":"","overlay-gradient":""},"mobile":{"background-color":"","background-image":"","background-repeat":"repeat","background-position":"center center","background-size":"auto","background-attachment":"scroll","background-type":"","background-media":"","overlay-type":"","overlay-color":"","overlay-opacity":"","overlay-gradient":""}},"ast-content-background-meta":{"desktop":{"background-color":"var(--ast-global-color-5)","background-image":"","background-repeat":"repeat","background-position":"center center","background-size":"auto","background-attachment":"scroll","background-type":"","background-media":"","overlay-type":"","overlay-color":"","overlay-opacity":"","overlay-gradient":""},"tablet":{"background-color":"var(--ast-global-color-5)","background-image":"","background-repeat":"repeat","background-position":"center center","background-size":"auto","background-attachment":"scroll","background-type":"","background-media":"","overlay-type":"","overlay-color":"","overlay-opacity":"","overlay-gradient":""},"mobile":{"background-color":"var(--ast-global-color-5)","background-image":"","background-repeat":"repeat","background-position":"center center","background-size":"auto","background-attachment":"scroll","background-type":"","background-media":"","overlay-type":"","overlay-color":"","overlay-opacity":"","overlay-gradient":""}}},"product_brand":[],"product_cat":[30108],"product_tag":[],"pa_brand_name":[18236],"class_list":{"0":"post-105464","1":"product","2":"type-product","3":"status-publish","5":"product_cat-summer-tires-pv-2","6":"pa_brand_name-dunlop","7":"desktop-align-left","8":"tablet-align-left","9":"mobile-align-left","11":"first","12":"outofstock","13":"taxable","14":"shipping-taxable","15":"purchasable","16":"product-type-simple"},"_links":{"self":[{"href":"https:\/\/shop.rettum.ee\/en\/wp-json\/wp\/v2\/product\/105464","targetHints":{"allow":["GET"]}}],"collection":[{"href":"https:\/\/shop.rettum.ee\/en\/wp-json\/wp\/v2\/product"}],"about":[{"href":"https:\/\/shop.rettum.ee\/en\/wp-json\/wp\/v2\/types\/product"}],"version-history":[{"count":0,"href":"https:\/\/shop.rettum.ee\/en\/wp-json\/wp\/v2\/product\/105464\/revisions"}],"wp:attachment":[{"href":"https:\/\/shop.rettum.ee\/en\/wp-json\/wp\/v2\/media?parent=105464"}],"wp:term":[{"taxonomy":"product_brand","embeddable":true,"href":"https:\/\/shop.rettum.ee\/en\/wp-json\/wp\/v2\/product_brand?post=105464"},{"taxonomy":"product_cat","embeddable":true,"href":"https:\/\/shop.rettum.ee\/en\/wp-json\/wp\/v2\/product_cat?post=105464"},{"taxonomy":"product_tag","embeddable":true,"href":"https:\/\/shop.rettum.ee\/en\/wp-json\/wp\/v2\/product_tag?post=105464"},{"taxonomy":"pa_brand_name","embeddable":true,"href":"https:\/\/shop.rettum.ee\/en\/wp-json\/wp\/v2\/pa_brand_name?post=105464"}],"curies":[{"name":"wp","href":"https:\/\/api.w.org\/{rel}","templated":true}]}}