{"id":105487,"date":"2025-01-07T18:56:22","date_gmt":"2025-01-07T16:56:22","guid":{"rendered":"https:\/\/shop.rettum.ee\/toode\/225-45r17-michelin-primacy-5-94w-xl-rp-bab70\/"},"modified":"2026-03-11T02:45:28","modified_gmt":"2026-03-11T00:45:28","slug":"225-45r17-michelin-primacy-5-94w-xl-rp-bab70","status":"publish","type":"product","link":"https:\/\/shop.rettum.ee\/en\/product\/225-45r17-michelin-primacy-5-94w-xl-rp-bab70\/","title":{"rendered":"225\/45R17 MICHELIN PRIMACY 5 94W XL RP BAB70"},"content":{"rendered":"<p>Avasta Michelin Primacy 5 rehvi tipptase \u2013 225\/45R17 MICHELIN PRIMACY 5 94W XL RP BAB70. See rehv, mille laius on 225 mm ja diameeter 17 tolli, on loodud pakkuma suurep\u00e4rast haardumist ja stabiilsust igal teemamul. M\u00e4rgistatud XL, vastupidav koormusindeks 94 ja kiirusindeks W tagavad, et see rehv suudab toime tulla ka n\u00f5udlike s\u00f5iduoludega, pakkudes k\u00f5rgetasemelist turvalisust ning t\u00f6\u00f6kindlust.<\/p>\n<p>Michelin on tuntud oma tipptasemel tehnoloogia ja uuenduslike lahenduste poolest, ning Primacy 5 ei ole erand. Rehvi radiaalse konstruktsiooni ja ideaalselt optimeeritud 45-protsendilise k\u00fclgpinna suhe parandavad k\u00fctuses\u00e4\u00e4stlikkust, millel on hinnang B, ning annavad s\u00f5idule sujuvuse ja stabiilsuse. Lisaks aitab m\u00fcratase klass B ja 70 desibelli m\u00fcra v\u00e4\u00e4rtus s\u00f5itjaelamust veelgi t\u00e4iustada, v\u00e4hendades liikluse melu ja muutes pikad s\u00f5idud mugavamaks.<\/p>\n<p>See rehv on ideaalne valik neile, kes hindavad kvaliteeti, ohutust ja energias\u00e4\u00e4stlikkust. Usaldage Michelinit ja nautige meisterlikult ehitatud tehnoloogiat igal teekonnal!<\/p>","protected":false},"excerpt":{"rendered":"<p>Avasta Michelin Primacy 5 rehvi tipptase \u2013 225\/45R17 MICHELIN PRIMACY 5 94W XL RP BAB70. See rehv, mille laius on 225 mm ja diameeter 17 tolli, on loodud pakkuma suurep\u00e4rast haardumist ja stabiilsust igal teemamul. M\u00e4rgistatud XL, vastupidav koormusindeks 94 ja kiirusindeks W tagavad, et see rehv suudab toime tulla ka n\u00f5udlike s\u00f5iduoludega, pakkudes k\u00f5rgetasemelist [&hellip;]<\/p>\n","protected":false},"featured_media":122059,"template":"","meta":{"site-sidebar-layout":"default","site-content-layout":"","ast-site-content-layout":"","site-content-style":"default","site-sidebar-style":"default","ast-global-header-display":"","ast-banner-title-visibility":"","ast-main-header-display":"","ast-hfb-above-header-display":"","ast-hfb-below-header-display":"","ast-hfb-mobile-header-display":"","site-post-title":"","ast-breadcrumbs-content":"","ast-featured-img":"","footer-sml-layout":"","theme-transparent-header-meta":"","adv-header-id-meta":"","stick-header-meta":"","header-above-stick-meta":"","header-main-stick-meta":"","header-below-stick-meta":"","astra-migrate-meta-layouts":"default","ast-page-background-enabled":"default","ast-page-background-meta":{"desktop":{"background-color":"","background-image":"","background-repeat":"repeat","background-position":"center center","background-size":"auto","background-attachment":"scroll","background-type":"","background-media":"","overlay-type":"","overlay-color":"","overlay-opacity":"","overlay-gradient":""},"tablet":{"background-color":"","background-image":"","background-repeat":"repeat","background-position":"center center","background-size":"auto","background-attachment":"scroll","background-type":"","background-media":"","overlay-type":"","overlay-color":"","overlay-opacity":"","overlay-gradient":""},"mobile":{"background-color":"","background-image":"","background-repeat":"repeat","background-position":"center center","background-size":"auto","background-attachment":"scroll","background-type":"","background-media":"","overlay-type":"","overlay-color":"","overlay-opacity":"","overlay-gradient":""}},"ast-content-background-meta":{"desktop":{"background-color":"var(--ast-global-color-5)","background-image":"","background-repeat":"repeat","background-position":"center center","background-size":"auto","background-attachment":"scroll","background-type":"","background-media":"","overlay-type":"","overlay-color":"","overlay-opacity":"","overlay-gradient":""},"tablet":{"background-color":"var(--ast-global-color-5)","background-image":"","background-repeat":"repeat","background-position":"center center","background-size":"auto","background-attachment":"scroll","background-type":"","background-media":"","overlay-type":"","overlay-color":"","overlay-opacity":"","overlay-gradient":""},"mobile":{"background-color":"var(--ast-global-color-5)","background-image":"","background-repeat":"repeat","background-position":"center center","background-size":"auto","background-attachment":"scroll","background-type":"","background-media":"","overlay-type":"","overlay-color":"","overlay-opacity":"","overlay-gradient":""}}},"product_brand":[],"product_cat":[30108],"product_tag":[],"pa_brand_name":[17870],"class_list":{"0":"post-105487","1":"product","2":"type-product","3":"status-publish","4":"has-post-thumbnail","6":"product_cat-summer-tires-pv-2","7":"pa_brand_name-michelin","8":"desktop-align-left","9":"tablet-align-left","10":"mobile-align-left","12":"first","13":"outofstock","14":"taxable","15":"shipping-taxable","16":"purchasable","17":"product-type-simple"},"_links":{"self":[{"href":"https:\/\/shop.rettum.ee\/en\/wp-json\/wp\/v2\/product\/105487","targetHints":{"allow":["GET"]}}],"collection":[{"href":"https:\/\/shop.rettum.ee\/en\/wp-json\/wp\/v2\/product"}],"about":[{"href":"https:\/\/shop.rettum.ee\/en\/wp-json\/wp\/v2\/types\/product"}],"version-history":[{"count":0,"href":"https:\/\/shop.rettum.ee\/en\/wp-json\/wp\/v2\/product\/105487\/revisions"}],"wp:featuredmedia":[{"embeddable":true,"href":"https:\/\/shop.rettum.ee\/en\/wp-json\/wp\/v2\/media\/122059"}],"wp:attachment":[{"href":"https:\/\/shop.rettum.ee\/en\/wp-json\/wp\/v2\/media?parent=105487"}],"wp:term":[{"taxonomy":"product_brand","embeddable":true,"href":"https:\/\/shop.rettum.ee\/en\/wp-json\/wp\/v2\/product_brand?post=105487"},{"taxonomy":"product_cat","embeddable":true,"href":"https:\/\/shop.rettum.ee\/en\/wp-json\/wp\/v2\/product_cat?post=105487"},{"taxonomy":"product_tag","embeddable":true,"href":"https:\/\/shop.rettum.ee\/en\/wp-json\/wp\/v2\/product_tag?post=105487"},{"taxonomy":"pa_brand_name","embeddable":true,"href":"https:\/\/shop.rettum.ee\/en\/wp-json\/wp\/v2\/pa_brand_name?post=105487"}],"curies":[{"name":"wp","href":"https:\/\/api.w.org\/{rel}","templated":true}]}}