{"id":105505,"date":"2025-01-07T18:57:50","date_gmt":"2025-01-07T16:57:50","guid":{"rendered":"https:\/\/shop.rettum.ee\/toode\/205-55r17-goodyear-comforttred-95h-xl-aba69\/"},"modified":"2026-01-21T02:45:35","modified_gmt":"2026-01-21T00:45:35","slug":"205-55r17-goodyear-comforttred-95h-xl-aba69","status":"publish","type":"product","link":"https:\/\/shop.rettum.ee\/en\/product\/205-55r17-goodyear-comforttred-95h-xl-aba69\/","title":{"rendered":"205\/55R17 GOODYEAR COMFORTTRED 95H XL (*) ABA69"},"content":{"rendered":"<p>Tutvustame uusimat 205\/55R17 GOODYEAR COMFORTTRED 95H XL rehvi \u2013 ideaalne lahendus turvalisuse, \u00f6konoomsuse ja mugavuse hindamiseks. See GOODYEARi mudel on loodud t\u00e4nap\u00e4evastele s\u00f5idutingimustele, pakkudes suurep\u00e4rast k\u00fctuseefektiivsust (klassi A) ning madala m\u00fcratase (klassi A, m\u00fcrav\u00e4\u00e4rtus 69), mis tagab vaikse ja sujuva s\u00f5idu igas olukorras.<\/p>\n<p>Rehvi m\u00f5\u00f5tmed \u2013 laius 205 mm, k\u00fcljeprofiil 55% ja 17-tolline diameeter \u2013 tagavad optimaalse haarduvuse ning stabiilsuse nii kiiretel kiirustel kui ka keerulistel teeoludel. Koormusindeks 95 ja kiirusindeks H annavad lisatundmuse s\u00f5iduki j\u00f5udlusest ja ohutusest, v\u00f5imaldades rehvilt kindlustunnet igas s\u00f5idutingimuses.<\/p>\n<p>Kerget disaini (kaal 9,35 kg) ja radiaalkonstruktsiooni t\u00f5ttu on rehvid lihtsad paigaldada ning sobivad paljudele s\u00f5idukitele, aidates v\u00e4hendada k\u00fctusekulu ja keskkonnam\u00f5ju. GOODYEAR on tuntud oma uuenduslike tehnoloogiate poolest \u2013 see rehv on loodud pakkuma maksimaalset mugavust, t\u00f6\u00f6kindlust ja pikaealisust, muutes igap\u00e4evase s\u00f5idu t\u00f5eliselt nauditavaks.<\/p>","protected":false},"excerpt":{"rendered":"<p>Tutvustame uusimat 205\/55R17 GOODYEAR COMFORTTRED 95H XL rehvi \u2013 ideaalne lahendus turvalisuse, \u00f6konoomsuse ja mugavuse hindamiseks. See GOODYEARi mudel on loodud t\u00e4nap\u00e4evastele s\u00f5idutingimustele, pakkudes suurep\u00e4rast k\u00fctuseefektiivsust (klassi A) ning madala m\u00fcratase (klassi A, m\u00fcrav\u00e4\u00e4rtus 69), mis tagab vaikse ja sujuva s\u00f5idu igas olukorras. Rehvi m\u00f5\u00f5tmed \u2013 laius 205 mm, k\u00fcljeprofiil 55% ja 17-tolline diameeter \u2013 [&hellip;]<\/p>\n","protected":false},"featured_media":0,"template":"","meta":{"site-sidebar-layout":"default","site-content-layout":"","ast-site-content-layout":"","site-content-style":"default","site-sidebar-style":"default","ast-global-header-display":"","ast-banner-title-visibility":"","ast-main-header-display":"","ast-hfb-above-header-display":"","ast-hfb-below-header-display":"","ast-hfb-mobile-header-display":"","site-post-title":"","ast-breadcrumbs-content":"","ast-featured-img":"","footer-sml-layout":"","theme-transparent-header-meta":"","adv-header-id-meta":"","stick-header-meta":"","header-above-stick-meta":"","header-main-stick-meta":"","header-below-stick-meta":"","astra-migrate-meta-layouts":"default","ast-page-background-enabled":"default","ast-page-background-meta":{"desktop":{"background-color":"","background-image":"","background-repeat":"repeat","background-position":"center center","background-size":"auto","background-attachment":"scroll","background-type":"","background-media":"","overlay-type":"","overlay-color":"","overlay-opacity":"","overlay-gradient":""},"tablet":{"background-color":"","background-image":"","background-repeat":"repeat","background-position":"center center","background-size":"auto","background-attachment":"scroll","background-type":"","background-media":"","overlay-type":"","overlay-color":"","overlay-opacity":"","overlay-gradient":""},"mobile":{"background-color":"","background-image":"","background-repeat":"repeat","background-position":"center center","background-size":"auto","background-attachment":"scroll","background-type":"","background-media":"","overlay-type":"","overlay-color":"","overlay-opacity":"","overlay-gradient":""}},"ast-content-background-meta":{"desktop":{"background-color":"var(--ast-global-color-5)","background-image":"","background-repeat":"repeat","background-position":"center center","background-size":"auto","background-attachment":"scroll","background-type":"","background-media":"","overlay-type":"","overlay-color":"","overlay-opacity":"","overlay-gradient":""},"tablet":{"background-color":"var(--ast-global-color-5)","background-image":"","background-repeat":"repeat","background-position":"center center","background-size":"auto","background-attachment":"scroll","background-type":"","background-media":"","overlay-type":"","overlay-color":"","overlay-opacity":"","overlay-gradient":""},"mobile":{"background-color":"var(--ast-global-color-5)","background-image":"","background-repeat":"repeat","background-position":"center center","background-size":"auto","background-attachment":"scroll","background-type":"","background-media":"","overlay-type":"","overlay-color":"","overlay-opacity":"","overlay-gradient":""}}},"product_brand":[],"product_cat":[30108],"product_tag":[],"pa_brand_name":[17979],"class_list":{"0":"post-105505","1":"product","2":"type-product","3":"status-publish","5":"product_cat-summer-tires-pv-2","6":"pa_brand_name-goodyear","7":"desktop-align-left","8":"tablet-align-left","9":"mobile-align-left","11":"first","12":"outofstock","13":"taxable","14":"shipping-taxable","15":"purchasable","16":"product-type-simple"},"_links":{"self":[{"href":"https:\/\/shop.rettum.ee\/en\/wp-json\/wp\/v2\/product\/105505","targetHints":{"allow":["GET"]}}],"collection":[{"href":"https:\/\/shop.rettum.ee\/en\/wp-json\/wp\/v2\/product"}],"about":[{"href":"https:\/\/shop.rettum.ee\/en\/wp-json\/wp\/v2\/types\/product"}],"version-history":[{"count":0,"href":"https:\/\/shop.rettum.ee\/en\/wp-json\/wp\/v2\/product\/105505\/revisions"}],"wp:attachment":[{"href":"https:\/\/shop.rettum.ee\/en\/wp-json\/wp\/v2\/media?parent=105505"}],"wp:term":[{"taxonomy":"product_brand","embeddable":true,"href":"https:\/\/shop.rettum.ee\/en\/wp-json\/wp\/v2\/product_brand?post=105505"},{"taxonomy":"product_cat","embeddable":true,"href":"https:\/\/shop.rettum.ee\/en\/wp-json\/wp\/v2\/product_cat?post=105505"},{"taxonomy":"product_tag","embeddable":true,"href":"https:\/\/shop.rettum.ee\/en\/wp-json\/wp\/v2\/product_tag?post=105505"},{"taxonomy":"pa_brand_name","embeddable":true,"href":"https:\/\/shop.rettum.ee\/en\/wp-json\/wp\/v2\/pa_brand_name?post=105505"}],"curies":[{"name":"wp","href":"https:\/\/api.w.org\/{rel}","templated":true}]}}