{"id":105513,"date":"2025-01-08T11:42:20","date_gmt":"2025-01-08T09:42:20","guid":{"rendered":"https:\/\/shop.rettum.ee\/toode\/130-70-12-mitas-mc-20-62p-tl-scooter-street-ms\/"},"modified":"2026-03-22T02:45:14","modified_gmt":"2026-03-22T00:45:14","slug":"130-70-12-mitas-mc-20-62p-tl-scooter-street-ms","status":"publish","type":"product","link":"https:\/\/shop.rettum.ee\/en\/product\/130-70-12-mitas-mc-20-62p-tl-scooter-street-ms\/","title":{"rendered":"130\/70-12 Mitas MC 20 62P TL SCOOTER STREET M+S"},"content":{"rendered":"<p>Tutvustame Mitas 130\/70-12 MC 20 62P TL SCOOTER STREET M+S rehvile, mis on ideaalne valik t\u00e4navakorraldatud scooteritele. See Mitas br\u00e4ndi mudel \u00fchendab sportliku disaini ja usaldusv\u00e4\u00e4rse j\u00f5udluse, pakkudes tipptasemel s\u00f5idumugavust ja turvalisust. Rehvi m\u00f5\u00f5tmed, sealhulgas 130 mm laius, 70% k\u00fclgseina ja 12-tolline diameeter, tagavad optimaalse haarduvuse ja stabiilsuse nii linnaradadel kui ka kergemas off-road s\u00f5idus. <\/p>\n<p>62 koormusindeks ja P kiirusindeks tagavad piisava vastupidavuse ja sobiva kiirusepiiri igap\u00e4evasteks s\u00f5itudeks. Lisaks on rehvil disainitud tubeless tehnoloogia (TL), mis v\u00f5imaldab kiiremat paigaldust ning t\u00f5stab ohutust ja vastupidavust. M+S m\u00e4rgis lisab rehvi mitmek\u00fclgsust, muutes selle kasutamiseks ka mudastes ja lumistes tingimustes. <\/p>\n<p>Olgu eesm\u00e4rk linnas\u00f5it v\u00f5i igap\u00e4evane t\u00f6\u00f6le s\u00f5itmine, see Mitas scooter rehvid pakub erakordset \u00fchendust, stabiilsust ja vastupidavust. Tundke erinevust iga s\u00f5iduga t\u00e4nu selle innovaatilisele disainile ja usaldusv\u00e4\u00e4rsetele tehnilistele omadustele \u2013 ideaalne partner teie scooterile.<\/p>","protected":false},"excerpt":{"rendered":"<p>Tutvustame Mitas 130\/70-12 MC 20 62P TL SCOOTER STREET M+S rehvile, mis on ideaalne valik t\u00e4navakorraldatud scooteritele. See Mitas br\u00e4ndi mudel \u00fchendab sportliku disaini ja usaldusv\u00e4\u00e4rse j\u00f5udluse, pakkudes tipptasemel s\u00f5idumugavust ja turvalisust. Rehvi m\u00f5\u00f5tmed, sealhulgas 130 mm laius, 70% k\u00fclgseina ja 12-tolline diameeter, tagavad optimaalse haarduvuse ja stabiilsuse nii linnaradadel kui ka kergemas off-road s\u00f5idus. [&hellip;]<\/p>\n","protected":false},"featured_media":124899,"template":"","meta":{"site-sidebar-layout":"default","site-content-layout":"","ast-site-content-layout":"","site-content-style":"default","site-sidebar-style":"default","ast-global-header-display":"","ast-banner-title-visibility":"","ast-main-header-display":"","ast-hfb-above-header-display":"","ast-hfb-below-header-display":"","ast-hfb-mobile-header-display":"","site-post-title":"","ast-breadcrumbs-content":"","ast-featured-img":"","footer-sml-layout":"","theme-transparent-header-meta":"","adv-header-id-meta":"","stick-header-meta":"","header-above-stick-meta":"","header-main-stick-meta":"","header-below-stick-meta":"","astra-migrate-meta-layouts":"default","ast-page-background-enabled":"default","ast-page-background-meta":{"desktop":{"background-color":"","background-image":"","background-repeat":"repeat","background-position":"center center","background-size":"auto","background-attachment":"scroll","background-type":"","background-media":"","overlay-type":"","overlay-color":"","overlay-opacity":"","overlay-gradient":""},"tablet":{"background-color":"","background-image":"","background-repeat":"repeat","background-position":"center center","background-size":"auto","background-attachment":"scroll","background-type":"","background-media":"","overlay-type":"","overlay-color":"","overlay-opacity":"","overlay-gradient":""},"mobile":{"background-color":"","background-image":"","background-repeat":"repeat","background-position":"center center","background-size":"auto","background-attachment":"scroll","background-type":"","background-media":"","overlay-type":"","overlay-color":"","overlay-opacity":"","overlay-gradient":""}},"ast-content-background-meta":{"desktop":{"background-color":"var(--ast-global-color-5)","background-image":"","background-repeat":"repeat","background-position":"center center","background-size":"auto","background-attachment":"scroll","background-type":"","background-media":"","overlay-type":"","overlay-color":"","overlay-opacity":"","overlay-gradient":""},"tablet":{"background-color":"var(--ast-global-color-5)","background-image":"","background-repeat":"repeat","background-position":"center center","background-size":"auto","background-attachment":"scroll","background-type":"","background-media":"","overlay-type":"","overlay-color":"","overlay-opacity":"","overlay-gradient":""},"mobile":{"background-color":"var(--ast-global-color-5)","background-image":"","background-repeat":"repeat","background-position":"center center","background-size":"auto","background-attachment":"scroll","background-type":"","background-media":"","overlay-type":"","overlay-color":"","overlay-opacity":"","overlay-gradient":""}}},"product_brand":[],"product_cat":[30107],"product_tag":[],"pa_brand_name":[17290],"class_list":{"0":"post-105513","1":"product","2":"type-product","3":"status-publish","4":"has-post-thumbnail","6":"product_cat-mc-tires-2","7":"pa_brand_name-mitas","8":"desktop-align-left","9":"tablet-align-left","10":"mobile-align-left","12":"first","13":"outofstock","14":"taxable","15":"shipping-taxable","16":"purchasable","17":"product-type-simple"},"_links":{"self":[{"href":"https:\/\/shop.rettum.ee\/en\/wp-json\/wp\/v2\/product\/105513","targetHints":{"allow":["GET"]}}],"collection":[{"href":"https:\/\/shop.rettum.ee\/en\/wp-json\/wp\/v2\/product"}],"about":[{"href":"https:\/\/shop.rettum.ee\/en\/wp-json\/wp\/v2\/types\/product"}],"version-history":[{"count":0,"href":"https:\/\/shop.rettum.ee\/en\/wp-json\/wp\/v2\/product\/105513\/revisions"}],"wp:featuredmedia":[{"embeddable":true,"href":"https:\/\/shop.rettum.ee\/en\/wp-json\/wp\/v2\/media\/124899"}],"wp:attachment":[{"href":"https:\/\/shop.rettum.ee\/en\/wp-json\/wp\/v2\/media?parent=105513"}],"wp:term":[{"taxonomy":"product_brand","embeddable":true,"href":"https:\/\/shop.rettum.ee\/en\/wp-json\/wp\/v2\/product_brand?post=105513"},{"taxonomy":"product_cat","embeddable":true,"href":"https:\/\/shop.rettum.ee\/en\/wp-json\/wp\/v2\/product_cat?post=105513"},{"taxonomy":"product_tag","embeddable":true,"href":"https:\/\/shop.rettum.ee\/en\/wp-json\/wp\/v2\/product_tag?post=105513"},{"taxonomy":"pa_brand_name","embeddable":true,"href":"https:\/\/shop.rettum.ee\/en\/wp-json\/wp\/v2\/pa_brand_name?post=105513"}],"curies":[{"name":"wp","href":"https:\/\/api.w.org\/{rel}","templated":true}]}}