{"id":105670,"date":"2025-01-08T11:47:47","date_gmt":"2025-01-08T09:47:47","guid":{"rendered":"https:\/\/shop.rettum.ee\/toode\/245-70r17-goodride-sw606-110t-studdable-3pmsf\/"},"modified":"2025-09-03T02:45:32","modified_gmt":"2025-09-02T23:45:32","slug":"245-70r17-goodride-sw606-110t-studdable-3pmsf","status":"publish","type":"product","link":"https:\/\/shop.rettum.ee\/en\/product\/245-70r17-goodride-sw606-110t-studdable-3pmsf\/","title":{"rendered":"245\/70R17 GOODRIDE SW606 110T Studdable 3PMSF"},"content":{"rendered":"<p>Tutvustame uut 245\/70R17 GOODRIDE SW606 rehvi \u2013 usaldusv\u00e4\u00e4rne partner igal teel! See kvaliteetne rehvivaru on loodud pakkuma tipptasemel stabiilsust ja haarduvust ka k\u00f5ige n\u00f5udlikumates s\u00f5iduoludes. Rehvi m\u00f5\u00f5tmed (245 mm laius, 70% k\u00fcljeproportsioon, 17-tolline l\u00e4bim\u00f5\u00f5t) tagavad ideaalse \u00fchenduse s\u00f5iduki ja teepinna vahel, v\u00f5imaldades sujuvat ja kindlat s\u00f5itu. <\/p>\n<p>GOODRIDE SW606 on varustatud 110 koormusindeksiga, mis tagab suurep\u00e4rase v\u00f5ime suuremate koormuste kandmisel, ning T kiirusindeksiga, andes kindlustunnet nii igap\u00e4eva- kui ka pikamaanteedel. Eriliselt t\u00e4helepanuv\u00e4\u00e4rne on rehvi studdable omadus, mis t\u00e4iendab rehvi j\u00f5udlust k\u00fclmades ja lumistel tingimustes, kinnitades selle vastavuse 3PMSF standardile. <\/p>\n<p>Optimeeritud disain ja hoolikalt l\u00e4bim\u00f5eldud konstruktsioon tagavad usaldusv\u00e4\u00e4rse ja turvalise s\u00f5idu k\u00f5igis ilmastikutingimustes. Valides GOODRIDE SW606 rehvi, paned r\u00f5hku ohutusele, efektiivsusele ja vastupidavusele \u2013 ideaalne lahendus n\u00f5udlikele juhtidele, kes hindavad kvaliteeti ja innovatsiooni.<\/p>","protected":false},"excerpt":{"rendered":"<p>Tutvustame uut 245\/70R17 GOODRIDE SW606 rehvi \u2013 usaldusv\u00e4\u00e4rne partner igal teel! See kvaliteetne rehvivaru on loodud pakkuma tipptasemel stabiilsust ja haarduvust ka k\u00f5ige n\u00f5udlikumates s\u00f5iduoludes. Rehvi m\u00f5\u00f5tmed (245 mm laius, 70% k\u00fcljeproportsioon, 17-tolline l\u00e4bim\u00f5\u00f5t) tagavad ideaalse \u00fchenduse s\u00f5iduki ja teepinna vahel, v\u00f5imaldades sujuvat ja kindlat s\u00f5itu. GOODRIDE SW606 on varustatud 110 koormusindeksiga, mis tagab suurep\u00e4rase [&hellip;]<\/p>\n","protected":false},"featured_media":124782,"template":"","meta":{"site-sidebar-layout":"default","site-content-layout":"","ast-site-content-layout":"","site-content-style":"default","site-sidebar-style":"default","ast-global-header-display":"","ast-banner-title-visibility":"","ast-main-header-display":"","ast-hfb-above-header-display":"","ast-hfb-below-header-display":"","ast-hfb-mobile-header-display":"","site-post-title":"","ast-breadcrumbs-content":"","ast-featured-img":"","footer-sml-layout":"","theme-transparent-header-meta":"","adv-header-id-meta":"","stick-header-meta":"","header-above-stick-meta":"","header-main-stick-meta":"","header-below-stick-meta":"","astra-migrate-meta-layouts":"default","ast-page-background-enabled":"default","ast-page-background-meta":{"desktop":{"background-color":"","background-image":"","background-repeat":"repeat","background-position":"center center","background-size":"auto","background-attachment":"scroll","background-type":"","background-media":"","overlay-type":"","overlay-color":"","overlay-opacity":"","overlay-gradient":""},"tablet":{"background-color":"","background-image":"","background-repeat":"repeat","background-position":"center center","background-size":"auto","background-attachment":"scroll","background-type":"","background-media":"","overlay-type":"","overlay-color":"","overlay-opacity":"","overlay-gradient":""},"mobile":{"background-color":"","background-image":"","background-repeat":"repeat","background-position":"center center","background-size":"auto","background-attachment":"scroll","background-type":"","background-media":"","overlay-type":"","overlay-color":"","overlay-opacity":"","overlay-gradient":""}},"ast-content-background-meta":{"desktop":{"background-color":"var(--ast-global-color-5)","background-image":"","background-repeat":"repeat","background-position":"center center","background-size":"auto","background-attachment":"scroll","background-type":"","background-media":"","overlay-type":"","overlay-color":"","overlay-opacity":"","overlay-gradient":""},"tablet":{"background-color":"var(--ast-global-color-5)","background-image":"","background-repeat":"repeat","background-position":"center center","background-size":"auto","background-attachment":"scroll","background-type":"","background-media":"","overlay-type":"","overlay-color":"","overlay-opacity":"","overlay-gradient":""},"mobile":{"background-color":"var(--ast-global-color-5)","background-image":"","background-repeat":"repeat","background-position":"center center","background-size":"auto","background-attachment":"scroll","background-type":"","background-media":"","overlay-type":"","overlay-color":"","overlay-opacity":"","overlay-gradient":""}}},"product_brand":[],"product_cat":[29017],"product_tag":[],"pa_brand_name":[17861],"class_list":{"0":"post-105670","1":"product","2":"type-product","3":"status-publish","4":"has-post-thumbnail","6":"product_cat-winter-tires-studdable","7":"pa_brand_name-goodride","8":"desktop-align-left","9":"tablet-align-left","10":"mobile-align-left","12":"first","13":"outofstock","14":"taxable","15":"shipping-taxable","16":"purchasable","17":"product-type-simple"},"_links":{"self":[{"href":"https:\/\/shop.rettum.ee\/en\/wp-json\/wp\/v2\/product\/105670","targetHints":{"allow":["GET"]}}],"collection":[{"href":"https:\/\/shop.rettum.ee\/en\/wp-json\/wp\/v2\/product"}],"about":[{"href":"https:\/\/shop.rettum.ee\/en\/wp-json\/wp\/v2\/types\/product"}],"version-history":[{"count":0,"href":"https:\/\/shop.rettum.ee\/en\/wp-json\/wp\/v2\/product\/105670\/revisions"}],"wp:featuredmedia":[{"embeddable":true,"href":"https:\/\/shop.rettum.ee\/en\/wp-json\/wp\/v2\/media\/124782"}],"wp:attachment":[{"href":"https:\/\/shop.rettum.ee\/en\/wp-json\/wp\/v2\/media?parent=105670"}],"wp:term":[{"taxonomy":"product_brand","embeddable":true,"href":"https:\/\/shop.rettum.ee\/en\/wp-json\/wp\/v2\/product_brand?post=105670"},{"taxonomy":"product_cat","embeddable":true,"href":"https:\/\/shop.rettum.ee\/en\/wp-json\/wp\/v2\/product_cat?post=105670"},{"taxonomy":"product_tag","embeddable":true,"href":"https:\/\/shop.rettum.ee\/en\/wp-json\/wp\/v2\/product_tag?post=105670"},{"taxonomy":"pa_brand_name","embeddable":true,"href":"https:\/\/shop.rettum.ee\/en\/wp-json\/wp\/v2\/pa_brand_name?post=105670"}],"curies":[{"name":"wp","href":"https:\/\/api.w.org\/{rel}","templated":true}]}}