{"id":105685,"date":"2025-01-08T11:48:19","date_gmt":"2025-01-08T09:48:19","guid":{"rendered":"https:\/\/shop.rettum.ee\/toode\/175-65r14-dynamo-snow-h-mwh01-bw56-86t-xl-rp-studless-edb70-3pmsf-ms\/"},"modified":"2026-01-06T02:45:33","modified_gmt":"2026-01-06T00:45:33","slug":"175-65r14-dynamo-snow-h-mwh01-bw56-86t-xl-rp-studless-edb70-3pmsf-ms","status":"publish","type":"product","link":"https:\/\/shop.rettum.ee\/en\/product\/175-65r14-dynamo-snow-h-mwh01-bw56-86t-xl-rp-studless-edb70-3pmsf-ms\/","title":{"rendered":"175\/65R14 DYNAMO SNOW-H MWH01 (BW56) 86T XL RP Studless EDB70 3PMSF M+S"},"content":{"rendered":"<p>175\/65R14 DYNAMO SNOW-H MWH01 (BW56) on tipptasemel talver\u00f5ngas, mis on loodud n\u00f5udlike talviste teeolude jaoks. DYNAMO kaubam\u00e4rgi garantii all pakub see rehvitootekonfiguratsioon silmapaistvat stabiilsust ja kindlust ning tagab turvalise s\u00f5idu lumistel ja j\u00e4\u00e4katetel teedel. <\/p>\n<p>Rehvi m\u00f5\u00f5tmed \u2013 175 mm laius, 65% k\u00fcljeprofiil ja 14-tolline l\u00e4bim\u00f5\u00f5t \u2013 koos 86 koormusindeksiga v\u00f5imaldavad suurep\u00e4rast veoj\u00f5udlust ja sobivust tavalistele ning vajadusel ka kergematele s\u00f5idukitele. T kiirusindeks ja XL laiendatud kandev\u00f5ime tagavad kiire reageerimise ka n\u00f5udlikematel tingimustel. <\/p>\n<p>Toote 3PMSF ja M+S klassifikatsioonid kinnitavad rehvide osavust talvises maastikus, samas kui studless tehnoloogia pakub silmapaistvat veoj\u00f5udlust ilma klambrite kasutamiseta. Madal m\u00fcra tasemega (klassi B, 70 dB v\u00e4\u00e4rtus) ja E k\u00fctuses\u00e4\u00e4stlikkuse reiting muudavad selle rehvi ideaalseks valikuks neile, kes hindavad nii ohutust, \u00f6konoomsust kui ka mugavust.<\/p>","protected":false},"excerpt":{"rendered":"<p>175\/65R14 DYNAMO SNOW-H MWH01 (BW56) on tipptasemel talver\u00f5ngas, mis on loodud n\u00f5udlike talviste teeolude jaoks. DYNAMO kaubam\u00e4rgi garantii all pakub see rehvitootekonfiguratsioon silmapaistvat stabiilsust ja kindlust ning tagab turvalise s\u00f5idu lumistel ja j\u00e4\u00e4katetel teedel. Rehvi m\u00f5\u00f5tmed \u2013 175 mm laius, 65% k\u00fcljeprofiil ja 14-tolline l\u00e4bim\u00f5\u00f5t \u2013 koos 86 koormusindeksiga v\u00f5imaldavad suurep\u00e4rast veoj\u00f5udlust ja sobivust tavalistele [&hellip;]<\/p>\n","protected":false},"featured_media":123804,"template":"","meta":{"site-sidebar-layout":"default","site-content-layout":"","ast-site-content-layout":"","site-content-style":"default","site-sidebar-style":"default","ast-global-header-display":"","ast-banner-title-visibility":"","ast-main-header-display":"","ast-hfb-above-header-display":"","ast-hfb-below-header-display":"","ast-hfb-mobile-header-display":"","site-post-title":"","ast-breadcrumbs-content":"","ast-featured-img":"","footer-sml-layout":"","theme-transparent-header-meta":"","adv-header-id-meta":"","stick-header-meta":"","header-above-stick-meta":"","header-main-stick-meta":"","header-below-stick-meta":"","astra-migrate-meta-layouts":"default","ast-page-background-enabled":"default","ast-page-background-meta":{"desktop":{"background-color":"","background-image":"","background-repeat":"repeat","background-position":"center center","background-size":"auto","background-attachment":"scroll","background-type":"","background-media":"","overlay-type":"","overlay-color":"","overlay-opacity":"","overlay-gradient":""},"tablet":{"background-color":"","background-image":"","background-repeat":"repeat","background-position":"center center","background-size":"auto","background-attachment":"scroll","background-type":"","background-media":"","overlay-type":"","overlay-color":"","overlay-opacity":"","overlay-gradient":""},"mobile":{"background-color":"","background-image":"","background-repeat":"repeat","background-position":"center center","background-size":"auto","background-attachment":"scroll","background-type":"","background-media":"","overlay-type":"","overlay-color":"","overlay-opacity":"","overlay-gradient":""}},"ast-content-background-meta":{"desktop":{"background-color":"var(--ast-global-color-5)","background-image":"","background-repeat":"repeat","background-position":"center center","background-size":"auto","background-attachment":"scroll","background-type":"","background-media":"","overlay-type":"","overlay-color":"","overlay-opacity":"","overlay-gradient":""},"tablet":{"background-color":"var(--ast-global-color-5)","background-image":"","background-repeat":"repeat","background-position":"center center","background-size":"auto","background-attachment":"scroll","background-type":"","background-media":"","overlay-type":"","overlay-color":"","overlay-opacity":"","overlay-gradient":""},"mobile":{"background-color":"var(--ast-global-color-5)","background-image":"","background-repeat":"repeat","background-position":"center center","background-size":"auto","background-attachment":"scroll","background-type":"","background-media":"","overlay-type":"","overlay-color":"","overlay-opacity":"","overlay-gradient":""}}},"product_brand":[],"product_cat":[30111],"product_tag":[],"pa_brand_name":[17833],"class_list":{"0":"post-105685","1":"product","2":"type-product","3":"status-publish","4":"has-post-thumbnail","6":"product_cat-winter-tires-friction-2","7":"pa_brand_name-dynamo","8":"desktop-align-left","9":"tablet-align-left","10":"mobile-align-left","12":"first","13":"outofstock","14":"taxable","15":"shipping-taxable","16":"purchasable","17":"product-type-simple"},"_links":{"self":[{"href":"https:\/\/shop.rettum.ee\/en\/wp-json\/wp\/v2\/product\/105685","targetHints":{"allow":["GET"]}}],"collection":[{"href":"https:\/\/shop.rettum.ee\/en\/wp-json\/wp\/v2\/product"}],"about":[{"href":"https:\/\/shop.rettum.ee\/en\/wp-json\/wp\/v2\/types\/product"}],"version-history":[{"count":0,"href":"https:\/\/shop.rettum.ee\/en\/wp-json\/wp\/v2\/product\/105685\/revisions"}],"wp:featuredmedia":[{"embeddable":true,"href":"https:\/\/shop.rettum.ee\/en\/wp-json\/wp\/v2\/media\/123804"}],"wp:attachment":[{"href":"https:\/\/shop.rettum.ee\/en\/wp-json\/wp\/v2\/media?parent=105685"}],"wp:term":[{"taxonomy":"product_brand","embeddable":true,"href":"https:\/\/shop.rettum.ee\/en\/wp-json\/wp\/v2\/product_brand?post=105685"},{"taxonomy":"product_cat","embeddable":true,"href":"https:\/\/shop.rettum.ee\/en\/wp-json\/wp\/v2\/product_cat?post=105685"},{"taxonomy":"product_tag","embeddable":true,"href":"https:\/\/shop.rettum.ee\/en\/wp-json\/wp\/v2\/product_tag?post=105685"},{"taxonomy":"pa_brand_name","embeddable":true,"href":"https:\/\/shop.rettum.ee\/en\/wp-json\/wp\/v2\/pa_brand_name?post=105685"}],"curies":[{"name":"wp","href":"https:\/\/api.w.org\/{rel}","templated":true}]}}