{"id":105690,"date":"2025-01-08T11:48:33","date_gmt":"2025-01-08T09:48:33","guid":{"rendered":"https:\/\/shop.rettum.ee\/toode\/195-55r15-dynamo-snow-h-mwh03-85h-studdable-ddb70-3pmsf-ms\/"},"modified":"2026-03-28T02:47:52","modified_gmt":"2026-03-28T00:47:52","slug":"195-55r15-dynamo-snow-h-mwh03-85h-studdable-ddb70-3pmsf-ms","status":"publish","type":"product","link":"https:\/\/shop.rettum.ee\/en\/product\/195-55r15-dynamo-snow-h-mwh03-85h-studdable-ddb70-3pmsf-ms\/","title":{"rendered":"195\/55R15 DYNAMO SNOW-H MWH03 85H Studdable DDB70 3PMSF M+S"},"content":{"rendered":"<p>Tutvustame DYNAMO SNOW-H MWH03 195\/55R15 rehvi \u2013 usaldusv\u00e4\u00e4rne lahendus n\u00f5udlikule talvis\u00f5idule. Selle rehvi m\u00f5\u00f5tmed tagavad parima haarduvuse ning stabiilsuse ka k\u00f5ige keerulisemates ilmastikutingimustes. Rehvi laius 195 mm ja diameeter 15 tolli loovad optimaalse kontakti teega, samas kui 55% k\u00fclje proportsioon tagab juhitavuse ja mugavuse ka libedal pinnal.<\/p>\n<p>DYNAMO SNOW-H on varustatud studdable tehnoloogiaga ning vastab 3PMSF ja M+S standarditele, mis annab kindlustunde ka j\u00e4\u00e4- ja lumetingimustes. Rehvi laadimisindeks 85 ja kiirusindeks H t\u00e4histavad usaldusv\u00e4\u00e4rsust ja ohutust igas s\u00f5idutingimuses. Kuigi k\u00fctuses\u00e4\u00e4stlikkuse klass D annab veidi piiratud efektiivsust, tagab rehvi teine funktsionaalsus maksimaalse takistust\u00f5rje k\u00fclmal ajal.<\/p>\n<p>Madal m\u00fcra tase klassis B ja v\u00e4\u00e4rtus 70 tagavad vaikse s\u00f5idu ning mugavuse pikematel vahemaadel. T\u00e4iuslik kombinatsioon kvaliteedist, vastupidavusest ja turvalisusest teeb sellest rehvist parima valiku talvis\u00f5iduks. DYNAMO br\u00e4ndi usaldusv\u00e4\u00e4rsus lisab t\u00e4iendavat kindlustunnet igas olukorras.<\/p>","protected":false},"excerpt":{"rendered":"<p>Tutvustame DYNAMO SNOW-H MWH03 195\/55R15 rehvi \u2013 usaldusv\u00e4\u00e4rne lahendus n\u00f5udlikule talvis\u00f5idule. Selle rehvi m\u00f5\u00f5tmed tagavad parima haarduvuse ning stabiilsuse ka k\u00f5ige keerulisemates ilmastikutingimustes. Rehvi laius 195 mm ja diameeter 15 tolli loovad optimaalse kontakti teega, samas kui 55% k\u00fclje proportsioon tagab juhitavuse ja mugavuse ka libedal pinnal. DYNAMO SNOW-H on varustatud studdable tehnoloogiaga ning vastab [&hellip;]<\/p>\n","protected":false},"featured_media":124759,"template":"","meta":{"site-sidebar-layout":"default","site-content-layout":"","ast-site-content-layout":"","site-content-style":"default","site-sidebar-style":"default","ast-global-header-display":"","ast-banner-title-visibility":"","ast-main-header-display":"","ast-hfb-above-header-display":"","ast-hfb-below-header-display":"","ast-hfb-mobile-header-display":"","site-post-title":"","ast-breadcrumbs-content":"","ast-featured-img":"","footer-sml-layout":"","theme-transparent-header-meta":"","adv-header-id-meta":"","stick-header-meta":"","header-above-stick-meta":"","header-main-stick-meta":"","header-below-stick-meta":"","astra-migrate-meta-layouts":"default","ast-page-background-enabled":"default","ast-page-background-meta":{"desktop":{"background-color":"","background-image":"","background-repeat":"repeat","background-position":"center center","background-size":"auto","background-attachment":"scroll","background-type":"","background-media":"","overlay-type":"","overlay-color":"","overlay-opacity":"","overlay-gradient":""},"tablet":{"background-color":"","background-image":"","background-repeat":"repeat","background-position":"center center","background-size":"auto","background-attachment":"scroll","background-type":"","background-media":"","overlay-type":"","overlay-color":"","overlay-opacity":"","overlay-gradient":""},"mobile":{"background-color":"","background-image":"","background-repeat":"repeat","background-position":"center center","background-size":"auto","background-attachment":"scroll","background-type":"","background-media":"","overlay-type":"","overlay-color":"","overlay-opacity":"","overlay-gradient":""}},"ast-content-background-meta":{"desktop":{"background-color":"var(--ast-global-color-5)","background-image":"","background-repeat":"repeat","background-position":"center center","background-size":"auto","background-attachment":"scroll","background-type":"","background-media":"","overlay-type":"","overlay-color":"","overlay-opacity":"","overlay-gradient":""},"tablet":{"background-color":"var(--ast-global-color-5)","background-image":"","background-repeat":"repeat","background-position":"center center","background-size":"auto","background-attachment":"scroll","background-type":"","background-media":"","overlay-type":"","overlay-color":"","overlay-opacity":"","overlay-gradient":""},"mobile":{"background-color":"var(--ast-global-color-5)","background-image":"","background-repeat":"repeat","background-position":"center center","background-size":"auto","background-attachment":"scroll","background-type":"","background-media":"","overlay-type":"","overlay-color":"","overlay-opacity":"","overlay-gradient":""}}},"product_brand":[],"product_cat":[29017],"product_tag":[],"pa_brand_name":[17833],"class_list":{"0":"post-105690","1":"product","2":"type-product","3":"status-publish","4":"has-post-thumbnail","6":"product_cat-winter-tires-studdable","7":"pa_brand_name-dynamo","8":"desktop-align-left","9":"tablet-align-left","10":"mobile-align-left","12":"first","13":"instock","14":"taxable","15":"shipping-taxable","16":"purchasable","17":"product-type-simple"},"_links":{"self":[{"href":"https:\/\/shop.rettum.ee\/en\/wp-json\/wp\/v2\/product\/105690","targetHints":{"allow":["GET"]}}],"collection":[{"href":"https:\/\/shop.rettum.ee\/en\/wp-json\/wp\/v2\/product"}],"about":[{"href":"https:\/\/shop.rettum.ee\/en\/wp-json\/wp\/v2\/types\/product"}],"version-history":[{"count":0,"href":"https:\/\/shop.rettum.ee\/en\/wp-json\/wp\/v2\/product\/105690\/revisions"}],"wp:featuredmedia":[{"embeddable":true,"href":"https:\/\/shop.rettum.ee\/en\/wp-json\/wp\/v2\/media\/124759"}],"wp:attachment":[{"href":"https:\/\/shop.rettum.ee\/en\/wp-json\/wp\/v2\/media?parent=105690"}],"wp:term":[{"taxonomy":"product_brand","embeddable":true,"href":"https:\/\/shop.rettum.ee\/en\/wp-json\/wp\/v2\/product_brand?post=105690"},{"taxonomy":"product_cat","embeddable":true,"href":"https:\/\/shop.rettum.ee\/en\/wp-json\/wp\/v2\/product_cat?post=105690"},{"taxonomy":"product_tag","embeddable":true,"href":"https:\/\/shop.rettum.ee\/en\/wp-json\/wp\/v2\/product_tag?post=105690"},{"taxonomy":"pa_brand_name","embeddable":true,"href":"https:\/\/shop.rettum.ee\/en\/wp-json\/wp\/v2\/pa_brand_name?post=105690"}],"curies":[{"name":"wp","href":"https:\/\/api.w.org\/{rel}","templated":true}]}}