{"id":105699,"date":"2025-01-08T11:48:52","date_gmt":"2025-01-08T09:48:52","guid":{"rendered":"https:\/\/shop.rettum.ee\/toode\/225-45r18-dynamo-snow-h-mwh03-95t-xl-rp-studdable-ddb71-3pmsf-ms\/"},"modified":"2026-03-28T02:47:58","modified_gmt":"2026-03-28T00:47:58","slug":"225-45r18-dynamo-snow-h-mwh03-95t-xl-rp-studdable-ddb71-3pmsf-ms","status":"publish","type":"product","link":"https:\/\/shop.rettum.ee\/en\/product\/225-45r18-dynamo-snow-h-mwh03-95t-xl-rp-studdable-ddb71-3pmsf-ms\/","title":{"rendered":"225\/45R18 DYNAMO SNOW-H MWH03 95T XL RP Studdable DDB71 3PMSF M+S"},"content":{"rendered":"<p>Tutvu DYNAMO SNOW-H MWH03 talverehviga, mis on loodud pakendama parimat j\u00f5udlust ka k\u00f5ige n\u00f5udlikumates talvisetes tingimustes. Rehvi m\u00f5\u00f5tmed \u2013 225 mm laius, 45% suhtarv ning 18-tolline l\u00e4bim\u00f5\u00f5t \u2013 tagavad optimaalse teekontakti ja stabiilsuse. XL-tasemel disain koos 95 koormusindeksiga pakub usaldusv\u00e4\u00e4rset kandev\u00f5imet ning kiirusindeks T v\u00f5imaldab ohutut s\u00f5itu isegi kiiretempolistel maastikel.<\/p>\n<p>DYNAMO SNOW-H MWH03 vastab rangetele standarditele, kandes nii 3PMSF kui M+S m\u00e4rgistusi, mis kinnitavad rehvi v\u00f5imekust lumisel ja j\u00e4isel teel. RP Studdable tehnoloogia v\u00f5imaldab vajadusel varustada rehvi naeladega, et saavutada veelgi parem haarduvus libedal pinnal. Energiaefektiivsusklassi D ja erinevad disainielemendid tagavad t\u00e4iusliku tasakaalu s\u00f5idumugavuse ja \u00f6konoomsuse vahel. M\u00fcra klass B ning 71 dB m\u00fcra v\u00e4\u00e4rtus tagavad vaikse ja meeldiva s\u00f5idukogemuse.<\/p>\n<p>Valides DYNAMO SNOW-H MWH03, valite turvalisuse ja usaldusv\u00e4\u00e4rsuse, mis v\u00f5imaldab nautida talvisuid teid ilma kompromissideta.<\/p>","protected":false},"excerpt":{"rendered":"<p>Tutvu DYNAMO SNOW-H MWH03 talverehviga, mis on loodud pakendama parimat j\u00f5udlust ka k\u00f5ige n\u00f5udlikumates talvisetes tingimustes. Rehvi m\u00f5\u00f5tmed \u2013 225 mm laius, 45% suhtarv ning 18-tolline l\u00e4bim\u00f5\u00f5t \u2013 tagavad optimaalse teekontakti ja stabiilsuse. XL-tasemel disain koos 95 koormusindeksiga pakub usaldusv\u00e4\u00e4rset kandev\u00f5imet ning kiirusindeks T v\u00f5imaldab ohutut s\u00f5itu isegi kiiretempolistel maastikel. DYNAMO SNOW-H MWH03 vastab rangetele [&hellip;]<\/p>\n","protected":false},"featured_media":124759,"template":"","meta":{"site-sidebar-layout":"default","site-content-layout":"","ast-site-content-layout":"","site-content-style":"default","site-sidebar-style":"default","ast-global-header-display":"","ast-banner-title-visibility":"","ast-main-header-display":"","ast-hfb-above-header-display":"","ast-hfb-below-header-display":"","ast-hfb-mobile-header-display":"","site-post-title":"","ast-breadcrumbs-content":"","ast-featured-img":"","footer-sml-layout":"","theme-transparent-header-meta":"","adv-header-id-meta":"","stick-header-meta":"","header-above-stick-meta":"","header-main-stick-meta":"","header-below-stick-meta":"","astra-migrate-meta-layouts":"default","ast-page-background-enabled":"default","ast-page-background-meta":{"desktop":{"background-color":"","background-image":"","background-repeat":"repeat","background-position":"center center","background-size":"auto","background-attachment":"scroll","background-type":"","background-media":"","overlay-type":"","overlay-color":"","overlay-opacity":"","overlay-gradient":""},"tablet":{"background-color":"","background-image":"","background-repeat":"repeat","background-position":"center center","background-size":"auto","background-attachment":"scroll","background-type":"","background-media":"","overlay-type":"","overlay-color":"","overlay-opacity":"","overlay-gradient":""},"mobile":{"background-color":"","background-image":"","background-repeat":"repeat","background-position":"center center","background-size":"auto","background-attachment":"scroll","background-type":"","background-media":"","overlay-type":"","overlay-color":"","overlay-opacity":"","overlay-gradient":""}},"ast-content-background-meta":{"desktop":{"background-color":"var(--ast-global-color-5)","background-image":"","background-repeat":"repeat","background-position":"center center","background-size":"auto","background-attachment":"scroll","background-type":"","background-media":"","overlay-type":"","overlay-color":"","overlay-opacity":"","overlay-gradient":""},"tablet":{"background-color":"var(--ast-global-color-5)","background-image":"","background-repeat":"repeat","background-position":"center center","background-size":"auto","background-attachment":"scroll","background-type":"","background-media":"","overlay-type":"","overlay-color":"","overlay-opacity":"","overlay-gradient":""},"mobile":{"background-color":"var(--ast-global-color-5)","background-image":"","background-repeat":"repeat","background-position":"center center","background-size":"auto","background-attachment":"scroll","background-type":"","background-media":"","overlay-type":"","overlay-color":"","overlay-opacity":"","overlay-gradient":""}}},"product_brand":[],"product_cat":[29017],"product_tag":[],"pa_brand_name":[17833],"class_list":{"0":"post-105699","1":"product","2":"type-product","3":"status-publish","4":"has-post-thumbnail","6":"product_cat-winter-tires-studdable","7":"pa_brand_name-dynamo","8":"desktop-align-left","9":"tablet-align-left","10":"mobile-align-left","12":"first","13":"instock","14":"taxable","15":"shipping-taxable","16":"purchasable","17":"product-type-simple"},"_links":{"self":[{"href":"https:\/\/shop.rettum.ee\/en\/wp-json\/wp\/v2\/product\/105699","targetHints":{"allow":["GET"]}}],"collection":[{"href":"https:\/\/shop.rettum.ee\/en\/wp-json\/wp\/v2\/product"}],"about":[{"href":"https:\/\/shop.rettum.ee\/en\/wp-json\/wp\/v2\/types\/product"}],"version-history":[{"count":0,"href":"https:\/\/shop.rettum.ee\/en\/wp-json\/wp\/v2\/product\/105699\/revisions"}],"wp:featuredmedia":[{"embeddable":true,"href":"https:\/\/shop.rettum.ee\/en\/wp-json\/wp\/v2\/media\/124759"}],"wp:attachment":[{"href":"https:\/\/shop.rettum.ee\/en\/wp-json\/wp\/v2\/media?parent=105699"}],"wp:term":[{"taxonomy":"product_brand","embeddable":true,"href":"https:\/\/shop.rettum.ee\/en\/wp-json\/wp\/v2\/product_brand?post=105699"},{"taxonomy":"product_cat","embeddable":true,"href":"https:\/\/shop.rettum.ee\/en\/wp-json\/wp\/v2\/product_cat?post=105699"},{"taxonomy":"product_tag","embeddable":true,"href":"https:\/\/shop.rettum.ee\/en\/wp-json\/wp\/v2\/product_tag?post=105699"},{"taxonomy":"pa_brand_name","embeddable":true,"href":"https:\/\/shop.rettum.ee\/en\/wp-json\/wp\/v2\/pa_brand_name?post=105699"}],"curies":[{"name":"wp","href":"https:\/\/api.w.org\/{rel}","templated":true}]}}