{"id":105702,"date":"2025-01-08T11:48:58","date_gmt":"2025-01-08T09:48:58","guid":{"rendered":"https:\/\/shop.rettum.ee\/toode\/235-75r15-dynamo-snow-h-mws01-w517-105s-studdable-cdb72-3pmsf-ms\/"},"modified":"2026-03-28T02:47:59","modified_gmt":"2026-03-28T00:47:59","slug":"235-75r15-dynamo-snow-h-mws01-w517-105s-studdable-cdb72-3pmsf-ms","status":"publish","type":"product","link":"https:\/\/shop.rettum.ee\/en\/product\/235-75r15-dynamo-snow-h-mws01-w517-105s-studdable-cdb72-3pmsf-ms\/","title":{"rendered":"235\/75R15 DYNAMO SNOW-H MWS01 (W517) 105S Studdable CDB72 3PMSF M+S"},"content":{"rendered":"<p>Tutvustame DYNAMO SNOW-H MWS01 (W517) rehvi \u2013 usaldusv\u00e4\u00e4rne valik n\u00f5udlikele talveteedele. See 235\/75R15 m\u00f5\u00f5tmetega rehv tagab suurep\u00e4rase stabiilsuse ja haarduvuse erinevatel teeoludel. 235 mm laius ja 15-tolline l\u00e4bim\u00f5\u00f5t v\u00f5imaldavad paremat man\u00f6\u00f6verdusv\u00f5imet ning kindlat s\u00f5iduk\u00e4itumist ka libedatel ja lumistel teedel. Rehvi 75% k\u00fclgprofiil toetab optimaalselt rehvi kontaktpinda ning aitab s\u00e4ilitada stabiilsust j\u00e4rskudel man\u00f6\u00f6vritel.<\/p>\n<p>Laadimisindeks 105 v\u00f5imaldab rehvil kanda suuremaid koormusi, mist\u00f5ttu sobib see ideaalselt nii isiklikuks kui ka veokasutuseks. Kiirusindeks S tagab ohutu s\u00f5idu kuni selle m\u00e4\u00e4ratud kiiruseni, samas kui k\u00fctuses\u00e4\u00e4stuvust n\u00e4itav C-klass aitab v\u00e4hendada s\u00f5idukulusid. Radiaalne konstruktsioon tagab \u00fchtlase kulumise ja stabiilse s\u00f5idu ning m\u00fcratase 72 (klass B) aitab pakkuda vaiksemat s\u00f5idukogemust. Rehvi talvised omadused, sealhulgas studdable funktsioon ja 3PMSF t\u00e4his, tagavad kindla haardumise ka karmimates talvetingimustes.<\/p>\n<p>Investeeri DYNAMO SNOW-H MWS01 rehvi \u2013 lahendus, mis \u00fchendab ohutuse, vastupidavuse ja efektiivsuse igas s\u00f5idutingimuses.<\/p>","protected":false},"excerpt":{"rendered":"<p>Tutvustame DYNAMO SNOW-H MWS01 (W517) rehvi \u2013 usaldusv\u00e4\u00e4rne valik n\u00f5udlikele talveteedele. See 235\/75R15 m\u00f5\u00f5tmetega rehv tagab suurep\u00e4rase stabiilsuse ja haarduvuse erinevatel teeoludel. 235 mm laius ja 15-tolline l\u00e4bim\u00f5\u00f5t v\u00f5imaldavad paremat man\u00f6\u00f6verdusv\u00f5imet ning kindlat s\u00f5iduk\u00e4itumist ka libedatel ja lumistel teedel. Rehvi 75% k\u00fclgprofiil toetab optimaalselt rehvi kontaktpinda ning aitab s\u00e4ilitada stabiilsust j\u00e4rskudel man\u00f6\u00f6vritel. Laadimisindeks 105 v\u00f5imaldab [&hellip;]<\/p>\n","protected":false},"featured_media":124257,"template":"","meta":{"site-sidebar-layout":"default","site-content-layout":"","ast-site-content-layout":"","site-content-style":"default","site-sidebar-style":"default","ast-global-header-display":"","ast-banner-title-visibility":"","ast-main-header-display":"","ast-hfb-above-header-display":"","ast-hfb-below-header-display":"","ast-hfb-mobile-header-display":"","site-post-title":"","ast-breadcrumbs-content":"","ast-featured-img":"","footer-sml-layout":"","theme-transparent-header-meta":"","adv-header-id-meta":"","stick-header-meta":"","header-above-stick-meta":"","header-main-stick-meta":"","header-below-stick-meta":"","astra-migrate-meta-layouts":"default","ast-page-background-enabled":"default","ast-page-background-meta":{"desktop":{"background-color":"","background-image":"","background-repeat":"repeat","background-position":"center center","background-size":"auto","background-attachment":"scroll","background-type":"","background-media":"","overlay-type":"","overlay-color":"","overlay-opacity":"","overlay-gradient":""},"tablet":{"background-color":"","background-image":"","background-repeat":"repeat","background-position":"center center","background-size":"auto","background-attachment":"scroll","background-type":"","background-media":"","overlay-type":"","overlay-color":"","overlay-opacity":"","overlay-gradient":""},"mobile":{"background-color":"","background-image":"","background-repeat":"repeat","background-position":"center center","background-size":"auto","background-attachment":"scroll","background-type":"","background-media":"","overlay-type":"","overlay-color":"","overlay-opacity":"","overlay-gradient":""}},"ast-content-background-meta":{"desktop":{"background-color":"var(--ast-global-color-5)","background-image":"","background-repeat":"repeat","background-position":"center center","background-size":"auto","background-attachment":"scroll","background-type":"","background-media":"","overlay-type":"","overlay-color":"","overlay-opacity":"","overlay-gradient":""},"tablet":{"background-color":"var(--ast-global-color-5)","background-image":"","background-repeat":"repeat","background-position":"center center","background-size":"auto","background-attachment":"scroll","background-type":"","background-media":"","overlay-type":"","overlay-color":"","overlay-opacity":"","overlay-gradient":""},"mobile":{"background-color":"var(--ast-global-color-5)","background-image":"","background-repeat":"repeat","background-position":"center center","background-size":"auto","background-attachment":"scroll","background-type":"","background-media":"","overlay-type":"","overlay-color":"","overlay-opacity":"","overlay-gradient":""}}},"product_brand":[],"product_cat":[29017],"product_tag":[],"pa_brand_name":[17833],"class_list":{"0":"post-105702","1":"product","2":"type-product","3":"status-publish","4":"has-post-thumbnail","6":"product_cat-winter-tires-studdable","7":"pa_brand_name-dynamo","8":"desktop-align-left","9":"tablet-align-left","10":"mobile-align-left","12":"first","13":"instock","14":"taxable","15":"shipping-taxable","16":"purchasable","17":"product-type-simple"},"_links":{"self":[{"href":"https:\/\/shop.rettum.ee\/en\/wp-json\/wp\/v2\/product\/105702","targetHints":{"allow":["GET"]}}],"collection":[{"href":"https:\/\/shop.rettum.ee\/en\/wp-json\/wp\/v2\/product"}],"about":[{"href":"https:\/\/shop.rettum.ee\/en\/wp-json\/wp\/v2\/types\/product"}],"version-history":[{"count":0,"href":"https:\/\/shop.rettum.ee\/en\/wp-json\/wp\/v2\/product\/105702\/revisions"}],"wp:featuredmedia":[{"embeddable":true,"href":"https:\/\/shop.rettum.ee\/en\/wp-json\/wp\/v2\/media\/124257"}],"wp:attachment":[{"href":"https:\/\/shop.rettum.ee\/en\/wp-json\/wp\/v2\/media?parent=105702"}],"wp:term":[{"taxonomy":"product_brand","embeddable":true,"href":"https:\/\/shop.rettum.ee\/en\/wp-json\/wp\/v2\/product_brand?post=105702"},{"taxonomy":"product_cat","embeddable":true,"href":"https:\/\/shop.rettum.ee\/en\/wp-json\/wp\/v2\/product_cat?post=105702"},{"taxonomy":"product_tag","embeddable":true,"href":"https:\/\/shop.rettum.ee\/en\/wp-json\/wp\/v2\/product_tag?post=105702"},{"taxonomy":"pa_brand_name","embeddable":true,"href":"https:\/\/shop.rettum.ee\/en\/wp-json\/wp\/v2\/pa_brand_name?post=105702"}],"curies":[{"name":"wp","href":"https:\/\/api.w.org\/{rel}","templated":true}]}}