{"id":105706,"date":"2025-01-08T11:49:06","date_gmt":"2025-01-08T09:49:06","guid":{"rendered":"https:\/\/shop.rettum.ee\/toode\/275-55r20-dynamo-snow-h-mws01-w517-117s-xl-rp-studdable-bdb73-3pmsf-icegrip-ms\/"},"modified":"2026-03-28T02:48:04","modified_gmt":"2026-03-28T00:48:04","slug":"275-55r20-dynamo-snow-h-mws01-w517-117s-xl-rp-studdable-bdb73-3pmsf-icegrip-ms","status":"publish","type":"product","link":"https:\/\/shop.rettum.ee\/en\/product\/275-55r20-dynamo-snow-h-mws01-w517-117s-xl-rp-studdable-bdb73-3pmsf-icegrip-ms\/","title":{"rendered":"275\/55R20 DYNAMO SNOW-H MWS01 (W517) 117S XL RP Studdable BDB73 3PMSF IceGrip M+S"},"content":{"rendered":"<p>Tutvustame uhiuus 275\/55R20 DYNAMO SNOW-H MWS01 rehvi \u2013 usaldusv\u00e4\u00e4rne partner igasse talveolukorda. See k\u00f5rgkvaliteediline rehv on disainitud pakkuma suurep\u00e4rast haarduvust ning stabiilsust ka k\u00f5ige n\u00f5udlikumates oludes. DYNAMO br\u00e4nd tagab innovatsiooni ja tipptasemel ohutuse s\u00f5idul, pakkudes maksimaalset turvalisust libedatel teedel.<\/p>\n<p>Rehvi suur m\u00f5\u00f5t on 275 mm laius, koos 55% k\u00fclgpinna k\u00f5rgusega ja 20-tollise diameetriga, tagades optimaalse kontaktpinna maaga ka keerulistes oludes. 117 koormusindeks ja XL indikaatorid annavad kindlustunnet raskemate koormate korral. Kiirusindeks S ja B-k\u00fctuses\u00e4\u00e4stlikkuse klass annab m\u00e4rku hea j\u00f5udluse ja efektiivse energiakasutuse kohta.  <\/p>\n<p>Lisaks on rehvil lisatud studdable tehnoloogia, mis v\u00f5imaldab t\u00e4iendavat haarduvust j\u00e4istel ja lumistel teedel. Rehv vastab ka 3PMSF ja IceGrip standarditele, mis kinnitavad selle v\u00f5imekust karmides talveoludes. T\u00e4iusliku kombinatsiooniga disaini, soodsa m\u00fcrataset (73 dB) ja B m\u00fcraklassi, sobib see rehv ideaalselt kaasaegsetele s\u00f5idukitele, pakkudes kindlustunnet ja mugavust igas s\u00f5idus.<\/p>","protected":false},"excerpt":{"rendered":"<p>Tutvustame uhiuus 275\/55R20 DYNAMO SNOW-H MWS01 rehvi \u2013 usaldusv\u00e4\u00e4rne partner igasse talveolukorda. See k\u00f5rgkvaliteediline rehv on disainitud pakkuma suurep\u00e4rast haarduvust ning stabiilsust ka k\u00f5ige n\u00f5udlikumates oludes. DYNAMO br\u00e4nd tagab innovatsiooni ja tipptasemel ohutuse s\u00f5idul, pakkudes maksimaalset turvalisust libedatel teedel. Rehvi suur m\u00f5\u00f5t on 275 mm laius, koos 55% k\u00fclgpinna k\u00f5rgusega ja 20-tollise diameetriga, tagades optimaalse [&hellip;]<\/p>\n","protected":false},"featured_media":124257,"template":"","meta":{"site-sidebar-layout":"default","site-content-layout":"","ast-site-content-layout":"","site-content-style":"default","site-sidebar-style":"default","ast-global-header-display":"","ast-banner-title-visibility":"","ast-main-header-display":"","ast-hfb-above-header-display":"","ast-hfb-below-header-display":"","ast-hfb-mobile-header-display":"","site-post-title":"","ast-breadcrumbs-content":"","ast-featured-img":"","footer-sml-layout":"","theme-transparent-header-meta":"","adv-header-id-meta":"","stick-header-meta":"","header-above-stick-meta":"","header-main-stick-meta":"","header-below-stick-meta":"","astra-migrate-meta-layouts":"default","ast-page-background-enabled":"default","ast-page-background-meta":{"desktop":{"background-color":"","background-image":"","background-repeat":"repeat","background-position":"center center","background-size":"auto","background-attachment":"scroll","background-type":"","background-media":"","overlay-type":"","overlay-color":"","overlay-opacity":"","overlay-gradient":""},"tablet":{"background-color":"","background-image":"","background-repeat":"repeat","background-position":"center center","background-size":"auto","background-attachment":"scroll","background-type":"","background-media":"","overlay-type":"","overlay-color":"","overlay-opacity":"","overlay-gradient":""},"mobile":{"background-color":"","background-image":"","background-repeat":"repeat","background-position":"center center","background-size":"auto","background-attachment":"scroll","background-type":"","background-media":"","overlay-type":"","overlay-color":"","overlay-opacity":"","overlay-gradient":""}},"ast-content-background-meta":{"desktop":{"background-color":"var(--ast-global-color-5)","background-image":"","background-repeat":"repeat","background-position":"center center","background-size":"auto","background-attachment":"scroll","background-type":"","background-media":"","overlay-type":"","overlay-color":"","overlay-opacity":"","overlay-gradient":""},"tablet":{"background-color":"var(--ast-global-color-5)","background-image":"","background-repeat":"repeat","background-position":"center center","background-size":"auto","background-attachment":"scroll","background-type":"","background-media":"","overlay-type":"","overlay-color":"","overlay-opacity":"","overlay-gradient":""},"mobile":{"background-color":"var(--ast-global-color-5)","background-image":"","background-repeat":"repeat","background-position":"center center","background-size":"auto","background-attachment":"scroll","background-type":"","background-media":"","overlay-type":"","overlay-color":"","overlay-opacity":"","overlay-gradient":""}}},"product_brand":[],"product_cat":[29017],"product_tag":[],"pa_brand_name":[17833],"class_list":{"0":"post-105706","1":"product","2":"type-product","3":"status-publish","4":"has-post-thumbnail","6":"product_cat-winter-tires-studdable","7":"pa_brand_name-dynamo","8":"desktop-align-left","9":"tablet-align-left","10":"mobile-align-left","12":"first","13":"instock","14":"taxable","15":"shipping-taxable","16":"purchasable","17":"product-type-simple"},"_links":{"self":[{"href":"https:\/\/shop.rettum.ee\/en\/wp-json\/wp\/v2\/product\/105706","targetHints":{"allow":["GET"]}}],"collection":[{"href":"https:\/\/shop.rettum.ee\/en\/wp-json\/wp\/v2\/product"}],"about":[{"href":"https:\/\/shop.rettum.ee\/en\/wp-json\/wp\/v2\/types\/product"}],"version-history":[{"count":0,"href":"https:\/\/shop.rettum.ee\/en\/wp-json\/wp\/v2\/product\/105706\/revisions"}],"wp:featuredmedia":[{"embeddable":true,"href":"https:\/\/shop.rettum.ee\/en\/wp-json\/wp\/v2\/media\/124257"}],"wp:attachment":[{"href":"https:\/\/shop.rettum.ee\/en\/wp-json\/wp\/v2\/media?parent=105706"}],"wp:term":[{"taxonomy":"product_brand","embeddable":true,"href":"https:\/\/shop.rettum.ee\/en\/wp-json\/wp\/v2\/product_brand?post=105706"},{"taxonomy":"product_cat","embeddable":true,"href":"https:\/\/shop.rettum.ee\/en\/wp-json\/wp\/v2\/product_cat?post=105706"},{"taxonomy":"product_tag","embeddable":true,"href":"https:\/\/shop.rettum.ee\/en\/wp-json\/wp\/v2\/product_tag?post=105706"},{"taxonomy":"pa_brand_name","embeddable":true,"href":"https:\/\/shop.rettum.ee\/en\/wp-json\/wp\/v2\/pa_brand_name?post=105706"}],"curies":[{"name":"wp","href":"https:\/\/api.w.org\/{rel}","templated":true}]}}