{"id":105709,"date":"2025-01-08T11:49:12","date_gmt":"2025-01-08T09:49:12","guid":{"rendered":"https:\/\/shop.rettum.ee\/toode\/195-65r16c-dynamo-snow-h-mwc01-104-102t-studless-dcb71-3pmsf-ms\/"},"modified":"2026-03-28T02:48:05","modified_gmt":"2026-03-28T00:48:05","slug":"195-65r16c-dynamo-snow-h-mwc01-104-102t-studless-dcb71-3pmsf-ms","status":"publish","type":"product","link":"https:\/\/shop.rettum.ee\/en\/product\/195-65r16c-dynamo-snow-h-mwc01-104-102t-studless-dcb71-3pmsf-ms\/","title":{"rendered":"195\/65R16C DYNAMO SNOW-H MWC01 104\/102T Studless DCB71 3PMSF M+S"},"content":{"rendered":"<p>Avasta uus DYNAMO SNOW-H MWC01 rehvide maailm \u2013 ideaalne lahendus ohutuks ja stabiilseks s\u00f5iduks igas ilmastikutingimuses. Need 195\/65R16C m\u00f5\u00f5tmetega rehvid on loodud pakkuma maksimaalset haarduvust ning t\u00f6\u00f6kindlust nii m\u00e4rgadel kui ka lumistel teedel. DYNAMO br\u00e4nd on tuntud oma kvaliteedi ja vastupidavuse poolest, tagades pikaajalise kasutuse ning \u00fchtlase kulumise t\u00e4nu radiaalstruktuurile.<\/p>\n<p>Rehvid vastavad 3PMSF ja M+S standarditele, mis kinnitab nende suurep\u00e4rast j\u00f5udlust keerulistel teeoludel. Studless disain v\u00e4hendab m\u00fcra, mida iseloomustab m\u00fcra klass B ja v\u00e4\u00e4rtus 71 dB, v\u00f5imaldades vaiksemat ja meeldivamat s\u00f5idu-elamust. T kiirusindeks ja 104\/102 koormusindeks tagavad, et rehvid toetavad teie s\u00f5iduki j\u00f5udlust ja ohutust ka k\u00f5rgematel s\u00f5idukiirustel.<\/p>\n<p>Lisaks on rehvid kavandatud k\u00fctuses\u00e4\u00e4stlikkuse kategooria D j\u00e4rgi, aidates optimeerida s\u00f5iduki k\u00fctusekulu. Valides DYNAMO SNOW-H MWC01, investeerid kvaliteeti, ohutusse ja nutikasse disaini, mis vastab t\u00e4nap\u00e4evaste s\u00f5idutingimuste n\u00f5udmistele.<\/p>","protected":false},"excerpt":{"rendered":"<p>Avasta uus DYNAMO SNOW-H MWC01 rehvide maailm \u2013 ideaalne lahendus ohutuks ja stabiilseks s\u00f5iduks igas ilmastikutingimuses. Need 195\/65R16C m\u00f5\u00f5tmetega rehvid on loodud pakkuma maksimaalset haarduvust ning t\u00f6\u00f6kindlust nii m\u00e4rgadel kui ka lumistel teedel. DYNAMO br\u00e4nd on tuntud oma kvaliteedi ja vastupidavuse poolest, tagades pikaajalise kasutuse ning \u00fchtlase kulumise t\u00e4nu radiaalstruktuurile. Rehvid vastavad 3PMSF ja M+S [&hellip;]<\/p>\n","protected":false},"featured_media":123779,"template":"","meta":{"site-sidebar-layout":"default","site-content-layout":"","ast-site-content-layout":"","site-content-style":"default","site-sidebar-style":"default","ast-global-header-display":"","ast-banner-title-visibility":"","ast-main-header-display":"","ast-hfb-above-header-display":"","ast-hfb-below-header-display":"","ast-hfb-mobile-header-display":"","site-post-title":"","ast-breadcrumbs-content":"","ast-featured-img":"","footer-sml-layout":"","theme-transparent-header-meta":"","adv-header-id-meta":"","stick-header-meta":"","header-above-stick-meta":"","header-main-stick-meta":"","header-below-stick-meta":"","astra-migrate-meta-layouts":"default","ast-page-background-enabled":"default","ast-page-background-meta":{"desktop":{"background-color":"","background-image":"","background-repeat":"repeat","background-position":"center center","background-size":"auto","background-attachment":"scroll","background-type":"","background-media":"","overlay-type":"","overlay-color":"","overlay-opacity":"","overlay-gradient":""},"tablet":{"background-color":"","background-image":"","background-repeat":"repeat","background-position":"center center","background-size":"auto","background-attachment":"scroll","background-type":"","background-media":"","overlay-type":"","overlay-color":"","overlay-opacity":"","overlay-gradient":""},"mobile":{"background-color":"","background-image":"","background-repeat":"repeat","background-position":"center center","background-size":"auto","background-attachment":"scroll","background-type":"","background-media":"","overlay-type":"","overlay-color":"","overlay-opacity":"","overlay-gradient":""}},"ast-content-background-meta":{"desktop":{"background-color":"var(--ast-global-color-5)","background-image":"","background-repeat":"repeat","background-position":"center center","background-size":"auto","background-attachment":"scroll","background-type":"","background-media":"","overlay-type":"","overlay-color":"","overlay-opacity":"","overlay-gradient":""},"tablet":{"background-color":"var(--ast-global-color-5)","background-image":"","background-repeat":"repeat","background-position":"center center","background-size":"auto","background-attachment":"scroll","background-type":"","background-media":"","overlay-type":"","overlay-color":"","overlay-opacity":"","overlay-gradient":""},"mobile":{"background-color":"var(--ast-global-color-5)","background-image":"","background-repeat":"repeat","background-position":"center center","background-size":"auto","background-attachment":"scroll","background-type":"","background-media":"","overlay-type":"","overlay-color":"","overlay-opacity":"","overlay-gradient":""}}},"product_brand":[],"product_cat":[30110],"product_tag":[],"pa_brand_name":[17833],"class_list":{"0":"post-105709","1":"product","2":"type-product","3":"status-publish","4":"has-post-thumbnail","6":"product_cat-winter-light-truck-friction-2","7":"pa_brand_name-dynamo","8":"desktop-align-left","9":"tablet-align-left","10":"mobile-align-left","12":"first","13":"instock","14":"taxable","15":"shipping-taxable","16":"purchasable","17":"product-type-simple"},"_links":{"self":[{"href":"https:\/\/shop.rettum.ee\/en\/wp-json\/wp\/v2\/product\/105709","targetHints":{"allow":["GET"]}}],"collection":[{"href":"https:\/\/shop.rettum.ee\/en\/wp-json\/wp\/v2\/product"}],"about":[{"href":"https:\/\/shop.rettum.ee\/en\/wp-json\/wp\/v2\/types\/product"}],"version-history":[{"count":0,"href":"https:\/\/shop.rettum.ee\/en\/wp-json\/wp\/v2\/product\/105709\/revisions"}],"wp:featuredmedia":[{"embeddable":true,"href":"https:\/\/shop.rettum.ee\/en\/wp-json\/wp\/v2\/media\/123779"}],"wp:attachment":[{"href":"https:\/\/shop.rettum.ee\/en\/wp-json\/wp\/v2\/media?parent=105709"}],"wp:term":[{"taxonomy":"product_brand","embeddable":true,"href":"https:\/\/shop.rettum.ee\/en\/wp-json\/wp\/v2\/product_brand?post=105709"},{"taxonomy":"product_cat","embeddable":true,"href":"https:\/\/shop.rettum.ee\/en\/wp-json\/wp\/v2\/product_cat?post=105709"},{"taxonomy":"product_tag","embeddable":true,"href":"https:\/\/shop.rettum.ee\/en\/wp-json\/wp\/v2\/product_tag?post=105709"},{"taxonomy":"pa_brand_name","embeddable":true,"href":"https:\/\/shop.rettum.ee\/en\/wp-json\/wp\/v2\/pa_brand_name?post=105709"}],"curies":[{"name":"wp","href":"https:\/\/api.w.org\/{rel}","templated":true}]}}