{"id":105725,"date":"2025-01-08T11:49:48","date_gmt":"2025-01-08T09:49:48","guid":{"rendered":"https:\/\/shop.rettum.ee\/toode\/235-55r17-sailun-ice-blazer-arctic-suv-99h-rp-friction-ceb72-3pmsf-ms\/"},"modified":"2026-03-28T02:48:45","modified_gmt":"2026-03-28T00:48:45","slug":"235-55r17-sailun-ice-blazer-arctic-suv-99h-rp-friction-ceb72-3pmsf-ms","status":"publish","type":"product","link":"https:\/\/shop.rettum.ee\/en\/product\/235-55r17-sailun-ice-blazer-arctic-suv-99h-rp-friction-ceb72-3pmsf-ms\/","title":{"rendered":"235\/55R17 SAILUN ICE BLAZER ARCTIC SUV 99H RP Friction CEB72 3PMSF M+S"},"content":{"rendered":"<p>Tutvustame SAILUN ICE BLAZER ARCTIC SUV rehvi, mis on ideaalne valik n\u00f5udlikele s\u00f5iduoludele. Rehvi m\u00f5\u00f5tmed 235\/55R17 tagavad stabiilsuse ja mugavuse igasugusel maastikul, pakkudes suurep\u00e4rast haarduvust ning ohutut s\u00f5itu nii lumes, j\u00e4\u00e4l kui ka kuival teel. 17-tolline l\u00e4bim\u00f5\u00f5t ja 235 mm laius sobivad ideaalselt SUV-dele, s\u00e4ilitades osa mootori ja s\u00f5iduki j\u00f5udlusest.<\/p>\n<p>Rehvil on 55% k\u00fcljeekraan, mis tagab parima v\u00f5imaliku kontaktpinna ning optimaalse k\u00fctuses\u00e4\u00e4stlikkuse klassiga C ja koormusindeksiga 99. Varustatud m\u00fcra klassi B ja 72-desibelise m\u00fcra v\u00e4\u00e4rtusega, on see rehv konstrueeritud v\u00e4hendama s\u00f5idu k\u00e4igus tekkivat m\u00fcrataset. Lisaks on rehvil radiaalstruktuur, mis parandab rehvi stabiilsust ja pikaealisust, ning kiirusindeks H v\u00f5imaldab turvalist s\u00f5itu kuni lubatud kiirustega.<\/p>\n<p>M\u00e4rkimisv\u00e4\u00e4rsed sertifikaadid nagu RP Friction CEB72, 3PMSF ja M+S t\u00f5endavad rehvi v\u00f5imekust eri ilmastikutingimustes. SAILUN ICE BLAZER ARCTIC SUV on usaldusv\u00e4\u00e4rne partner, mis \u00fchendab innovatsiooni, ohutuse ja vastupidavuse igap\u00e4evase s\u00f5iduelamuse tagamiseks.<\/p>","protected":false},"excerpt":{"rendered":"<p>Tutvustame SAILUN ICE BLAZER ARCTIC SUV rehvi, mis on ideaalne valik n\u00f5udlikele s\u00f5iduoludele. Rehvi m\u00f5\u00f5tmed 235\/55R17 tagavad stabiilsuse ja mugavuse igasugusel maastikul, pakkudes suurep\u00e4rast haarduvust ning ohutut s\u00f5itu nii lumes, j\u00e4\u00e4l kui ka kuival teel. 17-tolline l\u00e4bim\u00f5\u00f5t ja 235 mm laius sobivad ideaalselt SUV-dele, s\u00e4ilitades osa mootori ja s\u00f5iduki j\u00f5udlusest. Rehvil on 55% k\u00fcljeekraan, mis [&hellip;]<\/p>\n","protected":false},"featured_media":124253,"template":"","meta":{"site-sidebar-layout":"default","site-content-layout":"","ast-site-content-layout":"","site-content-style":"default","site-sidebar-style":"default","ast-global-header-display":"","ast-banner-title-visibility":"","ast-main-header-display":"","ast-hfb-above-header-display":"","ast-hfb-below-header-display":"","ast-hfb-mobile-header-display":"","site-post-title":"","ast-breadcrumbs-content":"","ast-featured-img":"","footer-sml-layout":"","theme-transparent-header-meta":"","adv-header-id-meta":"","stick-header-meta":"","header-above-stick-meta":"","header-main-stick-meta":"","header-below-stick-meta":"","astra-migrate-meta-layouts":"default","ast-page-background-enabled":"default","ast-page-background-meta":{"desktop":{"background-color":"","background-image":"","background-repeat":"repeat","background-position":"center center","background-size":"auto","background-attachment":"scroll","background-type":"","background-media":"","overlay-type":"","overlay-color":"","overlay-opacity":"","overlay-gradient":""},"tablet":{"background-color":"","background-image":"","background-repeat":"repeat","background-position":"center center","background-size":"auto","background-attachment":"scroll","background-type":"","background-media":"","overlay-type":"","overlay-color":"","overlay-opacity":"","overlay-gradient":""},"mobile":{"background-color":"","background-image":"","background-repeat":"repeat","background-position":"center center","background-size":"auto","background-attachment":"scroll","background-type":"","background-media":"","overlay-type":"","overlay-color":"","overlay-opacity":"","overlay-gradient":""}},"ast-content-background-meta":{"desktop":{"background-color":"var(--ast-global-color-5)","background-image":"","background-repeat":"repeat","background-position":"center center","background-size":"auto","background-attachment":"scroll","background-type":"","background-media":"","overlay-type":"","overlay-color":"","overlay-opacity":"","overlay-gradient":""},"tablet":{"background-color":"var(--ast-global-color-5)","background-image":"","background-repeat":"repeat","background-position":"center center","background-size":"auto","background-attachment":"scroll","background-type":"","background-media":"","overlay-type":"","overlay-color":"","overlay-opacity":"","overlay-gradient":""},"mobile":{"background-color":"var(--ast-global-color-5)","background-image":"","background-repeat":"repeat","background-position":"center center","background-size":"auto","background-attachment":"scroll","background-type":"","background-media":"","overlay-type":"","overlay-color":"","overlay-opacity":"","overlay-gradient":""}}},"product_brand":[],"product_cat":[30111],"product_tag":[],"pa_brand_name":[17794],"class_list":{"0":"post-105725","1":"product","2":"type-product","3":"status-publish","4":"has-post-thumbnail","6":"product_cat-winter-tires-friction-2","7":"pa_brand_name-sailun","8":"desktop-align-left","9":"tablet-align-left","10":"mobile-align-left","12":"first","13":"instock","14":"taxable","15":"shipping-taxable","16":"purchasable","17":"product-type-simple"},"_links":{"self":[{"href":"https:\/\/shop.rettum.ee\/en\/wp-json\/wp\/v2\/product\/105725","targetHints":{"allow":["GET"]}}],"collection":[{"href":"https:\/\/shop.rettum.ee\/en\/wp-json\/wp\/v2\/product"}],"about":[{"href":"https:\/\/shop.rettum.ee\/en\/wp-json\/wp\/v2\/types\/product"}],"version-history":[{"count":0,"href":"https:\/\/shop.rettum.ee\/en\/wp-json\/wp\/v2\/product\/105725\/revisions"}],"wp:featuredmedia":[{"embeddable":true,"href":"https:\/\/shop.rettum.ee\/en\/wp-json\/wp\/v2\/media\/124253"}],"wp:attachment":[{"href":"https:\/\/shop.rettum.ee\/en\/wp-json\/wp\/v2\/media?parent=105725"}],"wp:term":[{"taxonomy":"product_brand","embeddable":true,"href":"https:\/\/shop.rettum.ee\/en\/wp-json\/wp\/v2\/product_brand?post=105725"},{"taxonomy":"product_cat","embeddable":true,"href":"https:\/\/shop.rettum.ee\/en\/wp-json\/wp\/v2\/product_cat?post=105725"},{"taxonomy":"product_tag","embeddable":true,"href":"https:\/\/shop.rettum.ee\/en\/wp-json\/wp\/v2\/product_tag?post=105725"},{"taxonomy":"pa_brand_name","embeddable":true,"href":"https:\/\/shop.rettum.ee\/en\/wp-json\/wp\/v2\/pa_brand_name?post=105725"}],"curies":[{"name":"wp","href":"https:\/\/api.w.org\/{rel}","templated":true}]}}