{"id":105729,"date":"2025-01-08T11:49:57","date_gmt":"2025-01-08T09:49:57","guid":{"rendered":"https:\/\/shop.rettum.ee\/toode\/235-45r18-hankook-winter-icept-evo3-w330-98v-xl-rp-studless-dbb72-3pmsf-ms\/"},"modified":"2026-03-22T02:53:45","modified_gmt":"2026-03-22T00:53:45","slug":"235-45r18-hankook-winter-icept-evo3-w330-98v-xl-rp-studless-dbb72-3pmsf-ms","status":"publish","type":"product","link":"https:\/\/shop.rettum.ee\/en\/product\/235-45r18-hankook-winter-icept-evo3-w330-98v-xl-rp-studless-dbb72-3pmsf-ms\/","title":{"rendered":"235\/45R18 HANKOOK WINTER I*CEPT EVO3 (W330) 98V XL RP Studless DBB72 3PMSF M+S"},"content":{"rendered":"<p>HANKOOK WINTER I*CEPT EVO3 on tippkvaliteediga talver\u00e4\u00f5m, mis tagab stabiilse ja turvalise s\u00f5idu ka k\u00f5ige n\u00f5udlikumates talvetingimustes. Rehvi m\u00f5\u00f5tmed 235\/45R18 tagavad optimaalse kontaktala, pakkudes kindlat haardumist libedatel ja lumistel teedel. XL versioon koos koormusindeksiga 98 v\u00f5imaldab madalat re\u017eiimi ka suuremate koormuste puhul, muutes selle ideaalseks igap\u00e4evaseks ja n\u00f5udlikeks s\u00f5iduks.<\/p>\n<p>Toode vastab 3PMSF ja M+S standarditele, mis kinnitavad rehvi sobivust t\u00f5sistele talvistele oludele. Kiirusindeks V v\u00f5imaldab ohutut s\u00f5itu kuni umbes 240 km\/h, samal ajal kui k\u00fctuses\u00e4\u00e4stlikkus reiting D teeb sellest majandusliku valiku. Rehvi laius 235 mm ja diameeter 18 tolli on hoolikalt disainitud, et tagada maksimaalne j\u00f5udlus ning stabiilsus keerulistes olukordades. <\/p>\n<p>M\u00fcra tase 72 dB (klassi B) tagab mugava ja vaikse s\u00f5idukogemuse. Valides HANKOOK WINTER I*CEPT EVO3, investeerid kvaliteeti, turvalisusesse ja usaldusv\u00e4\u00e4rsesse j\u00f5udlusse, mis viib sind l\u00e4bi kogu talve ilma kompromissideta.<\/p>","protected":false},"excerpt":{"rendered":"<p>HANKOOK WINTER I*CEPT EVO3 on tippkvaliteediga talver\u00e4\u00f5m, mis tagab stabiilse ja turvalise s\u00f5idu ka k\u00f5ige n\u00f5udlikumates talvetingimustes. Rehvi m\u00f5\u00f5tmed 235\/45R18 tagavad optimaalse kontaktala, pakkudes kindlat haardumist libedatel ja lumistel teedel. XL versioon koos koormusindeksiga 98 v\u00f5imaldab madalat re\u017eiimi ka suuremate koormuste puhul, muutes selle ideaalseks igap\u00e4evaseks ja n\u00f5udlikeks s\u00f5iduks. Toode vastab 3PMSF ja M+S standarditele, [&hellip;]<\/p>\n","protected":false},"featured_media":123831,"template":"","meta":{"site-sidebar-layout":"default","site-content-layout":"","ast-site-content-layout":"","site-content-style":"default","site-sidebar-style":"default","ast-global-header-display":"","ast-banner-title-visibility":"","ast-main-header-display":"","ast-hfb-above-header-display":"","ast-hfb-below-header-display":"","ast-hfb-mobile-header-display":"","site-post-title":"","ast-breadcrumbs-content":"","ast-featured-img":"","footer-sml-layout":"","theme-transparent-header-meta":"","adv-header-id-meta":"","stick-header-meta":"","header-above-stick-meta":"","header-main-stick-meta":"","header-below-stick-meta":"","astra-migrate-meta-layouts":"default","ast-page-background-enabled":"default","ast-page-background-meta":{"desktop":{"background-color":"","background-image":"","background-repeat":"repeat","background-position":"center center","background-size":"auto","background-attachment":"scroll","background-type":"","background-media":"","overlay-type":"","overlay-color":"","overlay-opacity":"","overlay-gradient":""},"tablet":{"background-color":"","background-image":"","background-repeat":"repeat","background-position":"center center","background-size":"auto","background-attachment":"scroll","background-type":"","background-media":"","overlay-type":"","overlay-color":"","overlay-opacity":"","overlay-gradient":""},"mobile":{"background-color":"","background-image":"","background-repeat":"repeat","background-position":"center center","background-size":"auto","background-attachment":"scroll","background-type":"","background-media":"","overlay-type":"","overlay-color":"","overlay-opacity":"","overlay-gradient":""}},"ast-content-background-meta":{"desktop":{"background-color":"var(--ast-global-color-5)","background-image":"","background-repeat":"repeat","background-position":"center center","background-size":"auto","background-attachment":"scroll","background-type":"","background-media":"","overlay-type":"","overlay-color":"","overlay-opacity":"","overlay-gradient":""},"tablet":{"background-color":"var(--ast-global-color-5)","background-image":"","background-repeat":"repeat","background-position":"center center","background-size":"auto","background-attachment":"scroll","background-type":"","background-media":"","overlay-type":"","overlay-color":"","overlay-opacity":"","overlay-gradient":""},"mobile":{"background-color":"var(--ast-global-color-5)","background-image":"","background-repeat":"repeat","background-position":"center center","background-size":"auto","background-attachment":"scroll","background-type":"","background-media":"","overlay-type":"","overlay-color":"","overlay-opacity":"","overlay-gradient":""}}},"product_brand":[],"product_cat":[30111],"product_tag":[],"pa_brand_name":[17812],"class_list":{"0":"post-105729","1":"product","2":"type-product","3":"status-publish","4":"has-post-thumbnail","6":"product_cat-winter-tires-friction-2","7":"pa_brand_name-hankook","8":"desktop-align-left","9":"tablet-align-left","10":"mobile-align-left","12":"first","13":"outofstock","14":"taxable","15":"shipping-taxable","16":"purchasable","17":"product-type-simple"},"_links":{"self":[{"href":"https:\/\/shop.rettum.ee\/en\/wp-json\/wp\/v2\/product\/105729","targetHints":{"allow":["GET"]}}],"collection":[{"href":"https:\/\/shop.rettum.ee\/en\/wp-json\/wp\/v2\/product"}],"about":[{"href":"https:\/\/shop.rettum.ee\/en\/wp-json\/wp\/v2\/types\/product"}],"version-history":[{"count":0,"href":"https:\/\/shop.rettum.ee\/en\/wp-json\/wp\/v2\/product\/105729\/revisions"}],"wp:featuredmedia":[{"embeddable":true,"href":"https:\/\/shop.rettum.ee\/en\/wp-json\/wp\/v2\/media\/123831"}],"wp:attachment":[{"href":"https:\/\/shop.rettum.ee\/en\/wp-json\/wp\/v2\/media?parent=105729"}],"wp:term":[{"taxonomy":"product_brand","embeddable":true,"href":"https:\/\/shop.rettum.ee\/en\/wp-json\/wp\/v2\/product_brand?post=105729"},{"taxonomy":"product_cat","embeddable":true,"href":"https:\/\/shop.rettum.ee\/en\/wp-json\/wp\/v2\/product_cat?post=105729"},{"taxonomy":"product_tag","embeddable":true,"href":"https:\/\/shop.rettum.ee\/en\/wp-json\/wp\/v2\/product_tag?post=105729"},{"taxonomy":"pa_brand_name","embeddable":true,"href":"https:\/\/shop.rettum.ee\/en\/wp-json\/wp\/v2\/pa_brand_name?post=105729"}],"curies":[{"name":"wp","href":"https:\/\/api.w.org\/{rel}","templated":true}]}}