{"id":105738,"date":"2025-01-08T11:50:20","date_gmt":"2025-01-08T09:50:20","guid":{"rendered":"https:\/\/shop.rettum.ee\/toode\/225-65r17-hankook-winter-icept-x-rw10-102t-rp-friction-deb72-3pmsf-icegrip-ms\/"},"modified":"2026-01-28T02:45:27","modified_gmt":"2026-01-28T00:45:27","slug":"225-65r17-hankook-winter-icept-x-rw10-102t-rp-friction-deb72-3pmsf-icegrip-ms","status":"publish","type":"product","link":"https:\/\/shop.rettum.ee\/en\/product\/225-65r17-hankook-winter-icept-x-rw10-102t-rp-friction-deb72-3pmsf-icegrip-ms\/","title":{"rendered":"225\/65R17 HANKOOK WINTER I*CEPT X (RW10) 102T RP Friction DEB72 3PMSF IceGrip M+S"},"content":{"rendered":"<p>HANKOOK WINTER I*CEPT X (RW10) on tipptasemel talvrehv, mis tagab usaldusv\u00e4\u00e4rse ja turvalise s\u00f5idu isegi k\u00f5ige n\u00f5udlikumates talvetingimustes. Selle rehvi m\u00f5\u00f5tmed 225\/65R17 loovad ideaalse kombinatsiooni stabiilsusest ja mugavast s\u00f5idukogemusest. HANKOOK on tuntud oma innovaatiliste lahenduste poolest ning see mudel ei tee erandit \u2013 see on loodud pakkuma maksimaalset haarduvust ja j\u00f5udlust k\u00fclmal ja libedal teel.<\/p>\n<p>Rehvi 65% profiilisuhte ja 17-tolline l\u00e4bim\u00f5\u00f5t tagavad optimaalse j\u00f5udluse ning \u00fchtlase kulumise. Kandeindeks 102 v\u00f5imaldab rehvil toetada suuremat koormust, samas kui v\u00f5imsusindeks T annab kindluse ka kiiremadel s\u00f5itudel. K\u00fctuses\u00e4\u00e4stlikkus klassiga D aitab v\u00e4hendada s\u00f5idukikulusid pikemas perspektiivis. M\u00fcratasemega klass B (72 dB) tagab vaiksama s\u00f5idu, pakkudes meeldivamat kogemust nii juhile kui ka reisijatele.<\/p>\n<p>Lisaks on rehvil m\u00e4rgid, nagu RP Friction DEB72, 3PMSF ja IceGrip M+S, mis kinnitavad selle suurep\u00e4rast haarduvust nii m\u00e4rgal kui ka j\u00e4\u00e4sel pinnal. Valides HANKOOK WINTER I*CEPT X (RW10), teed otsuse turvalise ja efektiivse s\u00f5idu poolest ka k\u00f5ige raskematel talveoludel.<\/p>","protected":false},"excerpt":{"rendered":"<p>HANKOOK WINTER I*CEPT X (RW10) on tipptasemel talvrehv, mis tagab usaldusv\u00e4\u00e4rse ja turvalise s\u00f5idu isegi k\u00f5ige n\u00f5udlikumates talvetingimustes. Selle rehvi m\u00f5\u00f5tmed 225\/65R17 loovad ideaalse kombinatsiooni stabiilsusest ja mugavast s\u00f5idukogemusest. HANKOOK on tuntud oma innovaatiliste lahenduste poolest ning see mudel ei tee erandit \u2013 see on loodud pakkuma maksimaalset haarduvust ja j\u00f5udlust k\u00fclmal ja libedal teel. [&hellip;]<\/p>\n","protected":false},"featured_media":124177,"template":"","meta":{"site-sidebar-layout":"default","site-content-layout":"","ast-site-content-layout":"","site-content-style":"default","site-sidebar-style":"default","ast-global-header-display":"","ast-banner-title-visibility":"","ast-main-header-display":"","ast-hfb-above-header-display":"","ast-hfb-below-header-display":"","ast-hfb-mobile-header-display":"","site-post-title":"","ast-breadcrumbs-content":"","ast-featured-img":"","footer-sml-layout":"","theme-transparent-header-meta":"","adv-header-id-meta":"","stick-header-meta":"","header-above-stick-meta":"","header-main-stick-meta":"","header-below-stick-meta":"","astra-migrate-meta-layouts":"default","ast-page-background-enabled":"default","ast-page-background-meta":{"desktop":{"background-color":"","background-image":"","background-repeat":"repeat","background-position":"center center","background-size":"auto","background-attachment":"scroll","background-type":"","background-media":"","overlay-type":"","overlay-color":"","overlay-opacity":"","overlay-gradient":""},"tablet":{"background-color":"","background-image":"","background-repeat":"repeat","background-position":"center center","background-size":"auto","background-attachment":"scroll","background-type":"","background-media":"","overlay-type":"","overlay-color":"","overlay-opacity":"","overlay-gradient":""},"mobile":{"background-color":"","background-image":"","background-repeat":"repeat","background-position":"center center","background-size":"auto","background-attachment":"scroll","background-type":"","background-media":"","overlay-type":"","overlay-color":"","overlay-opacity":"","overlay-gradient":""}},"ast-content-background-meta":{"desktop":{"background-color":"var(--ast-global-color-5)","background-image":"","background-repeat":"repeat","background-position":"center center","background-size":"auto","background-attachment":"scroll","background-type":"","background-media":"","overlay-type":"","overlay-color":"","overlay-opacity":"","overlay-gradient":""},"tablet":{"background-color":"var(--ast-global-color-5)","background-image":"","background-repeat":"repeat","background-position":"center center","background-size":"auto","background-attachment":"scroll","background-type":"","background-media":"","overlay-type":"","overlay-color":"","overlay-opacity":"","overlay-gradient":""},"mobile":{"background-color":"var(--ast-global-color-5)","background-image":"","background-repeat":"repeat","background-position":"center center","background-size":"auto","background-attachment":"scroll","background-type":"","background-media":"","overlay-type":"","overlay-color":"","overlay-opacity":"","overlay-gradient":""}}},"product_brand":[],"product_cat":[30111],"product_tag":[],"pa_brand_name":[17812],"class_list":{"0":"post-105738","1":"product","2":"type-product","3":"status-publish","4":"has-post-thumbnail","6":"product_cat-winter-tires-friction-2","7":"pa_brand_name-hankook","8":"desktop-align-left","9":"tablet-align-left","10":"mobile-align-left","12":"first","13":"outofstock","14":"taxable","15":"shipping-taxable","16":"purchasable","17":"product-type-simple"},"_links":{"self":[{"href":"https:\/\/shop.rettum.ee\/en\/wp-json\/wp\/v2\/product\/105738","targetHints":{"allow":["GET"]}}],"collection":[{"href":"https:\/\/shop.rettum.ee\/en\/wp-json\/wp\/v2\/product"}],"about":[{"href":"https:\/\/shop.rettum.ee\/en\/wp-json\/wp\/v2\/types\/product"}],"version-history":[{"count":0,"href":"https:\/\/shop.rettum.ee\/en\/wp-json\/wp\/v2\/product\/105738\/revisions"}],"wp:featuredmedia":[{"embeddable":true,"href":"https:\/\/shop.rettum.ee\/en\/wp-json\/wp\/v2\/media\/124177"}],"wp:attachment":[{"href":"https:\/\/shop.rettum.ee\/en\/wp-json\/wp\/v2\/media?parent=105738"}],"wp:term":[{"taxonomy":"product_brand","embeddable":true,"href":"https:\/\/shop.rettum.ee\/en\/wp-json\/wp\/v2\/product_brand?post=105738"},{"taxonomy":"product_cat","embeddable":true,"href":"https:\/\/shop.rettum.ee\/en\/wp-json\/wp\/v2\/product_cat?post=105738"},{"taxonomy":"product_tag","embeddable":true,"href":"https:\/\/shop.rettum.ee\/en\/wp-json\/wp\/v2\/product_tag?post=105738"},{"taxonomy":"pa_brand_name","embeddable":true,"href":"https:\/\/shop.rettum.ee\/en\/wp-json\/wp\/v2\/pa_brand_name?post=105738"}],"curies":[{"name":"wp","href":"https:\/\/api.w.org\/{rel}","templated":true}]}}