{"id":105739,"date":"2025-01-08T11:50:22","date_gmt":"2025-01-08T09:50:22","guid":{"rendered":"https:\/\/shop.rettum.ee\/toode\/265-65r17-sailun-ice-blazer-wst3-112t-studded-3pmsf-ms\/"},"modified":"2026-03-28T02:49:11","modified_gmt":"2026-03-28T00:49:11","slug":"265-65r17-sailun-ice-blazer-wst3-112t-studded-3pmsf-ms","status":"publish","type":"product","link":"https:\/\/shop.rettum.ee\/en\/product\/265-65r17-sailun-ice-blazer-wst3-112t-studded-3pmsf-ms\/","title":{"rendered":"265\/65R17 SAILUN ICE BLAZER WST3 112T Studded 3PMSF M+S"},"content":{"rendered":"<p>Tutvustame SAILUN ICE BLAZER WST3 112T rehvi \u2013 usaldusv\u00e4\u00e4rset lahendust n\u00f5udlikele talvist\u00f6\u00f6del ja keerulisele maastikule. Selle rehvi m\u00f5\u00f5tmed 265\/65R17 annavad kindluse ja stabiilsuse nii igap\u00e4evasel s\u00f5idul kui ka v\u00e4litingimustes. T\u00e4nu studded konstruktsioonile ja 3PMSF m\u00e4rgisele disainile tagab see rehv suurep\u00e4rase haarduvuse lumistel ja j\u00e4istel teedel, pakkudes turvalist s\u00f5idukogemust ka k\u00f5ige n\u00f5udlikumates oludes.<\/p>\n<p>Rehvi tugev koormusindeks 112 v\u00f5imaldab s\u00f5idukil kanda suuremaid raskusi, samal ajal kui kiirusindeks T tagab piisava kiirusv\u00f5ime. Kvaliteetse valmistustehnika ja SAILUN kaubam\u00e4rgi tuntuse t\u00f5ttu on see rehv ideaalne versioon neile, kes hindavad \u00fchtlasi ka vastupidavust ja stabiilsust. Disainitud nii mud ja lume valdamiseks (M+S) kui ka keeruliste talviste s\u00f5idutingimuste jaoks, on ICE BLAZER WST3 kindel partner turvaliseks ja meelerahustavaks s\u00f5iduks.<\/p>\n<p>Valides selle rehvi, tagate oma s\u00f5idukile parima haarduvuse, stabiilsuse ja t\u00f6\u00f6kindluse \u2013 ideaalse kombinatsiooni igap\u00e4evaseks ning ekstreemseks kasutuseks.<\/p>","protected":false},"excerpt":{"rendered":"<p>Tutvustame SAILUN ICE BLAZER WST3 112T rehvi \u2013 usaldusv\u00e4\u00e4rset lahendust n\u00f5udlikele talvist\u00f6\u00f6del ja keerulisele maastikule. Selle rehvi m\u00f5\u00f5tmed 265\/65R17 annavad kindluse ja stabiilsuse nii igap\u00e4evasel s\u00f5idul kui ka v\u00e4litingimustes. T\u00e4nu studded konstruktsioonile ja 3PMSF m\u00e4rgisele disainile tagab see rehv suurep\u00e4rase haarduvuse lumistel ja j\u00e4istel teedel, pakkudes turvalist s\u00f5idukogemust ka k\u00f5ige n\u00f5udlikumates oludes. Rehvi tugev koormusindeks [&hellip;]<\/p>\n","protected":false},"featured_media":124292,"template":"","meta":{"site-sidebar-layout":"default","site-content-layout":"","ast-site-content-layout":"","site-content-style":"default","site-sidebar-style":"default","ast-global-header-display":"","ast-banner-title-visibility":"","ast-main-header-display":"","ast-hfb-above-header-display":"","ast-hfb-below-header-display":"","ast-hfb-mobile-header-display":"","site-post-title":"","ast-breadcrumbs-content":"","ast-featured-img":"","footer-sml-layout":"","theme-transparent-header-meta":"","adv-header-id-meta":"","stick-header-meta":"","header-above-stick-meta":"","header-main-stick-meta":"","header-below-stick-meta":"","astra-migrate-meta-layouts":"default","ast-page-background-enabled":"default","ast-page-background-meta":{"desktop":{"background-color":"","background-image":"","background-repeat":"repeat","background-position":"center center","background-size":"auto","background-attachment":"scroll","background-type":"","background-media":"","overlay-type":"","overlay-color":"","overlay-opacity":"","overlay-gradient":""},"tablet":{"background-color":"","background-image":"","background-repeat":"repeat","background-position":"center center","background-size":"auto","background-attachment":"scroll","background-type":"","background-media":"","overlay-type":"","overlay-color":"","overlay-opacity":"","overlay-gradient":""},"mobile":{"background-color":"","background-image":"","background-repeat":"repeat","background-position":"center center","background-size":"auto","background-attachment":"scroll","background-type":"","background-media":"","overlay-type":"","overlay-color":"","overlay-opacity":"","overlay-gradient":""}},"ast-content-background-meta":{"desktop":{"background-color":"var(--ast-global-color-5)","background-image":"","background-repeat":"repeat","background-position":"center center","background-size":"auto","background-attachment":"scroll","background-type":"","background-media":"","overlay-type":"","overlay-color":"","overlay-opacity":"","overlay-gradient":""},"tablet":{"background-color":"var(--ast-global-color-5)","background-image":"","background-repeat":"repeat","background-position":"center center","background-size":"auto","background-attachment":"scroll","background-type":"","background-media":"","overlay-type":"","overlay-color":"","overlay-opacity":"","overlay-gradient":""},"mobile":{"background-color":"var(--ast-global-color-5)","background-image":"","background-repeat":"repeat","background-position":"center center","background-size":"auto","background-attachment":"scroll","background-type":"","background-media":"","overlay-type":"","overlay-color":"","overlay-opacity":"","overlay-gradient":""}}},"product_brand":[],"product_cat":[30112],"product_tag":[],"pa_brand_name":[17794],"class_list":{"0":"post-105739","1":"product","2":"type-product","3":"status-publish","4":"has-post-thumbnail","6":"product_cat-winter-tires-with-studs-2","7":"pa_brand_name-sailun","8":"desktop-align-left","9":"tablet-align-left","10":"mobile-align-left","12":"first","13":"instock","14":"taxable","15":"shipping-taxable","16":"purchasable","17":"product-type-simple"},"_links":{"self":[{"href":"https:\/\/shop.rettum.ee\/en\/wp-json\/wp\/v2\/product\/105739","targetHints":{"allow":["GET"]}}],"collection":[{"href":"https:\/\/shop.rettum.ee\/en\/wp-json\/wp\/v2\/product"}],"about":[{"href":"https:\/\/shop.rettum.ee\/en\/wp-json\/wp\/v2\/types\/product"}],"version-history":[{"count":0,"href":"https:\/\/shop.rettum.ee\/en\/wp-json\/wp\/v2\/product\/105739\/revisions"}],"wp:featuredmedia":[{"embeddable":true,"href":"https:\/\/shop.rettum.ee\/en\/wp-json\/wp\/v2\/media\/124292"}],"wp:attachment":[{"href":"https:\/\/shop.rettum.ee\/en\/wp-json\/wp\/v2\/media?parent=105739"}],"wp:term":[{"taxonomy":"product_brand","embeddable":true,"href":"https:\/\/shop.rettum.ee\/en\/wp-json\/wp\/v2\/product_brand?post=105739"},{"taxonomy":"product_cat","embeddable":true,"href":"https:\/\/shop.rettum.ee\/en\/wp-json\/wp\/v2\/product_cat?post=105739"},{"taxonomy":"product_tag","embeddable":true,"href":"https:\/\/shop.rettum.ee\/en\/wp-json\/wp\/v2\/product_tag?post=105739"},{"taxonomy":"pa_brand_name","embeddable":true,"href":"https:\/\/shop.rettum.ee\/en\/wp-json\/wp\/v2\/pa_brand_name?post=105739"}],"curies":[{"name":"wp","href":"https:\/\/api.w.org\/{rel}","templated":true}]}}