{"id":105745,"date":"2025-01-08T11:50:39","date_gmt":"2025-01-08T09:50:39","guid":{"rendered":"https:\/\/shop.rettum.ee\/toode\/245-55r19-sailun-ice-blazer-arctic-evo-103h-rp-friction-ceb72-3pmsf-icegrip-ms\/"},"modified":"2026-03-22T02:54:33","modified_gmt":"2026-03-22T00:54:33","slug":"245-55r19-sailun-ice-blazer-arctic-evo-103h-rp-friction-ceb72-3pmsf-icegrip-ms","status":"publish","type":"product","link":"https:\/\/shop.rettum.ee\/en\/product\/245-55r19-sailun-ice-blazer-arctic-evo-103h-rp-friction-ceb72-3pmsf-icegrip-ms\/","title":{"rendered":"245\/55R19 SAILUN ICE BLAZER ARCTIC EVO 103H RP Friction CEB72 3PMSF IceGrip M+S"},"content":{"rendered":"<p>Tutvustame SAILUN ICE BLAZER ARCTIC EVO rehvi \u2013 usaldusv\u00e4\u00e4rne valik talvisteks tingimusteks. Rehvi m\u00f5\u00f5tmed on 245\/55R19, pakkudes ideaalset \u00fchendust ja stabiilsust ka k\u00f5ige libedamal teel. 19-tollise l\u00e4bim\u00f5\u00f5du ja 55% k\u00fclgseina proportsioon tagavad optimaalse kontakti maapinnaga, soodustades selget veoj\u00f5udlust. <\/p>\n<p>Rehvi koormusindeks 103 lubab s\u00f5ita kindlalt ja turvaliselt ka raskemate koormate korral, samas kui kiirusindeks H tagab stabiilsuse kuni 210 km\/h. Energias\u00e4\u00e4stuklass C toetab k\u00fctuseefektiivsust, v\u00f5imaldades s\u00f5ita pikaajaliselt majandlikult. <\/p>\n<p>LABI 3PMSF m\u00e4rgistusega rehvid on eriti sobilikud talvise s\u00f5idu jaoks \u2013 neil on suurep\u00e4rane haarduvus lumel ja j\u00e4\u00e4l. Lisaks on rehvil madal m\u00fcra tase (klassi B, m\u00fcra v\u00e4\u00e4rtus 72), pakkudes mugavat ja vaikset s\u00f5idukogemust. <\/p>\n<p>SAILUN ICE BLAZER ARCTIC EVO rehvid on radiaalse konstrueerimisega ning neid iseloomustab suurep\u00e4rane j\u00f5udlus karmides ilmadeoludes, v\u00f5imaldades kindlat s\u00f5itu ka k\u00f5ige n\u00f5udlikumates teistes.<\/p>","protected":false},"excerpt":{"rendered":"<p>Tutvustame SAILUN ICE BLAZER ARCTIC EVO rehvi \u2013 usaldusv\u00e4\u00e4rne valik talvisteks tingimusteks. Rehvi m\u00f5\u00f5tmed on 245\/55R19, pakkudes ideaalset \u00fchendust ja stabiilsust ka k\u00f5ige libedamal teel. 19-tollise l\u00e4bim\u00f5\u00f5du ja 55% k\u00fclgseina proportsioon tagavad optimaalse kontakti maapinnaga, soodustades selget veoj\u00f5udlust. Rehvi koormusindeks 103 lubab s\u00f5ita kindlalt ja turvaliselt ka raskemate koormate korral, samas kui kiirusindeks H tagab [&hellip;]<\/p>\n","protected":false},"featured_media":123832,"template":"","meta":{"site-sidebar-layout":"default","site-content-layout":"","ast-site-content-layout":"","site-content-style":"default","site-sidebar-style":"default","ast-global-header-display":"","ast-banner-title-visibility":"","ast-main-header-display":"","ast-hfb-above-header-display":"","ast-hfb-below-header-display":"","ast-hfb-mobile-header-display":"","site-post-title":"","ast-breadcrumbs-content":"","ast-featured-img":"","footer-sml-layout":"","theme-transparent-header-meta":"","adv-header-id-meta":"","stick-header-meta":"","header-above-stick-meta":"","header-main-stick-meta":"","header-below-stick-meta":"","astra-migrate-meta-layouts":"default","ast-page-background-enabled":"default","ast-page-background-meta":{"desktop":{"background-color":"","background-image":"","background-repeat":"repeat","background-position":"center center","background-size":"auto","background-attachment":"scroll","background-type":"","background-media":"","overlay-type":"","overlay-color":"","overlay-opacity":"","overlay-gradient":""},"tablet":{"background-color":"","background-image":"","background-repeat":"repeat","background-position":"center center","background-size":"auto","background-attachment":"scroll","background-type":"","background-media":"","overlay-type":"","overlay-color":"","overlay-opacity":"","overlay-gradient":""},"mobile":{"background-color":"","background-image":"","background-repeat":"repeat","background-position":"center center","background-size":"auto","background-attachment":"scroll","background-type":"","background-media":"","overlay-type":"","overlay-color":"","overlay-opacity":"","overlay-gradient":""}},"ast-content-background-meta":{"desktop":{"background-color":"var(--ast-global-color-5)","background-image":"","background-repeat":"repeat","background-position":"center center","background-size":"auto","background-attachment":"scroll","background-type":"","background-media":"","overlay-type":"","overlay-color":"","overlay-opacity":"","overlay-gradient":""},"tablet":{"background-color":"var(--ast-global-color-5)","background-image":"","background-repeat":"repeat","background-position":"center center","background-size":"auto","background-attachment":"scroll","background-type":"","background-media":"","overlay-type":"","overlay-color":"","overlay-opacity":"","overlay-gradient":""},"mobile":{"background-color":"var(--ast-global-color-5)","background-image":"","background-repeat":"repeat","background-position":"center center","background-size":"auto","background-attachment":"scroll","background-type":"","background-media":"","overlay-type":"","overlay-color":"","overlay-opacity":"","overlay-gradient":""}}},"product_brand":[],"product_cat":[30111],"product_tag":[],"pa_brand_name":[17794],"class_list":{"0":"post-105745","1":"product","2":"type-product","3":"status-publish","4":"has-post-thumbnail","6":"product_cat-winter-tires-friction-2","7":"pa_brand_name-sailun","8":"desktop-align-left","9":"tablet-align-left","10":"mobile-align-left","12":"first","13":"outofstock","14":"taxable","15":"shipping-taxable","16":"purchasable","17":"product-type-simple"},"_links":{"self":[{"href":"https:\/\/shop.rettum.ee\/en\/wp-json\/wp\/v2\/product\/105745","targetHints":{"allow":["GET"]}}],"collection":[{"href":"https:\/\/shop.rettum.ee\/en\/wp-json\/wp\/v2\/product"}],"about":[{"href":"https:\/\/shop.rettum.ee\/en\/wp-json\/wp\/v2\/types\/product"}],"version-history":[{"count":0,"href":"https:\/\/shop.rettum.ee\/en\/wp-json\/wp\/v2\/product\/105745\/revisions"}],"wp:featuredmedia":[{"embeddable":true,"href":"https:\/\/shop.rettum.ee\/en\/wp-json\/wp\/v2\/media\/123832"}],"wp:attachment":[{"href":"https:\/\/shop.rettum.ee\/en\/wp-json\/wp\/v2\/media?parent=105745"}],"wp:term":[{"taxonomy":"product_brand","embeddable":true,"href":"https:\/\/shop.rettum.ee\/en\/wp-json\/wp\/v2\/product_brand?post=105745"},{"taxonomy":"product_cat","embeddable":true,"href":"https:\/\/shop.rettum.ee\/en\/wp-json\/wp\/v2\/product_cat?post=105745"},{"taxonomy":"product_tag","embeddable":true,"href":"https:\/\/shop.rettum.ee\/en\/wp-json\/wp\/v2\/product_tag?post=105745"},{"taxonomy":"pa_brand_name","embeddable":true,"href":"https:\/\/shop.rettum.ee\/en\/wp-json\/wp\/v2\/pa_brand_name?post=105745"}],"curies":[{"name":"wp","href":"https:\/\/api.w.org\/{rel}","templated":true}]}}