{"id":105810,"date":"2025-01-08T11:54:49","date_gmt":"2025-01-08T09:54:49","guid":{"rendered":"https:\/\/shop.rettum.ee\/toode\/225-55r19-goodyear-ultra-grip-arctic-2-suv-103t-xl-studded-3pmsf-ms\/"},"modified":"2026-03-22T02:55:58","modified_gmt":"2026-03-22T00:55:58","slug":"225-55r19-goodyear-ultra-grip-arctic-2-suv-103t-xl-studded-3pmsf-ms","status":"publish","type":"product","link":"https:\/\/shop.rettum.ee\/en\/product\/225-55r19-goodyear-ultra-grip-arctic-2-suv-103t-xl-studded-3pmsf-ms\/","title":{"rendered":"225\/55R19 GOODYEAR ULTRA GRIP ARCTIC 2 SUV 103T XL Studded 3PMSF M+S"},"content":{"rendered":"<p>Tutvustame GOODYEAR ULTRA GRIP ARCTIC 2 SUV rehvi \u2013 ideaalne valik eeskujulikule talvet\u00f5usule ja erakordselt n\u00f5udlikele maastikele. See 225\/55R19 m\u00f5\u00f5tmega rehvi on spetsiaalselt disainitud pakkuma k\u00f5rget haarduvust ning stabiilsust ka k\u00f5ige karmimates talveoludes. GOODYEAR on tuntud oma kvaliteedi ja innovatsiooni poolest, mis tagab s\u00f5idumugavuse ja ohutuse igas olukorras.<\/p>\n<p>Rehvi disain vastab M+S tingimustele ning on varustatud kolmepoolselt m\u00e4rgistatud 3PMSF s\u00fcmboliga, mis kinnitab selle suurep\u00e4rast talvise j\u00f5udlust. XL versioon, mille koormusindeks on 103 ja kiirusindeks T, tagab suurema koormusv\u00f5ime ja t\u00f6\u00f6kindluse raskemates s\u00f5idutingimustes. Rehvi laius on 225 mm ning 55% k\u00fclgpaneeli k\u00f5rgus suuendab ideaalseid omadusi nii mugavaks s\u00f5iduks kui ka turvaliseks man\u00f6\u00f6verdamiseks.<\/p>\n<p>Valides GOODYEAR ULTRA GRIP ARCTIC 2 SUV rehvi, investeerid usaldusv\u00e4\u00e4rsusse, s\u00f5idukindlusse ja ohutusse, et nautida talvemaastikke ilma muretsemata libisedava tee p\u00e4rast. Lihtsalt parim teejuht talve v\u00e4ljakutsetele!<\/p>","protected":false},"excerpt":{"rendered":"<p>Tutvustame GOODYEAR ULTRA GRIP ARCTIC 2 SUV rehvi \u2013 ideaalne valik eeskujulikule talvet\u00f5usule ja erakordselt n\u00f5udlikele maastikele. See 225\/55R19 m\u00f5\u00f5tmega rehvi on spetsiaalselt disainitud pakkuma k\u00f5rget haarduvust ning stabiilsust ka k\u00f5ige karmimates talveoludes. GOODYEAR on tuntud oma kvaliteedi ja innovatsiooni poolest, mis tagab s\u00f5idumugavuse ja ohutuse igas olukorras. Rehvi disain vastab M+S tingimustele ning on [&hellip;]<\/p>\n","protected":false},"featured_media":122088,"template":"","meta":{"site-sidebar-layout":"default","site-content-layout":"","ast-site-content-layout":"","site-content-style":"default","site-sidebar-style":"default","ast-global-header-display":"","ast-banner-title-visibility":"","ast-main-header-display":"","ast-hfb-above-header-display":"","ast-hfb-below-header-display":"","ast-hfb-mobile-header-display":"","site-post-title":"","ast-breadcrumbs-content":"","ast-featured-img":"","footer-sml-layout":"","theme-transparent-header-meta":"","adv-header-id-meta":"","stick-header-meta":"","header-above-stick-meta":"","header-main-stick-meta":"","header-below-stick-meta":"","astra-migrate-meta-layouts":"default","ast-page-background-enabled":"default","ast-page-background-meta":{"desktop":{"background-color":"","background-image":"","background-repeat":"repeat","background-position":"center center","background-size":"auto","background-attachment":"scroll","background-type":"","background-media":"","overlay-type":"","overlay-color":"","overlay-opacity":"","overlay-gradient":""},"tablet":{"background-color":"","background-image":"","background-repeat":"repeat","background-position":"center center","background-size":"auto","background-attachment":"scroll","background-type":"","background-media":"","overlay-type":"","overlay-color":"","overlay-opacity":"","overlay-gradient":""},"mobile":{"background-color":"","background-image":"","background-repeat":"repeat","background-position":"center center","background-size":"auto","background-attachment":"scroll","background-type":"","background-media":"","overlay-type":"","overlay-color":"","overlay-opacity":"","overlay-gradient":""}},"ast-content-background-meta":{"desktop":{"background-color":"var(--ast-global-color-5)","background-image":"","background-repeat":"repeat","background-position":"center center","background-size":"auto","background-attachment":"scroll","background-type":"","background-media":"","overlay-type":"","overlay-color":"","overlay-opacity":"","overlay-gradient":""},"tablet":{"background-color":"var(--ast-global-color-5)","background-image":"","background-repeat":"repeat","background-position":"center center","background-size":"auto","background-attachment":"scroll","background-type":"","background-media":"","overlay-type":"","overlay-color":"","overlay-opacity":"","overlay-gradient":""},"mobile":{"background-color":"var(--ast-global-color-5)","background-image":"","background-repeat":"repeat","background-position":"center center","background-size":"auto","background-attachment":"scroll","background-type":"","background-media":"","overlay-type":"","overlay-color":"","overlay-opacity":"","overlay-gradient":""}}},"product_brand":[],"product_cat":[30112],"product_tag":[],"pa_brand_name":[17979],"class_list":{"0":"post-105810","1":"product","2":"type-product","3":"status-publish","4":"has-post-thumbnail","6":"product_cat-winter-tires-with-studs-2","7":"pa_brand_name-goodyear","8":"desktop-align-left","9":"tablet-align-left","10":"mobile-align-left","12":"first","13":"outofstock","14":"taxable","15":"shipping-taxable","16":"purchasable","17":"product-type-simple"},"_links":{"self":[{"href":"https:\/\/shop.rettum.ee\/en\/wp-json\/wp\/v2\/product\/105810","targetHints":{"allow":["GET"]}}],"collection":[{"href":"https:\/\/shop.rettum.ee\/en\/wp-json\/wp\/v2\/product"}],"about":[{"href":"https:\/\/shop.rettum.ee\/en\/wp-json\/wp\/v2\/types\/product"}],"version-history":[{"count":0,"href":"https:\/\/shop.rettum.ee\/en\/wp-json\/wp\/v2\/product\/105810\/revisions"}],"wp:featuredmedia":[{"embeddable":true,"href":"https:\/\/shop.rettum.ee\/en\/wp-json\/wp\/v2\/media\/122088"}],"wp:attachment":[{"href":"https:\/\/shop.rettum.ee\/en\/wp-json\/wp\/v2\/media?parent=105810"}],"wp:term":[{"taxonomy":"product_brand","embeddable":true,"href":"https:\/\/shop.rettum.ee\/en\/wp-json\/wp\/v2\/product_brand?post=105810"},{"taxonomy":"product_cat","embeddable":true,"href":"https:\/\/shop.rettum.ee\/en\/wp-json\/wp\/v2\/product_cat?post=105810"},{"taxonomy":"product_tag","embeddable":true,"href":"https:\/\/shop.rettum.ee\/en\/wp-json\/wp\/v2\/product_tag?post=105810"},{"taxonomy":"pa_brand_name","embeddable":true,"href":"https:\/\/shop.rettum.ee\/en\/wp-json\/wp\/v2\/pa_brand_name?post=105810"}],"curies":[{"name":"wp","href":"https:\/\/api.w.org\/{rel}","templated":true}]}}