{"id":105831,"date":"2025-01-08T11:55:37","date_gmt":"2025-01-08T09:55:37","guid":{"rendered":"https:\/\/shop.rettum.ee\/toode\/205-65r16c-goodyear-cargo-ultra-grip-2-107-105t-studded-3pmsf-ms-2\/"},"modified":"2026-03-22T02:56:21","modified_gmt":"2026-03-22T00:56:21","slug":"205-65r16c-goodyear-cargo-ultra-grip-2-107-105t-studded-3pmsf-ms-2","status":"publish","type":"product","link":"https:\/\/shop.rettum.ee\/en\/product\/205-65r16c-goodyear-cargo-ultra-grip-2-107-105t-studded-3pmsf-ms-2\/","title":{"rendered":"205\/65R16C GOODYEAR CARGO ULTRA GRIP 2 107\/105T Studded 3PMSF M+S"},"content":{"rendered":"<p>Tutvustame Goodyear Cargo Ultra Grip 2 rehvi \u2013 usaldusv\u00e4\u00e4rset ja vastupidavat valikut s\u00f5idukitele, kes n\u00f5uavad parimat haarduvust ja j\u00f5udlust k\u00f5igil teedel. Rehvi m\u00f5\u00f5tmed 205\/65R16C tagavad stabiilsuse ja sobivuse erinevatele s\u00f5idutingimustele. Koos 107\/105 koormusindeksiga ja T kiirusindeksiga on see rehv loodud taluma nii igap\u00e4evast s\u00f5idukasutust kui ka n\u00f5udlikke t\u00f6\u00f6tingimusi, olles ideaalne valik kommertss\u00f5idukitele.<\/p>\n<p>Goodyear Cargo Ultra Grip 2 on radiaalarhitektuuri meistriteos, mille disain keskendub optimaalsele veoj\u00f5ule ning suurep\u00e4rasele pidamisele nii madalal kui ka k\u00f5rgel temperatuuril. Rehvi studdidega variant ning m\u00e4rgistused 3PMSF ja M+S tagavad turvalisuse ka keerulistes ilmastikutingimustes, pakkudes maksimaalset haarduvust lumel, j\u00e4\u00e4l ja mudastes teedes. <\/p>\n<p>Valmistatud kvaliteetsetest materjalidest, on see rehv loodud pikaks elueaks ja usaldusv\u00e4\u00e4rseks t\u00f6\u00f6kaaslaseks. Valige Goodyear Cargo Ultra Grip 2, et nautida parimat s\u00f5idumugavust ja ohutust s\u00f5ltumata teeoludest.<\/p>","protected":false},"excerpt":{"rendered":"<p>Tutvustame Goodyear Cargo Ultra Grip 2 rehvi \u2013 usaldusv\u00e4\u00e4rset ja vastupidavat valikut s\u00f5idukitele, kes n\u00f5uavad parimat haarduvust ja j\u00f5udlust k\u00f5igil teedel. Rehvi m\u00f5\u00f5tmed 205\/65R16C tagavad stabiilsuse ja sobivuse erinevatele s\u00f5idutingimustele. Koos 107\/105 koormusindeksiga ja T kiirusindeksiga on see rehv loodud taluma nii igap\u00e4evast s\u00f5idukasutust kui ka n\u00f5udlikke t\u00f6\u00f6tingimusi, olles ideaalne valik kommertss\u00f5idukitele. Goodyear Cargo Ultra [&hellip;]<\/p>\n","protected":false},"featured_media":123693,"template":"","meta":{"site-sidebar-layout":"default","site-content-layout":"","ast-site-content-layout":"","site-content-style":"default","site-sidebar-style":"default","ast-global-header-display":"","ast-banner-title-visibility":"","ast-main-header-display":"","ast-hfb-above-header-display":"","ast-hfb-below-header-display":"","ast-hfb-mobile-header-display":"","site-post-title":"","ast-breadcrumbs-content":"","ast-featured-img":"","footer-sml-layout":"","theme-transparent-header-meta":"","adv-header-id-meta":"","stick-header-meta":"","header-above-stick-meta":"","header-main-stick-meta":"","header-below-stick-meta":"","astra-migrate-meta-layouts":"default","ast-page-background-enabled":"default","ast-page-background-meta":{"desktop":{"background-color":"","background-image":"","background-repeat":"repeat","background-position":"center center","background-size":"auto","background-attachment":"scroll","background-type":"","background-media":"","overlay-type":"","overlay-color":"","overlay-opacity":"","overlay-gradient":""},"tablet":{"background-color":"","background-image":"","background-repeat":"repeat","background-position":"center center","background-size":"auto","background-attachment":"scroll","background-type":"","background-media":"","overlay-type":"","overlay-color":"","overlay-opacity":"","overlay-gradient":""},"mobile":{"background-color":"","background-image":"","background-repeat":"repeat","background-position":"center center","background-size":"auto","background-attachment":"scroll","background-type":"","background-media":"","overlay-type":"","overlay-color":"","overlay-opacity":"","overlay-gradient":""}},"ast-content-background-meta":{"desktop":{"background-color":"var(--ast-global-color-5)","background-image":"","background-repeat":"repeat","background-position":"center center","background-size":"auto","background-attachment":"scroll","background-type":"","background-media":"","overlay-type":"","overlay-color":"","overlay-opacity":"","overlay-gradient":""},"tablet":{"background-color":"var(--ast-global-color-5)","background-image":"","background-repeat":"repeat","background-position":"center center","background-size":"auto","background-attachment":"scroll","background-type":"","background-media":"","overlay-type":"","overlay-color":"","overlay-opacity":"","overlay-gradient":""},"mobile":{"background-color":"var(--ast-global-color-5)","background-image":"","background-repeat":"repeat","background-position":"center center","background-size":"auto","background-attachment":"scroll","background-type":"","background-media":"","overlay-type":"","overlay-color":"","overlay-opacity":"","overlay-gradient":""}}},"product_brand":[],"product_cat":[30113],"product_tag":[],"pa_brand_name":[17979],"class_list":{"0":"post-105831","1":"product","2":"type-product","3":"status-publish","4":"has-post-thumbnail","6":"product_cat-winter-light-truck-with-studs-2","7":"pa_brand_name-goodyear","8":"desktop-align-left","9":"tablet-align-left","10":"mobile-align-left","12":"first","13":"outofstock","14":"taxable","15":"shipping-taxable","16":"purchasable","17":"product-type-simple"},"_links":{"self":[{"href":"https:\/\/shop.rettum.ee\/en\/wp-json\/wp\/v2\/product\/105831","targetHints":{"allow":["GET"]}}],"collection":[{"href":"https:\/\/shop.rettum.ee\/en\/wp-json\/wp\/v2\/product"}],"about":[{"href":"https:\/\/shop.rettum.ee\/en\/wp-json\/wp\/v2\/types\/product"}],"version-history":[{"count":0,"href":"https:\/\/shop.rettum.ee\/en\/wp-json\/wp\/v2\/product\/105831\/revisions"}],"wp:featuredmedia":[{"embeddable":true,"href":"https:\/\/shop.rettum.ee\/en\/wp-json\/wp\/v2\/media\/123693"}],"wp:attachment":[{"href":"https:\/\/shop.rettum.ee\/en\/wp-json\/wp\/v2\/media?parent=105831"}],"wp:term":[{"taxonomy":"product_brand","embeddable":true,"href":"https:\/\/shop.rettum.ee\/en\/wp-json\/wp\/v2\/product_brand?post=105831"},{"taxonomy":"product_cat","embeddable":true,"href":"https:\/\/shop.rettum.ee\/en\/wp-json\/wp\/v2\/product_cat?post=105831"},{"taxonomy":"product_tag","embeddable":true,"href":"https:\/\/shop.rettum.ee\/en\/wp-json\/wp\/v2\/product_tag?post=105831"},{"taxonomy":"pa_brand_name","embeddable":true,"href":"https:\/\/shop.rettum.ee\/en\/wp-json\/wp\/v2\/pa_brand_name?post=105831"}],"curies":[{"name":"wp","href":"https:\/\/api.w.org\/{rel}","templated":true}]}}