{"id":105842,"date":"2025-01-08T11:55:58","date_gmt":"2025-01-08T09:55:58","guid":{"rendered":"https:\/\/shop.rettum.ee\/toode\/315-70r225-westlake-premium-wss1-156-150l-ms-3pmsf-steer-winter-ecb73\/"},"modified":"2026-03-22T02:56:35","modified_gmt":"2026-03-22T00:56:35","slug":"315-70r225-westlake-premium-wss1-156-150l-ms-3pmsf-steer-winter-ecb73","status":"publish","type":"product","link":"https:\/\/shop.rettum.ee\/en\/product\/315-70r225-westlake-premium-wss1-156-150l-ms-3pmsf-steer-winter-ecb73\/","title":{"rendered":"315\/70R22,5 Westlake Premium WSS1 156\/150L M+S 3PMSF Steer WINTER ECB73"},"content":{"rendered":"<p>Avasta usaldusv\u00e4\u00e4rne talverehv Westlake Premium WSS1, disainitud n\u00f5udlikeks talvisteks tingimusteks. Rehvi m\u00f5\u00f5tmed 315\/70R22,5 tagavad suure diameetri (22,50 tolli) ja t\u00e4ieliku kontaktpinna, pakkudes kindlat haarduvust nii lumel kui ka m\u00e4rjal teel. Suur aspektsuhe ja laius (315 mm) annavad stabiilsust ja ohutust igas s\u00f5iduolukorras.<\/p>\n<p>Kandmisv\u00f5ime indeksid 156\/150 tagavad rehvile maksimaalse kandev\u00f5ime, mis teeb sellest ideaalse valiku raske s\u00f5iduki omanikele. M\u00e4rgised M+S ja 3PMSF kinnitavad rehvi v\u00f5imekust toime tulla karmide ilmastikutingimustega, muutes selle usaldusv\u00e4\u00e4rseks kaaslaseks talvel. Radiaalkonstruktsioon ja kiirusindeks L annavad lisat\u00e4iendust ohutusele ning s\u00f5idud\u00fcnaamikale.<\/p>\n<p>Lisaks on rehvi k\u00fctuses\u00e4\u00e4stlikkuse klass E ja m\u00fcrataseme klass B (m\u00fcrav\u00e4\u00e4rtus 73) taganud s\u00f5idumaolu, kus mugavus ja vaikne s\u00f5it on esmat\u00e4htsad. Valides Westlake Premium WSS1, investeerid kvaliteeti ja ohutusse, mida vajad igas teekonnas.<\/p>","protected":false},"excerpt":{"rendered":"<p>Avasta usaldusv\u00e4\u00e4rne talverehv Westlake Premium WSS1, disainitud n\u00f5udlikeks talvisteks tingimusteks. Rehvi m\u00f5\u00f5tmed 315\/70R22,5 tagavad suure diameetri (22,50 tolli) ja t\u00e4ieliku kontaktpinna, pakkudes kindlat haarduvust nii lumel kui ka m\u00e4rjal teel. Suur aspektsuhe ja laius (315 mm) annavad stabiilsust ja ohutust igas s\u00f5iduolukorras. Kandmisv\u00f5ime indeksid 156\/150 tagavad rehvile maksimaalse kandev\u00f5ime, mis teeb sellest ideaalse valiku raske [&hellip;]<\/p>\n","protected":false},"featured_media":124653,"template":"","meta":{"site-sidebar-layout":"default","site-content-layout":"","ast-site-content-layout":"","site-content-style":"default","site-sidebar-style":"default","ast-global-header-display":"","ast-banner-title-visibility":"","ast-main-header-display":"","ast-hfb-above-header-display":"","ast-hfb-below-header-display":"","ast-hfb-mobile-header-display":"","site-post-title":"","ast-breadcrumbs-content":"","ast-featured-img":"","footer-sml-layout":"","theme-transparent-header-meta":"","adv-header-id-meta":"","stick-header-meta":"","header-above-stick-meta":"","header-main-stick-meta":"","header-below-stick-meta":"","astra-migrate-meta-layouts":"default","ast-page-background-enabled":"default","ast-page-background-meta":{"desktop":{"background-color":"","background-image":"","background-repeat":"repeat","background-position":"center center","background-size":"auto","background-attachment":"scroll","background-type":"","background-media":"","overlay-type":"","overlay-color":"","overlay-opacity":"","overlay-gradient":""},"tablet":{"background-color":"","background-image":"","background-repeat":"repeat","background-position":"center center","background-size":"auto","background-attachment":"scroll","background-type":"","background-media":"","overlay-type":"","overlay-color":"","overlay-opacity":"","overlay-gradient":""},"mobile":{"background-color":"","background-image":"","background-repeat":"repeat","background-position":"center center","background-size":"auto","background-attachment":"scroll","background-type":"","background-media":"","overlay-type":"","overlay-color":"","overlay-opacity":"","overlay-gradient":""}},"ast-content-background-meta":{"desktop":{"background-color":"var(--ast-global-color-5)","background-image":"","background-repeat":"repeat","background-position":"center center","background-size":"auto","background-attachment":"scroll","background-type":"","background-media":"","overlay-type":"","overlay-color":"","overlay-opacity":"","overlay-gradient":""},"tablet":{"background-color":"var(--ast-global-color-5)","background-image":"","background-repeat":"repeat","background-position":"center center","background-size":"auto","background-attachment":"scroll","background-type":"","background-media":"","overlay-type":"","overlay-color":"","overlay-opacity":"","overlay-gradient":""},"mobile":{"background-color":"var(--ast-global-color-5)","background-image":"","background-repeat":"repeat","background-position":"center center","background-size":"auto","background-attachment":"scroll","background-type":"","background-media":"","overlay-type":"","overlay-color":"","overlay-opacity":"","overlay-gradient":""}}},"product_brand":[],"product_cat":[30114],"product_tag":[],"pa_brand_name":[34815],"class_list":{"0":"post-105842","1":"product","2":"type-product","3":"status-publish","4":"has-post-thumbnail","6":"product_cat-truck-tires-2","7":"pa_brand_name-westlake-premium","8":"desktop-align-left","9":"tablet-align-left","10":"mobile-align-left","12":"first","13":"outofstock","14":"taxable","15":"shipping-taxable","16":"purchasable","17":"product-type-simple"},"_links":{"self":[{"href":"https:\/\/shop.rettum.ee\/en\/wp-json\/wp\/v2\/product\/105842","targetHints":{"allow":["GET"]}}],"collection":[{"href":"https:\/\/shop.rettum.ee\/en\/wp-json\/wp\/v2\/product"}],"about":[{"href":"https:\/\/shop.rettum.ee\/en\/wp-json\/wp\/v2\/types\/product"}],"version-history":[{"count":0,"href":"https:\/\/shop.rettum.ee\/en\/wp-json\/wp\/v2\/product\/105842\/revisions"}],"wp:featuredmedia":[{"embeddable":true,"href":"https:\/\/shop.rettum.ee\/en\/wp-json\/wp\/v2\/media\/124653"}],"wp:attachment":[{"href":"https:\/\/shop.rettum.ee\/en\/wp-json\/wp\/v2\/media?parent=105842"}],"wp:term":[{"taxonomy":"product_brand","embeddable":true,"href":"https:\/\/shop.rettum.ee\/en\/wp-json\/wp\/v2\/product_brand?post=105842"},{"taxonomy":"product_cat","embeddable":true,"href":"https:\/\/shop.rettum.ee\/en\/wp-json\/wp\/v2\/product_cat?post=105842"},{"taxonomy":"product_tag","embeddable":true,"href":"https:\/\/shop.rettum.ee\/en\/wp-json\/wp\/v2\/product_tag?post=105842"},{"taxonomy":"pa_brand_name","embeddable":true,"href":"https:\/\/shop.rettum.ee\/en\/wp-json\/wp\/v2\/pa_brand_name?post=105842"}],"curies":[{"name":"wp","href":"https:\/\/api.w.org\/{rel}","templated":true}]}}