{"id":105849,"date":"2025-01-08T11:56:12","date_gmt":"2025-01-08T09:56:12","guid":{"rendered":"https:\/\/shop.rettum.ee\/toode\/185-65r15-dynamo-snow-h-mwh02-w506-88t-studdable-ddb71-3pmsf-icegrip-ms\/"},"modified":"2026-03-28T02:49:33","modified_gmt":"2026-03-28T00:49:33","slug":"185-65r15-dynamo-snow-h-mwh02-w506-88t-studdable-ddb71-3pmsf-icegrip-ms","status":"publish","type":"product","link":"https:\/\/shop.rettum.ee\/en\/product\/185-65r15-dynamo-snow-h-mwh02-w506-88t-studdable-ddb71-3pmsf-icegrip-ms\/","title":{"rendered":"185\/65R15 DYNAMO SNOW-H MWH02 (W506) 88T Studdable DDB71 3PMSF IceGrip M+S"},"content":{"rendered":"<p>DYNAMO SNOW-H MWH02 (W506) on tipptasemel talverehvid, mis \u00fchendavad ohutuse ja k\u00f5rge j\u00f5udluse ka k\u00f5ige n\u00f5udlikumates ilmastikuoludes. Rehvid on m\u00f5eldud s\u00f5iduks lumistel ja j\u00e4istel teedel ning nende 3PMSF ja M+S m\u00e4rgistused kinnitavad erakordseid talverehvide omadusi. M\u00f5\u00f5tmed 185\/65R15 tagavad optimaalse kontakti teega, pakkudes stabiilsust ja kindlat haardumist igas kurvis.<\/p>\n<p>Rehvide tugevused on mitmek\u00fclgsed: studdable DDB71 s\u00fcsteem v\u00f5imaldab varustamist kruvis\u00f5rutega, tagades maksimaalse j\u00f5udluse j\u00e4istel tingimustel, samas kui 88 koormusindeks ja T kiirusindeks sobivad igap\u00e4evaseks kasutamiseks. T\u00e4nu radialkonstruktsioonile ja heale m\u00fcraklassile (klass B ning m\u00fcrasideks v\u00e4\u00e4rtus 71) on s\u00f5idumugavus tagatud ka pikematel teepikkustel.<\/p>\n<p>Lisaks pakub DYNAMO SNOW-H MWH02 head k\u00fctuses\u00e4\u00e4stlikkust (k\u00fctuseefektiivsus D) ja tugevat vastupidavust, olles parim valik neid otsivatele. Valides selle rehvi, v\u00f5etakse kasutusele tipptasemel tehnoloogia ja turvalisus, mis muudab s\u00f5idu lumistel ja j\u00e4istel teedel usaldusv\u00e4\u00e4rselt kindlaks ja turvaliseks.<\/p>","protected":false},"excerpt":{"rendered":"<p>DYNAMO SNOW-H MWH02 (W506) on tipptasemel talverehvid, mis \u00fchendavad ohutuse ja k\u00f5rge j\u00f5udluse ka k\u00f5ige n\u00f5udlikumates ilmastikuoludes. Rehvid on m\u00f5eldud s\u00f5iduks lumistel ja j\u00e4istel teedel ning nende 3PMSF ja M+S m\u00e4rgistused kinnitavad erakordseid talverehvide omadusi. M\u00f5\u00f5tmed 185\/65R15 tagavad optimaalse kontakti teega, pakkudes stabiilsust ja kindlat haardumist igas kurvis. Rehvide tugevused on mitmek\u00fclgsed: studdable DDB71 s\u00fcsteem [&hellip;]<\/p>\n","protected":false},"featured_media":124760,"template":"","meta":{"site-sidebar-layout":"default","site-content-layout":"","ast-site-content-layout":"","site-content-style":"default","site-sidebar-style":"default","ast-global-header-display":"","ast-banner-title-visibility":"","ast-main-header-display":"","ast-hfb-above-header-display":"","ast-hfb-below-header-display":"","ast-hfb-mobile-header-display":"","site-post-title":"","ast-breadcrumbs-content":"","ast-featured-img":"","footer-sml-layout":"","theme-transparent-header-meta":"","adv-header-id-meta":"","stick-header-meta":"","header-above-stick-meta":"","header-main-stick-meta":"","header-below-stick-meta":"","astra-migrate-meta-layouts":"default","ast-page-background-enabled":"default","ast-page-background-meta":{"desktop":{"background-color":"","background-image":"","background-repeat":"repeat","background-position":"center center","background-size":"auto","background-attachment":"scroll","background-type":"","background-media":"","overlay-type":"","overlay-color":"","overlay-opacity":"","overlay-gradient":""},"tablet":{"background-color":"","background-image":"","background-repeat":"repeat","background-position":"center center","background-size":"auto","background-attachment":"scroll","background-type":"","background-media":"","overlay-type":"","overlay-color":"","overlay-opacity":"","overlay-gradient":""},"mobile":{"background-color":"","background-image":"","background-repeat":"repeat","background-position":"center center","background-size":"auto","background-attachment":"scroll","background-type":"","background-media":"","overlay-type":"","overlay-color":"","overlay-opacity":"","overlay-gradient":""}},"ast-content-background-meta":{"desktop":{"background-color":"var(--ast-global-color-5)","background-image":"","background-repeat":"repeat","background-position":"center center","background-size":"auto","background-attachment":"scroll","background-type":"","background-media":"","overlay-type":"","overlay-color":"","overlay-opacity":"","overlay-gradient":""},"tablet":{"background-color":"var(--ast-global-color-5)","background-image":"","background-repeat":"repeat","background-position":"center center","background-size":"auto","background-attachment":"scroll","background-type":"","background-media":"","overlay-type":"","overlay-color":"","overlay-opacity":"","overlay-gradient":""},"mobile":{"background-color":"var(--ast-global-color-5)","background-image":"","background-repeat":"repeat","background-position":"center center","background-size":"auto","background-attachment":"scroll","background-type":"","background-media":"","overlay-type":"","overlay-color":"","overlay-opacity":"","overlay-gradient":""}}},"product_brand":[],"product_cat":[29017],"product_tag":[],"pa_brand_name":[17833],"class_list":{"0":"post-105849","1":"product","2":"type-product","3":"status-publish","4":"has-post-thumbnail","6":"product_cat-winter-tires-studdable","7":"pa_brand_name-dynamo","8":"desktop-align-left","9":"tablet-align-left","10":"mobile-align-left","12":"first","13":"instock","14":"taxable","15":"shipping-taxable","16":"purchasable","17":"product-type-simple"},"_links":{"self":[{"href":"https:\/\/shop.rettum.ee\/en\/wp-json\/wp\/v2\/product\/105849","targetHints":{"allow":["GET"]}}],"collection":[{"href":"https:\/\/shop.rettum.ee\/en\/wp-json\/wp\/v2\/product"}],"about":[{"href":"https:\/\/shop.rettum.ee\/en\/wp-json\/wp\/v2\/types\/product"}],"version-history":[{"count":0,"href":"https:\/\/shop.rettum.ee\/en\/wp-json\/wp\/v2\/product\/105849\/revisions"}],"wp:featuredmedia":[{"embeddable":true,"href":"https:\/\/shop.rettum.ee\/en\/wp-json\/wp\/v2\/media\/124760"}],"wp:attachment":[{"href":"https:\/\/shop.rettum.ee\/en\/wp-json\/wp\/v2\/media?parent=105849"}],"wp:term":[{"taxonomy":"product_brand","embeddable":true,"href":"https:\/\/shop.rettum.ee\/en\/wp-json\/wp\/v2\/product_brand?post=105849"},{"taxonomy":"product_cat","embeddable":true,"href":"https:\/\/shop.rettum.ee\/en\/wp-json\/wp\/v2\/product_cat?post=105849"},{"taxonomy":"product_tag","embeddable":true,"href":"https:\/\/shop.rettum.ee\/en\/wp-json\/wp\/v2\/product_tag?post=105849"},{"taxonomy":"pa_brand_name","embeddable":true,"href":"https:\/\/shop.rettum.ee\/en\/wp-json\/wp\/v2\/pa_brand_name?post=105849"}],"curies":[{"name":"wp","href":"https:\/\/api.w.org\/{rel}","templated":true}]}}