{"id":105850,"date":"2025-01-08T11:56:14","date_gmt":"2025-01-08T09:56:14","guid":{"rendered":"https:\/\/shop.rettum.ee\/toode\/185-55r15-dynamo-snow-h-mwh01-bw56-86h-xl-studless-edb70-3pmsf-ms\/"},"modified":"2026-03-28T02:49:34","modified_gmt":"2026-03-28T00:49:34","slug":"185-55r15-dynamo-snow-h-mwh01-bw56-86h-xl-studless-edb70-3pmsf-ms","status":"publish","type":"product","link":"https:\/\/shop.rettum.ee\/en\/product\/185-55r15-dynamo-snow-h-mwh01-bw56-86h-xl-studless-edb70-3pmsf-ms\/","title":{"rendered":"185\/55R15 DYNAMO SNOW-H MWH01 (BW56) 86H XL Studless EDB70 3PMSF M+S"},"content":{"rendered":"<p>DYNAMO SNOW-H MWH01 (BW56) 185\/55R15 on disainitud tagama maksimaalne turvalisus ja stabiilsus ka k\u00f5ige n\u00f5udlikumates talveoludes. See kvaliteetne rehviv\u00f5te, millel on M+S ja 3PMSF m\u00e4rgised, pakub suurt s\u00f5idumugavust nii lumistel kui ka j\u00e4istel teedel \u2013 ideaalne valik neile, kes hindavad usaldusv\u00e4\u00e4rsust igas olukorras.<\/p>\n<p>Rehvi 55% k\u00fclgm\u00f5\u00f5du suhe koos 15-tollise diameetriga tagab optimaalse tasakaalu ja t\u00e4pse juhitavuse. Laadimisindeks 86 ja kiirusindeks H lubavad turvalist ja ennetavat s\u00f5iduomadust, samal ajal kui XL-kategooria annab lisatugevust suuremate koormate jaoks. Energias\u00e4\u00e4stlikkuse reiting E aitab v\u00e4hendada k\u00fctusekulu, mis on oluline nii s\u00f5idukasutajale kui ka keskkonnale.<\/p>\n<p>Radiaalkonstruktsioon ja studless-tehnoloogia tagavad stabiilsuse ning m\u00fcraklass B koos m\u00fcrav\u00e4\u00e4rtusega 70 tagavad vaikse ja puhta s\u00f5idukogemuse. DYNAMO SNOW-H on parim partner talvisteks seiklusteks, pakkudes usaldusv\u00e4\u00e4rsust ja kvaliteeti igas ilmastikutingimustes.<\/p>","protected":false},"excerpt":{"rendered":"<p>DYNAMO SNOW-H MWH01 (BW56) 185\/55R15 on disainitud tagama maksimaalne turvalisus ja stabiilsus ka k\u00f5ige n\u00f5udlikumates talveoludes. See kvaliteetne rehviv\u00f5te, millel on M+S ja 3PMSF m\u00e4rgised, pakub suurt s\u00f5idumugavust nii lumistel kui ka j\u00e4istel teedel \u2013 ideaalne valik neile, kes hindavad usaldusv\u00e4\u00e4rsust igas olukorras. Rehvi 55% k\u00fclgm\u00f5\u00f5du suhe koos 15-tollise diameetriga tagab optimaalse tasakaalu ja t\u00e4pse [&hellip;]<\/p>\n","protected":false},"featured_media":123804,"template":"","meta":{"site-sidebar-layout":"default","site-content-layout":"","ast-site-content-layout":"","site-content-style":"default","site-sidebar-style":"default","ast-global-header-display":"","ast-banner-title-visibility":"","ast-main-header-display":"","ast-hfb-above-header-display":"","ast-hfb-below-header-display":"","ast-hfb-mobile-header-display":"","site-post-title":"","ast-breadcrumbs-content":"","ast-featured-img":"","footer-sml-layout":"","theme-transparent-header-meta":"","adv-header-id-meta":"","stick-header-meta":"","header-above-stick-meta":"","header-main-stick-meta":"","header-below-stick-meta":"","astra-migrate-meta-layouts":"default","ast-page-background-enabled":"default","ast-page-background-meta":{"desktop":{"background-color":"","background-image":"","background-repeat":"repeat","background-position":"center center","background-size":"auto","background-attachment":"scroll","background-type":"","background-media":"","overlay-type":"","overlay-color":"","overlay-opacity":"","overlay-gradient":""},"tablet":{"background-color":"","background-image":"","background-repeat":"repeat","background-position":"center center","background-size":"auto","background-attachment":"scroll","background-type":"","background-media":"","overlay-type":"","overlay-color":"","overlay-opacity":"","overlay-gradient":""},"mobile":{"background-color":"","background-image":"","background-repeat":"repeat","background-position":"center center","background-size":"auto","background-attachment":"scroll","background-type":"","background-media":"","overlay-type":"","overlay-color":"","overlay-opacity":"","overlay-gradient":""}},"ast-content-background-meta":{"desktop":{"background-color":"var(--ast-global-color-5)","background-image":"","background-repeat":"repeat","background-position":"center center","background-size":"auto","background-attachment":"scroll","background-type":"","background-media":"","overlay-type":"","overlay-color":"","overlay-opacity":"","overlay-gradient":""},"tablet":{"background-color":"var(--ast-global-color-5)","background-image":"","background-repeat":"repeat","background-position":"center center","background-size":"auto","background-attachment":"scroll","background-type":"","background-media":"","overlay-type":"","overlay-color":"","overlay-opacity":"","overlay-gradient":""},"mobile":{"background-color":"var(--ast-global-color-5)","background-image":"","background-repeat":"repeat","background-position":"center center","background-size":"auto","background-attachment":"scroll","background-type":"","background-media":"","overlay-type":"","overlay-color":"","overlay-opacity":"","overlay-gradient":""}}},"product_brand":[],"product_cat":[30111],"product_tag":[],"pa_brand_name":[17833],"class_list":{"0":"post-105850","1":"product","2":"type-product","3":"status-publish","4":"has-post-thumbnail","6":"product_cat-winter-tires-friction-2","7":"pa_brand_name-dynamo","8":"desktop-align-left","9":"tablet-align-left","10":"mobile-align-left","12":"first","13":"instock","14":"taxable","15":"shipping-taxable","16":"purchasable","17":"product-type-simple"},"_links":{"self":[{"href":"https:\/\/shop.rettum.ee\/en\/wp-json\/wp\/v2\/product\/105850","targetHints":{"allow":["GET"]}}],"collection":[{"href":"https:\/\/shop.rettum.ee\/en\/wp-json\/wp\/v2\/product"}],"about":[{"href":"https:\/\/shop.rettum.ee\/en\/wp-json\/wp\/v2\/types\/product"}],"version-history":[{"count":0,"href":"https:\/\/shop.rettum.ee\/en\/wp-json\/wp\/v2\/product\/105850\/revisions"}],"wp:featuredmedia":[{"embeddable":true,"href":"https:\/\/shop.rettum.ee\/en\/wp-json\/wp\/v2\/media\/123804"}],"wp:attachment":[{"href":"https:\/\/shop.rettum.ee\/en\/wp-json\/wp\/v2\/media?parent=105850"}],"wp:term":[{"taxonomy":"product_brand","embeddable":true,"href":"https:\/\/shop.rettum.ee\/en\/wp-json\/wp\/v2\/product_brand?post=105850"},{"taxonomy":"product_cat","embeddable":true,"href":"https:\/\/shop.rettum.ee\/en\/wp-json\/wp\/v2\/product_cat?post=105850"},{"taxonomy":"product_tag","embeddable":true,"href":"https:\/\/shop.rettum.ee\/en\/wp-json\/wp\/v2\/product_tag?post=105850"},{"taxonomy":"pa_brand_name","embeddable":true,"href":"https:\/\/shop.rettum.ee\/en\/wp-json\/wp\/v2\/pa_brand_name?post=105850"}],"curies":[{"name":"wp","href":"https:\/\/api.w.org\/{rel}","templated":true}]}}