{"id":105894,"date":"2025-01-08T11:57:40","date_gmt":"2025-01-08T09:57:40","guid":{"rendered":"https:\/\/shop.rettum.ee\/toode\/215-55r17-dynamo-snow-h-msl01-98t-xl-friction-bcb70-3pmsf-ms\/"},"modified":"2025-07-30T02:54:05","modified_gmt":"2025-07-29T23:54:05","slug":"215-55r17-dynamo-snow-h-msl01-98t-xl-friction-bcb70-3pmsf-ms","status":"publish","type":"product","link":"https:\/\/shop.rettum.ee\/en\/product\/215-55r17-dynamo-snow-h-msl01-98t-xl-friction-bcb70-3pmsf-ms\/","title":{"rendered":"215\/55R17 DYNAMO SNOW-H MSL01 98T XL Friction BCB70 3PMSF M+S"},"content":{"rendered":"<p>Tutvustame DYNAMO SNOW-H MSL01 rehvi \u2013 usaldusv\u00e4\u00e4rne ja innovaatiline lahendus n\u00f5udlikuks talviseks s\u00f5iduks! Rehvi m\u00f5\u00f5tmed 215\/55R17 tagavad suurep\u00e4rase haarduvuse ja stabiilsuse, samas kui 17-tolline l\u00e4bim\u00f5\u00f5t loovad t\u00e4pse ja optimaalse kontaktpinna. Kaasaegse tehnoloogia ja hoolikalt v\u00e4lja t\u00f6\u00f6tatud kulumismuster tagavad mitte ainult ohutu s\u00f5idu ka libedatel teedel, vaid on ka varustatud s\u00fcmboolse M+S (mud ja lumi) m\u00e4rgisega ning 3PMSF sertifikaadiga, mis kinnitab rehvi v\u00f5imeid rasketes ilmastikutingimustes.<\/p>\n<p>Rehvi elevatsioonist n\u00e4htav XL-kategooria tagab suurema kandev\u00f5ime ning m\u00f5\u00f5dukas koormusindeks 98 v\u00f5imaldab muretult s\u00f5ita ka t\u00e4islaetud s\u00f5idukitega. Kiirusindeks T toetab s\u00f5idu sujuvust kuni 190 km\/h, samas kui k\u00fctuses\u00e4\u00e4stlik B-klass ja keskmine m\u00fcra tase (klassi B, 70 dB) muudavad s\u00f5idu rahulikuks ning \u00f6konoomseks. DYNAMO br\u00e4ndiks on usaldusv\u00e4\u00e4rsus ja kvaliteet \u2013 valides SNOW-H MSL01 rehvi, tagad oma s\u00f5idukile tipptasemel j\u00f5udluse ja turvalisuse ka k\u00f5ige karmimates talvisetes tingimustes.<\/p>","protected":false},"excerpt":{"rendered":"<p>Tutvustame DYNAMO SNOW-H MSL01 rehvi \u2013 usaldusv\u00e4\u00e4rne ja innovaatiline lahendus n\u00f5udlikuks talviseks s\u00f5iduks! Rehvi m\u00f5\u00f5tmed 215\/55R17 tagavad suurep\u00e4rase haarduvuse ja stabiilsuse, samas kui 17-tolline l\u00e4bim\u00f5\u00f5t loovad t\u00e4pse ja optimaalse kontaktpinna. Kaasaegse tehnoloogia ja hoolikalt v\u00e4lja t\u00f6\u00f6tatud kulumismuster tagavad mitte ainult ohutu s\u00f5idu ka libedatel teedel, vaid on ka varustatud s\u00fcmboolse M+S (mud ja lumi) m\u00e4rgisega [&hellip;]<\/p>\n","protected":false},"featured_media":123787,"template":"","meta":{"site-sidebar-layout":"default","site-content-layout":"","ast-site-content-layout":"","site-content-style":"default","site-sidebar-style":"default","ast-global-header-display":"","ast-banner-title-visibility":"","ast-main-header-display":"","ast-hfb-above-header-display":"","ast-hfb-below-header-display":"","ast-hfb-mobile-header-display":"","site-post-title":"","ast-breadcrumbs-content":"","ast-featured-img":"","footer-sml-layout":"","theme-transparent-header-meta":"","adv-header-id-meta":"","stick-header-meta":"","header-above-stick-meta":"","header-main-stick-meta":"","header-below-stick-meta":"","astra-migrate-meta-layouts":"default","ast-page-background-enabled":"default","ast-page-background-meta":{"desktop":{"background-color":"","background-image":"","background-repeat":"repeat","background-position":"center center","background-size":"auto","background-attachment":"scroll","background-type":"","background-media":"","overlay-type":"","overlay-color":"","overlay-opacity":"","overlay-gradient":""},"tablet":{"background-color":"","background-image":"","background-repeat":"repeat","background-position":"center center","background-size":"auto","background-attachment":"scroll","background-type":"","background-media":"","overlay-type":"","overlay-color":"","overlay-opacity":"","overlay-gradient":""},"mobile":{"background-color":"","background-image":"","background-repeat":"repeat","background-position":"center center","background-size":"auto","background-attachment":"scroll","background-type":"","background-media":"","overlay-type":"","overlay-color":"","overlay-opacity":"","overlay-gradient":""}},"ast-content-background-meta":{"desktop":{"background-color":"var(--ast-global-color-5)","background-image":"","background-repeat":"repeat","background-position":"center center","background-size":"auto","background-attachment":"scroll","background-type":"","background-media":"","overlay-type":"","overlay-color":"","overlay-opacity":"","overlay-gradient":""},"tablet":{"background-color":"var(--ast-global-color-5)","background-image":"","background-repeat":"repeat","background-position":"center center","background-size":"auto","background-attachment":"scroll","background-type":"","background-media":"","overlay-type":"","overlay-color":"","overlay-opacity":"","overlay-gradient":""},"mobile":{"background-color":"var(--ast-global-color-5)","background-image":"","background-repeat":"repeat","background-position":"center center","background-size":"auto","background-attachment":"scroll","background-type":"","background-media":"","overlay-type":"","overlay-color":"","overlay-opacity":"","overlay-gradient":""}}},"product_brand":[],"product_cat":[30111],"product_tag":[],"pa_brand_name":[17833],"class_list":{"0":"post-105894","1":"product","2":"type-product","3":"status-publish","4":"has-post-thumbnail","6":"product_cat-winter-tires-friction-2","7":"pa_brand_name-dynamo","8":"desktop-align-left","9":"tablet-align-left","10":"mobile-align-left","12":"first","13":"outofstock","14":"taxable","15":"shipping-taxable","16":"purchasable","17":"product-type-simple"},"_links":{"self":[{"href":"https:\/\/shop.rettum.ee\/en\/wp-json\/wp\/v2\/product\/105894","targetHints":{"allow":["GET"]}}],"collection":[{"href":"https:\/\/shop.rettum.ee\/en\/wp-json\/wp\/v2\/product"}],"about":[{"href":"https:\/\/shop.rettum.ee\/en\/wp-json\/wp\/v2\/types\/product"}],"version-history":[{"count":0,"href":"https:\/\/shop.rettum.ee\/en\/wp-json\/wp\/v2\/product\/105894\/revisions"}],"wp:featuredmedia":[{"embeddable":true,"href":"https:\/\/shop.rettum.ee\/en\/wp-json\/wp\/v2\/media\/123787"}],"wp:attachment":[{"href":"https:\/\/shop.rettum.ee\/en\/wp-json\/wp\/v2\/media?parent=105894"}],"wp:term":[{"taxonomy":"product_brand","embeddable":true,"href":"https:\/\/shop.rettum.ee\/en\/wp-json\/wp\/v2\/product_brand?post=105894"},{"taxonomy":"product_cat","embeddable":true,"href":"https:\/\/shop.rettum.ee\/en\/wp-json\/wp\/v2\/product_cat?post=105894"},{"taxonomy":"product_tag","embeddable":true,"href":"https:\/\/shop.rettum.ee\/en\/wp-json\/wp\/v2\/product_tag?post=105894"},{"taxonomy":"pa_brand_name","embeddable":true,"href":"https:\/\/shop.rettum.ee\/en\/wp-json\/wp\/v2\/pa_brand_name?post=105894"}],"curies":[{"name":"wp","href":"https:\/\/api.w.org\/{rel}","templated":true}]}}