{"id":105896,"date":"2025-01-08T11:57:44","date_gmt":"2025-01-08T09:57:44","guid":{"rendered":"https:\/\/shop.rettum.ee\/toode\/205-55r16-hankook-ventus-prime4-k135-94w-xl-rp-caa69\/"},"modified":"2026-03-22T03:01:31","modified_gmt":"2026-03-22T01:01:31","slug":"205-55r16-hankook-ventus-prime4-k135-94w-xl-rp-caa69","status":"publish","type":"product","link":"https:\/\/shop.rettum.ee\/en\/product\/205-55r16-hankook-ventus-prime4-k135-94w-xl-rp-caa69\/","title":{"rendered":"205\/55R16 HANKOOK VENTUS PRIME4 (K135) 94W XL RP CAA69"},"content":{"rendered":"<p>Tutvu HANKOOK VENTUS PRIME4 (K135) 205\/55R16 rehviga \u2013 ideaalne kombinatsioon julge disaini ja tehnoloogilise uuendusega. See maja- ja kergekaubikutele m\u00f5eldud rehvit\u00fc\u00fc\u00fcp tagab stabiilsuse ja tipp-turvalisuse igas s\u00f5iduolukorras. 205 mm laiune rehviriba ja 55% k\u00fclgseina suhe tagavad optimaalse haarduvuse ning s\u00f5idumugavuse, samas kui 16-tolline diameeter v\u00f5imaldab sujuvat s\u00f5itu nii linnaliikluses kui maanteedel.<\/p>\n<p>Rehvi laadimisindeks 94 ja kiirusindeks W annavad kindlustunde ka n\u00f5udlike s\u00f5idutingimuste puhul. XL versioon tagab suurema koormuskandev\u00f5ime, pakkudes t\u00e4iendavat turvalisust ja stabiilsust. Madala m\u00fcra klass A (v\u00e4\u00e4rtus 69) tagab vaikse s\u00f5idukogemuse ning lisab s\u00f5idutundele mugavust ja rahu. Lisaks on rehvil uuritud k\u00fctuses\u00e4\u00e4stlikkuse hinnanguga C, mis aitab optimeerida s\u00f5idukit\u00f6\u00f6d ja v\u00e4hendada kulusid.<\/p>\n<p>HANKOOK loovad usaldusv\u00e4\u00e4rseid ja innovaatilisi rehvilaadseid, mis vastavad t\u00e4nap\u00e4eva n\u00f5udmistele. Vali HANKOOK VENTUS PRIME4, et kogeda t\u00e4iuslikku kooslust j\u00f5udlikkust, ohutust ja s\u00f5idumugavust igas teekonnas.<\/p>","protected":false},"excerpt":{"rendered":"<p>Tutvu HANKOOK VENTUS PRIME4 (K135) 205\/55R16 rehviga \u2013 ideaalne kombinatsioon julge disaini ja tehnoloogilise uuendusega. See maja- ja kergekaubikutele m\u00f5eldud rehvit\u00fc\u00fc\u00fcp tagab stabiilsuse ja tipp-turvalisuse igas s\u00f5iduolukorras. 205 mm laiune rehviriba ja 55% k\u00fclgseina suhe tagavad optimaalse haarduvuse ning s\u00f5idumugavuse, samas kui 16-tolline diameeter v\u00f5imaldab sujuvat s\u00f5itu nii linnaliikluses kui maanteedel. Rehvi laadimisindeks 94 ja [&hellip;]<\/p>\n","protected":false},"featured_media":122145,"template":"","meta":{"site-sidebar-layout":"default","site-content-layout":"","ast-site-content-layout":"","site-content-style":"default","site-sidebar-style":"default","ast-global-header-display":"","ast-banner-title-visibility":"","ast-main-header-display":"","ast-hfb-above-header-display":"","ast-hfb-below-header-display":"","ast-hfb-mobile-header-display":"","site-post-title":"","ast-breadcrumbs-content":"","ast-featured-img":"","footer-sml-layout":"","theme-transparent-header-meta":"","adv-header-id-meta":"","stick-header-meta":"","header-above-stick-meta":"","header-main-stick-meta":"","header-below-stick-meta":"","astra-migrate-meta-layouts":"default","ast-page-background-enabled":"default","ast-page-background-meta":{"desktop":{"background-color":"","background-image":"","background-repeat":"repeat","background-position":"center center","background-size":"auto","background-attachment":"scroll","background-type":"","background-media":"","overlay-type":"","overlay-color":"","overlay-opacity":"","overlay-gradient":""},"tablet":{"background-color":"","background-image":"","background-repeat":"repeat","background-position":"center center","background-size":"auto","background-attachment":"scroll","background-type":"","background-media":"","overlay-type":"","overlay-color":"","overlay-opacity":"","overlay-gradient":""},"mobile":{"background-color":"","background-image":"","background-repeat":"repeat","background-position":"center center","background-size":"auto","background-attachment":"scroll","background-type":"","background-media":"","overlay-type":"","overlay-color":"","overlay-opacity":"","overlay-gradient":""}},"ast-content-background-meta":{"desktop":{"background-color":"var(--ast-global-color-5)","background-image":"","background-repeat":"repeat","background-position":"center center","background-size":"auto","background-attachment":"scroll","background-type":"","background-media":"","overlay-type":"","overlay-color":"","overlay-opacity":"","overlay-gradient":""},"tablet":{"background-color":"var(--ast-global-color-5)","background-image":"","background-repeat":"repeat","background-position":"center center","background-size":"auto","background-attachment":"scroll","background-type":"","background-media":"","overlay-type":"","overlay-color":"","overlay-opacity":"","overlay-gradient":""},"mobile":{"background-color":"var(--ast-global-color-5)","background-image":"","background-repeat":"repeat","background-position":"center center","background-size":"auto","background-attachment":"scroll","background-type":"","background-media":"","overlay-type":"","overlay-color":"","overlay-opacity":"","overlay-gradient":""}}},"product_brand":[],"product_cat":[30108],"product_tag":[],"pa_brand_name":[17812],"class_list":{"0":"post-105896","1":"product","2":"type-product","3":"status-publish","4":"has-post-thumbnail","6":"product_cat-summer-tires-pv-2","7":"pa_brand_name-hankook","8":"desktop-align-left","9":"tablet-align-left","10":"mobile-align-left","12":"first","13":"outofstock","14":"taxable","15":"shipping-taxable","16":"purchasable","17":"product-type-simple"},"_links":{"self":[{"href":"https:\/\/shop.rettum.ee\/en\/wp-json\/wp\/v2\/product\/105896","targetHints":{"allow":["GET"]}}],"collection":[{"href":"https:\/\/shop.rettum.ee\/en\/wp-json\/wp\/v2\/product"}],"about":[{"href":"https:\/\/shop.rettum.ee\/en\/wp-json\/wp\/v2\/types\/product"}],"version-history":[{"count":0,"href":"https:\/\/shop.rettum.ee\/en\/wp-json\/wp\/v2\/product\/105896\/revisions"}],"wp:featuredmedia":[{"embeddable":true,"href":"https:\/\/shop.rettum.ee\/en\/wp-json\/wp\/v2\/media\/122145"}],"wp:attachment":[{"href":"https:\/\/shop.rettum.ee\/en\/wp-json\/wp\/v2\/media?parent=105896"}],"wp:term":[{"taxonomy":"product_brand","embeddable":true,"href":"https:\/\/shop.rettum.ee\/en\/wp-json\/wp\/v2\/product_brand?post=105896"},{"taxonomy":"product_cat","embeddable":true,"href":"https:\/\/shop.rettum.ee\/en\/wp-json\/wp\/v2\/product_cat?post=105896"},{"taxonomy":"product_tag","embeddable":true,"href":"https:\/\/shop.rettum.ee\/en\/wp-json\/wp\/v2\/product_tag?post=105896"},{"taxonomy":"pa_brand_name","embeddable":true,"href":"https:\/\/shop.rettum.ee\/en\/wp-json\/wp\/v2\/pa_brand_name?post=105896"}],"curies":[{"name":"wp","href":"https:\/\/api.w.org\/{rel}","templated":true}]}}