{"id":105905,"date":"2025-01-08T11:58:02","date_gmt":"2025-01-08T09:58:02","guid":{"rendered":"https:\/\/shop.rettum.ee\/toode\/215-55r17-hankook-ion-st-as-ih61-94v-elect-bdb70-ms\/"},"modified":"2026-01-08T02:46:02","modified_gmt":"2026-01-08T00:46:02","slug":"215-55r17-hankook-ion-st-as-ih61-94v-elect-bdb70-ms","status":"publish","type":"product","link":"https:\/\/shop.rettum.ee\/en\/product\/215-55r17-hankook-ion-st-as-ih61-94v-elect-bdb70-ms\/","title":{"rendered":"215\/55R17 HANKOOK ION ST AS (IH61) 94V Elect BDB70 M+S"},"content":{"rendered":"<p>Tutvustame uuenduslikku rehvi 215\/55R17 HANKOOK ION ST AS (IH61) 94V Elect BDB70 M+S \u2013 ideaalne lahendus neile, kes hindavad ohutust, j\u00f5udlust ja majanduslikkust. See kvaliteetne rehv on konstrueeritud 17-tollistevelgedele, pakkudes laiusest 215 mm ning 55% k\u00fclgseisu, mis tagab suurep\u00e4rase stabiilsuse ja s\u00f5idumugavuse erinevatel teekatetel.<\/p>\n<p>HANKOOK ION ST AS on varustatud k\u00fctuses\u00e4\u00e4stlikkuse klassiga B, pakkudes efektiivset l\u00e4bitungimist ja v\u00e4iksemat k\u00fctusekulu. Rehvi koormusindeks 94 v\u00f5imaldab n\u00fc\u00fcdkindlat j\u00f5udlust isegi suure koormuse korral, samas kui kiirusindeks V lubab ohutut s\u00f5itu kuni 240 km\/h. Lisaks tagavad m\u00fcratase B ja noise v\u00e4\u00e4rtus 70 madala m\u00fcra, mis loob meeldiva s\u00f5idukogemuse nii l\u00fchikestel kui ka pikkadel teekonnav\u00f5itudel.<\/p>\n<p>M+S m\u00e4rgis r\u00f5hutab rehvi mitmek\u00fclgsust, pakkudes usaldusv\u00e4\u00e4rset haardumist nii muda kui lumega tingimustes. T\u00e4nu \u00fchetasandilisele radiiaaldisainile saab see rehv pakkuda stabiilsust ja vastupidavust erinevates s\u00f5idutingimustes. HANKOOK ION ST AS on usaldusv\u00e4\u00e4rne valik neile, kes soovivad kombineerida turvalisust, j\u00f5udlust ja efektiivsust \u00fches kvaliteetses rehvis.<\/p>","protected":false},"excerpt":{"rendered":"<p>Tutvustame uuenduslikku rehvi 215\/55R17 HANKOOK ION ST AS (IH61) 94V Elect BDB70 M+S \u2013 ideaalne lahendus neile, kes hindavad ohutust, j\u00f5udlust ja majanduslikkust. See kvaliteetne rehv on konstrueeritud 17-tollistevelgedele, pakkudes laiusest 215 mm ning 55% k\u00fclgseisu, mis tagab suurep\u00e4rase stabiilsuse ja s\u00f5idumugavuse erinevatel teekatetel. HANKOOK ION ST AS on varustatud k\u00fctuses\u00e4\u00e4stlikkuse klassiga B, pakkudes efektiivset [&hellip;]<\/p>\n","protected":false},"featured_media":123595,"template":"","meta":{"site-sidebar-layout":"default","site-content-layout":"","ast-site-content-layout":"","site-content-style":"default","site-sidebar-style":"default","ast-global-header-display":"","ast-banner-title-visibility":"","ast-main-header-display":"","ast-hfb-above-header-display":"","ast-hfb-below-header-display":"","ast-hfb-mobile-header-display":"","site-post-title":"","ast-breadcrumbs-content":"","ast-featured-img":"","footer-sml-layout":"","theme-transparent-header-meta":"","adv-header-id-meta":"","stick-header-meta":"","header-above-stick-meta":"","header-main-stick-meta":"","header-below-stick-meta":"","astra-migrate-meta-layouts":"default","ast-page-background-enabled":"default","ast-page-background-meta":{"desktop":{"background-color":"","background-image":"","background-repeat":"repeat","background-position":"center center","background-size":"auto","background-attachment":"scroll","background-type":"","background-media":"","overlay-type":"","overlay-color":"","overlay-opacity":"","overlay-gradient":""},"tablet":{"background-color":"","background-image":"","background-repeat":"repeat","background-position":"center center","background-size":"auto","background-attachment":"scroll","background-type":"","background-media":"","overlay-type":"","overlay-color":"","overlay-opacity":"","overlay-gradient":""},"mobile":{"background-color":"","background-image":"","background-repeat":"repeat","background-position":"center center","background-size":"auto","background-attachment":"scroll","background-type":"","background-media":"","overlay-type":"","overlay-color":"","overlay-opacity":"","overlay-gradient":""}},"ast-content-background-meta":{"desktop":{"background-color":"var(--ast-global-color-5)","background-image":"","background-repeat":"repeat","background-position":"center center","background-size":"auto","background-attachment":"scroll","background-type":"","background-media":"","overlay-type":"","overlay-color":"","overlay-opacity":"","overlay-gradient":""},"tablet":{"background-color":"var(--ast-global-color-5)","background-image":"","background-repeat":"repeat","background-position":"center center","background-size":"auto","background-attachment":"scroll","background-type":"","background-media":"","overlay-type":"","overlay-color":"","overlay-opacity":"","overlay-gradient":""},"mobile":{"background-color":"var(--ast-global-color-5)","background-image":"","background-repeat":"repeat","background-position":"center center","background-size":"auto","background-attachment":"scroll","background-type":"","background-media":"","overlay-type":"","overlay-color":"","overlay-opacity":"","overlay-gradient":""}}},"product_brand":[],"product_cat":[30108],"product_tag":[],"pa_brand_name":[17812],"class_list":{"0":"post-105905","1":"product","2":"type-product","3":"status-publish","4":"has-post-thumbnail","6":"product_cat-summer-tires-pv-2","7":"pa_brand_name-hankook","8":"desktop-align-left","9":"tablet-align-left","10":"mobile-align-left","12":"first","13":"outofstock","14":"taxable","15":"shipping-taxable","16":"purchasable","17":"product-type-simple"},"_links":{"self":[{"href":"https:\/\/shop.rettum.ee\/en\/wp-json\/wp\/v2\/product\/105905","targetHints":{"allow":["GET"]}}],"collection":[{"href":"https:\/\/shop.rettum.ee\/en\/wp-json\/wp\/v2\/product"}],"about":[{"href":"https:\/\/shop.rettum.ee\/en\/wp-json\/wp\/v2\/types\/product"}],"version-history":[{"count":0,"href":"https:\/\/shop.rettum.ee\/en\/wp-json\/wp\/v2\/product\/105905\/revisions"}],"wp:featuredmedia":[{"embeddable":true,"href":"https:\/\/shop.rettum.ee\/en\/wp-json\/wp\/v2\/media\/123595"}],"wp:attachment":[{"href":"https:\/\/shop.rettum.ee\/en\/wp-json\/wp\/v2\/media?parent=105905"}],"wp:term":[{"taxonomy":"product_brand","embeddable":true,"href":"https:\/\/shop.rettum.ee\/en\/wp-json\/wp\/v2\/product_brand?post=105905"},{"taxonomy":"product_cat","embeddable":true,"href":"https:\/\/shop.rettum.ee\/en\/wp-json\/wp\/v2\/product_cat?post=105905"},{"taxonomy":"product_tag","embeddable":true,"href":"https:\/\/shop.rettum.ee\/en\/wp-json\/wp\/v2\/product_tag?post=105905"},{"taxonomy":"pa_brand_name","embeddable":true,"href":"https:\/\/shop.rettum.ee\/en\/wp-json\/wp\/v2\/pa_brand_name?post=105905"}],"curies":[{"name":"wp","href":"https:\/\/api.w.org\/{rel}","templated":true}]}}