{"id":105906,"date":"2025-01-08T11:58:04","date_gmt":"2025-01-08T09:58:04","guid":{"rendered":"https:\/\/shop.rettum.ee\/toode\/225-60r18-hankook-ion-st-as-suv-ih61a-104w-xl-elect-bdb69-ms\/"},"modified":"2026-03-22T03:02:01","modified_gmt":"2026-03-22T01:02:01","slug":"225-60r18-hankook-ion-st-as-suv-ih61a-104w-xl-elect-bdb69-ms","status":"publish","type":"product","link":"https:\/\/shop.rettum.ee\/en\/product\/225-60r18-hankook-ion-st-as-suv-ih61a-104w-xl-elect-bdb69-ms\/","title":{"rendered":"225\/60R18 HANKOOK ION ST AS SUV (IH61A) 104W XL Elect BDB69 M+S"},"content":{"rendered":"<p>Tutvustame Teile uue Hankook ION ST AS SUV rehvi \u2013 ideaalne lahendus t\u00e4nap\u00e4evastele s\u00f5idukitele, pakkudes suurejoonelist sooritust ja usaldusv\u00e4\u00e4rsust igas olukorras. Rehvi m\u00f5\u00f5tmed 225\/60R18 tagavad stabiilsuse ning suurep\u00e4rase haarduvuse ka raskematel teedel. Hankooki br\u00e4nd, tuntud oma k\u00f5rge kvaliteedi ja innovatsiooni poolest, pakub selles mudelis nutikat disaini koos XL-klassiga, v\u00f5imaldades s\u00f5idukil kanda kuni koormusindeksiga 104 vastupidavaid koormusi.<\/p>\n<p>Rehvi elekt j\u00f5udlus t\u00e4hendab paremat k\u00fctuses\u00e4\u00e4stlikkust (B) ja madalama m\u00fcratase (B 69), mis tagab rahuliku s\u00f5idu ka pikematel teekondadel. Kiirusindeksina W v\u00f5imaldab rehvil toetada kiiremat s\u00f5idukiirus ning vastav radiaalse konstruktsioon tagab stabiilsuse ka keerulisemates oludes. Lisaks tunnustab rehvi M+S m\u00e4rk, mis t\u00f5estab selle sobivust mittestandardsed ilmastikutingimused, pakkudes kindlat haarduvust nii mudas kui lumel.<\/p>\n<p>Hankook ION ST AS SUV on ideaalne valik neile, kes hindavad turvalisust, efektiivsust ja vastupidavust \u2013 ideaalne kaaslane igap\u00e4evasteks s\u00f5itudeks ja seiklusteks!<\/p>","protected":false},"excerpt":{"rendered":"<p>Tutvustame Teile uue Hankook ION ST AS SUV rehvi \u2013 ideaalne lahendus t\u00e4nap\u00e4evastele s\u00f5idukitele, pakkudes suurejoonelist sooritust ja usaldusv\u00e4\u00e4rsust igas olukorras. Rehvi m\u00f5\u00f5tmed 225\/60R18 tagavad stabiilsuse ning suurep\u00e4rase haarduvuse ka raskematel teedel. Hankooki br\u00e4nd, tuntud oma k\u00f5rge kvaliteedi ja innovatsiooni poolest, pakub selles mudelis nutikat disaini koos XL-klassiga, v\u00f5imaldades s\u00f5idukil kanda kuni koormusindeksiga 104 vastupidavaid [&hellip;]<\/p>\n","protected":false},"featured_media":123595,"template":"","meta":{"site-sidebar-layout":"default","site-content-layout":"","ast-site-content-layout":"","site-content-style":"default","site-sidebar-style":"default","ast-global-header-display":"","ast-banner-title-visibility":"","ast-main-header-display":"","ast-hfb-above-header-display":"","ast-hfb-below-header-display":"","ast-hfb-mobile-header-display":"","site-post-title":"","ast-breadcrumbs-content":"","ast-featured-img":"","footer-sml-layout":"","theme-transparent-header-meta":"","adv-header-id-meta":"","stick-header-meta":"","header-above-stick-meta":"","header-main-stick-meta":"","header-below-stick-meta":"","astra-migrate-meta-layouts":"default","ast-page-background-enabled":"default","ast-page-background-meta":{"desktop":{"background-color":"","background-image":"","background-repeat":"repeat","background-position":"center center","background-size":"auto","background-attachment":"scroll","background-type":"","background-media":"","overlay-type":"","overlay-color":"","overlay-opacity":"","overlay-gradient":""},"tablet":{"background-color":"","background-image":"","background-repeat":"repeat","background-position":"center center","background-size":"auto","background-attachment":"scroll","background-type":"","background-media":"","overlay-type":"","overlay-color":"","overlay-opacity":"","overlay-gradient":""},"mobile":{"background-color":"","background-image":"","background-repeat":"repeat","background-position":"center center","background-size":"auto","background-attachment":"scroll","background-type":"","background-media":"","overlay-type":"","overlay-color":"","overlay-opacity":"","overlay-gradient":""}},"ast-content-background-meta":{"desktop":{"background-color":"var(--ast-global-color-5)","background-image":"","background-repeat":"repeat","background-position":"center center","background-size":"auto","background-attachment":"scroll","background-type":"","background-media":"","overlay-type":"","overlay-color":"","overlay-opacity":"","overlay-gradient":""},"tablet":{"background-color":"var(--ast-global-color-5)","background-image":"","background-repeat":"repeat","background-position":"center center","background-size":"auto","background-attachment":"scroll","background-type":"","background-media":"","overlay-type":"","overlay-color":"","overlay-opacity":"","overlay-gradient":""},"mobile":{"background-color":"var(--ast-global-color-5)","background-image":"","background-repeat":"repeat","background-position":"center center","background-size":"auto","background-attachment":"scroll","background-type":"","background-media":"","overlay-type":"","overlay-color":"","overlay-opacity":"","overlay-gradient":""}}},"product_brand":[],"product_cat":[30108],"product_tag":[],"pa_brand_name":[17812],"class_list":{"0":"post-105906","1":"product","2":"type-product","3":"status-publish","4":"has-post-thumbnail","6":"product_cat-summer-tires-pv-2","7":"pa_brand_name-hankook","8":"desktop-align-left","9":"tablet-align-left","10":"mobile-align-left","12":"first","13":"outofstock","14":"taxable","15":"shipping-taxable","16":"purchasable","17":"product-type-simple"},"_links":{"self":[{"href":"https:\/\/shop.rettum.ee\/en\/wp-json\/wp\/v2\/product\/105906","targetHints":{"allow":["GET"]}}],"collection":[{"href":"https:\/\/shop.rettum.ee\/en\/wp-json\/wp\/v2\/product"}],"about":[{"href":"https:\/\/shop.rettum.ee\/en\/wp-json\/wp\/v2\/types\/product"}],"version-history":[{"count":0,"href":"https:\/\/shop.rettum.ee\/en\/wp-json\/wp\/v2\/product\/105906\/revisions"}],"wp:featuredmedia":[{"embeddable":true,"href":"https:\/\/shop.rettum.ee\/en\/wp-json\/wp\/v2\/media\/123595"}],"wp:attachment":[{"href":"https:\/\/shop.rettum.ee\/en\/wp-json\/wp\/v2\/media?parent=105906"}],"wp:term":[{"taxonomy":"product_brand","embeddable":true,"href":"https:\/\/shop.rettum.ee\/en\/wp-json\/wp\/v2\/product_brand?post=105906"},{"taxonomy":"product_cat","embeddable":true,"href":"https:\/\/shop.rettum.ee\/en\/wp-json\/wp\/v2\/product_cat?post=105906"},{"taxonomy":"product_tag","embeddable":true,"href":"https:\/\/shop.rettum.ee\/en\/wp-json\/wp\/v2\/product_tag?post=105906"},{"taxonomy":"pa_brand_name","embeddable":true,"href":"https:\/\/shop.rettum.ee\/en\/wp-json\/wp\/v2\/pa_brand_name?post=105906"}],"curies":[{"name":"wp","href":"https:\/\/api.w.org\/{rel}","templated":true}]}}