{"id":105910,"date":"2025-01-08T11:58:13","date_gmt":"2025-01-08T09:58:13","guid":{"rendered":"https:\/\/shop.rettum.ee\/toode\/185-55r15-dynamo-snow-h-msl01-86t-xl-friction-bcb70-3pmsf-ms\/"},"modified":"2026-03-28T02:50:21","modified_gmt":"2026-03-28T00:50:21","slug":"185-55r15-dynamo-snow-h-msl01-86t-xl-friction-bcb70-3pmsf-ms","status":"publish","type":"product","link":"https:\/\/shop.rettum.ee\/en\/product\/185-55r15-dynamo-snow-h-msl01-86t-xl-friction-bcb70-3pmsf-ms\/","title":{"rendered":"185\/55R15 DYNAMO SNOW-H MSL01 86T XL Friction BCB70 3PMSF M+S"},"content":{"rendered":"<p>Tutvustame revojutavat 185\/55R15 DYNAMO SNOW-H MSL01 rehvi, mis on loodud pakkuma turvalist ja j\u00e4tkusuutlikku s\u00f5idukogemust igas talvises tingimustes. See kvaliteetne rehv on m\u00f5eldud neile, kes soovivad tunda end kindlalt ja mugavalt ka libedal teel. Rehvi m\u00f5\u00f5tmed \u2013 185 mm laius, 55% k\u00fclgkaare suhe ning 15-tolline diameeter \u2013 tagavad suurep\u00e4rase haarduvuse ja stabiilsuse. <\/p>\n<p>DYNAMO rehvil on 86 koormusindeks ning T kiirusindeks, mis viitavad vastupidavusele ja usaldusv\u00e4\u00e4rsusele igap\u00e4evastes s\u00f5idutingimustes. Lisaks on rehvil XL j\u00f5udlus ning B k\u00fctuses\u00e4\u00e4stlikkuse ja B m\u00fcratase (v\u00e4\u00e4rtus 70 dB), mis tagavad vaikse ja \u00f6konoomse s\u00f5idu. Rehvi radiaalselt konstruktsioon ning M+S (mudas ja lumi) m\u00e4rgistus kindlustavad perfektsed s\u00f5iduomadused talvises maastikus, olles sertifitseeritud 3PMSF ja Friction BCB70 standardite alusel.<\/p>\n<p>Vali DYNAMO SNOW-H MSL01, kui otsid usaldusv\u00e4\u00e4rset, ohutut ja keskkonnas\u00f5bralikku lahendust oma s\u00f5idukile.<\/p>","protected":false},"excerpt":{"rendered":"<p>Tutvustame revojutavat 185\/55R15 DYNAMO SNOW-H MSL01 rehvi, mis on loodud pakkuma turvalist ja j\u00e4tkusuutlikku s\u00f5idukogemust igas talvises tingimustes. See kvaliteetne rehv on m\u00f5eldud neile, kes soovivad tunda end kindlalt ja mugavalt ka libedal teel. Rehvi m\u00f5\u00f5tmed \u2013 185 mm laius, 55% k\u00fclgkaare suhe ning 15-tolline diameeter \u2013 tagavad suurep\u00e4rase haarduvuse ja stabiilsuse. DYNAMO rehvil on [&hellip;]<\/p>\n","protected":false},"featured_media":123787,"template":"","meta":{"site-sidebar-layout":"default","site-content-layout":"","ast-site-content-layout":"","site-content-style":"default","site-sidebar-style":"default","ast-global-header-display":"","ast-banner-title-visibility":"","ast-main-header-display":"","ast-hfb-above-header-display":"","ast-hfb-below-header-display":"","ast-hfb-mobile-header-display":"","site-post-title":"","ast-breadcrumbs-content":"","ast-featured-img":"","footer-sml-layout":"","theme-transparent-header-meta":"","adv-header-id-meta":"","stick-header-meta":"","header-above-stick-meta":"","header-main-stick-meta":"","header-below-stick-meta":"","astra-migrate-meta-layouts":"default","ast-page-background-enabled":"default","ast-page-background-meta":{"desktop":{"background-color":"","background-image":"","background-repeat":"repeat","background-position":"center center","background-size":"auto","background-attachment":"scroll","background-type":"","background-media":"","overlay-type":"","overlay-color":"","overlay-opacity":"","overlay-gradient":""},"tablet":{"background-color":"","background-image":"","background-repeat":"repeat","background-position":"center center","background-size":"auto","background-attachment":"scroll","background-type":"","background-media":"","overlay-type":"","overlay-color":"","overlay-opacity":"","overlay-gradient":""},"mobile":{"background-color":"","background-image":"","background-repeat":"repeat","background-position":"center center","background-size":"auto","background-attachment":"scroll","background-type":"","background-media":"","overlay-type":"","overlay-color":"","overlay-opacity":"","overlay-gradient":""}},"ast-content-background-meta":{"desktop":{"background-color":"var(--ast-global-color-5)","background-image":"","background-repeat":"repeat","background-position":"center center","background-size":"auto","background-attachment":"scroll","background-type":"","background-media":"","overlay-type":"","overlay-color":"","overlay-opacity":"","overlay-gradient":""},"tablet":{"background-color":"var(--ast-global-color-5)","background-image":"","background-repeat":"repeat","background-position":"center center","background-size":"auto","background-attachment":"scroll","background-type":"","background-media":"","overlay-type":"","overlay-color":"","overlay-opacity":"","overlay-gradient":""},"mobile":{"background-color":"var(--ast-global-color-5)","background-image":"","background-repeat":"repeat","background-position":"center center","background-size":"auto","background-attachment":"scroll","background-type":"","background-media":"","overlay-type":"","overlay-color":"","overlay-opacity":"","overlay-gradient":""}}},"product_brand":[],"product_cat":[30111],"product_tag":[],"pa_brand_name":[17833],"class_list":{"0":"post-105910","1":"product","2":"type-product","3":"status-publish","4":"has-post-thumbnail","6":"product_cat-winter-tires-friction-2","7":"pa_brand_name-dynamo","8":"desktop-align-left","9":"tablet-align-left","10":"mobile-align-left","12":"first","13":"instock","14":"taxable","15":"shipping-taxable","16":"purchasable","17":"product-type-simple"},"_links":{"self":[{"href":"https:\/\/shop.rettum.ee\/en\/wp-json\/wp\/v2\/product\/105910","targetHints":{"allow":["GET"]}}],"collection":[{"href":"https:\/\/shop.rettum.ee\/en\/wp-json\/wp\/v2\/product"}],"about":[{"href":"https:\/\/shop.rettum.ee\/en\/wp-json\/wp\/v2\/types\/product"}],"version-history":[{"count":0,"href":"https:\/\/shop.rettum.ee\/en\/wp-json\/wp\/v2\/product\/105910\/revisions"}],"wp:featuredmedia":[{"embeddable":true,"href":"https:\/\/shop.rettum.ee\/en\/wp-json\/wp\/v2\/media\/123787"}],"wp:attachment":[{"href":"https:\/\/shop.rettum.ee\/en\/wp-json\/wp\/v2\/media?parent=105910"}],"wp:term":[{"taxonomy":"product_brand","embeddable":true,"href":"https:\/\/shop.rettum.ee\/en\/wp-json\/wp\/v2\/product_brand?post=105910"},{"taxonomy":"product_cat","embeddable":true,"href":"https:\/\/shop.rettum.ee\/en\/wp-json\/wp\/v2\/product_cat?post=105910"},{"taxonomy":"product_tag","embeddable":true,"href":"https:\/\/shop.rettum.ee\/en\/wp-json\/wp\/v2\/product_tag?post=105910"},{"taxonomy":"pa_brand_name","embeddable":true,"href":"https:\/\/shop.rettum.ee\/en\/wp-json\/wp\/v2\/pa_brand_name?post=105910"}],"curies":[{"name":"wp","href":"https:\/\/api.w.org\/{rel}","templated":true}]}}