{"id":105945,"date":"2025-01-08T11:59:20","date_gmt":"2025-01-08T09:59:20","guid":{"rendered":"https:\/\/shop.rettum.ee\/toode\/195-60r15-dynamo-snow-h-mwh01-88t-rp-studless-edb70-3pmsf-ms\/"},"modified":"2025-09-13T02:45:27","modified_gmt":"2025-09-12T23:45:27","slug":"195-60r15-dynamo-snow-h-mwh01-88t-rp-studless-edb70-3pmsf-ms","status":"publish","type":"product","link":"https:\/\/shop.rettum.ee\/en\/product\/195-60r15-dynamo-snow-h-mwh01-88t-rp-studless-edb70-3pmsf-ms\/","title":{"rendered":"195\/60R15 DYNAMO SNOW-H MWH01 88T RP Studless EDB70 3PMSF M+S"},"content":{"rendered":"<p>Tutvu DYNAMO SNOW-H MWH01 rehvidega, mis on loodud pakkuma usaldusv\u00e4\u00e4rset ja turvalist s\u00f5idukogemust ka k\u00f5ige n\u00f5udlikumates talveoludes. See 195\/60R15 rehvidisain \u00fchendab kaasaegse tehnoloogia ning optimeeritud mustri, tagades suurep\u00e4rase haarduvuse ning stabiilsuse libedal teel. DYNAMO br\u00e4ndi tuntud kvaliteet on kombineeritud vastupidava konstruktsiooniga, mis vastab 3PMSF ja M+S standarditele. <\/p>\n<p>Rehvi tehnilised andmed h\u00f5lmavad 15-tollist l\u00e4bim\u00f5\u00f5tu, 60% k\u00fclgseina k\u00f5rgust ja 195 mm laiust, pakkudes ideaalset kombinatsiooni s\u00f5iduohutusest ja k\u00fctuses\u00e4\u00e4stlikkusest \u2013 vastavalt E klassile. Lisaks on see rehvidis hinnatud 88 koormusindeksiga ja kiirusindeksiga T, mis tagavad reaalajas s\u00f5iduohutuse ja j\u00f5udluse. M\u00fc\u00fcdud rehvl on varustatud madala m\u00fcra klassiga B, mille m\u00fcra v\u00e4\u00e4rtuseks on 70, pakkudes seega tasakaalustatud s\u00f5iduelamust igas olukorras.<\/p>\n<p>DYNAMO SNOW-H MWH01 rehvid on loodud tagamaks turvalist ja enesekindlat s\u00f5itu rasketes ilmastikuoludes, pakkudes samal ajal optimeeritud k\u00fctuses\u00e4\u00e4stlikkust ja pikaajalist t\u00f6\u00f6kindlust.<\/p>","protected":false},"excerpt":{"rendered":"<p>Tutvu DYNAMO SNOW-H MWH01 rehvidega, mis on loodud pakkuma usaldusv\u00e4\u00e4rset ja turvalist s\u00f5idukogemust ka k\u00f5ige n\u00f5udlikumates talveoludes. See 195\/60R15 rehvidisain \u00fchendab kaasaegse tehnoloogia ning optimeeritud mustri, tagades suurep\u00e4rase haarduvuse ning stabiilsuse libedal teel. DYNAMO br\u00e4ndi tuntud kvaliteet on kombineeritud vastupidava konstruktsiooniga, mis vastab 3PMSF ja M+S standarditele. Rehvi tehnilised andmed h\u00f5lmavad 15-tollist l\u00e4bim\u00f5\u00f5tu, 60% k\u00fclgseina [&hellip;]<\/p>\n","protected":false},"featured_media":123804,"template":"","meta":{"site-sidebar-layout":"default","site-content-layout":"","ast-site-content-layout":"","site-content-style":"default","site-sidebar-style":"default","ast-global-header-display":"","ast-banner-title-visibility":"","ast-main-header-display":"","ast-hfb-above-header-display":"","ast-hfb-below-header-display":"","ast-hfb-mobile-header-display":"","site-post-title":"","ast-breadcrumbs-content":"","ast-featured-img":"","footer-sml-layout":"","theme-transparent-header-meta":"","adv-header-id-meta":"","stick-header-meta":"","header-above-stick-meta":"","header-main-stick-meta":"","header-below-stick-meta":"","astra-migrate-meta-layouts":"default","ast-page-background-enabled":"default","ast-page-background-meta":{"desktop":{"background-color":"","background-image":"","background-repeat":"repeat","background-position":"center center","background-size":"auto","background-attachment":"scroll","background-type":"","background-media":"","overlay-type":"","overlay-color":"","overlay-opacity":"","overlay-gradient":""},"tablet":{"background-color":"","background-image":"","background-repeat":"repeat","background-position":"center center","background-size":"auto","background-attachment":"scroll","background-type":"","background-media":"","overlay-type":"","overlay-color":"","overlay-opacity":"","overlay-gradient":""},"mobile":{"background-color":"","background-image":"","background-repeat":"repeat","background-position":"center center","background-size":"auto","background-attachment":"scroll","background-type":"","background-media":"","overlay-type":"","overlay-color":"","overlay-opacity":"","overlay-gradient":""}},"ast-content-background-meta":{"desktop":{"background-color":"var(--ast-global-color-5)","background-image":"","background-repeat":"repeat","background-position":"center center","background-size":"auto","background-attachment":"scroll","background-type":"","background-media":"","overlay-type":"","overlay-color":"","overlay-opacity":"","overlay-gradient":""},"tablet":{"background-color":"var(--ast-global-color-5)","background-image":"","background-repeat":"repeat","background-position":"center center","background-size":"auto","background-attachment":"scroll","background-type":"","background-media":"","overlay-type":"","overlay-color":"","overlay-opacity":"","overlay-gradient":""},"mobile":{"background-color":"var(--ast-global-color-5)","background-image":"","background-repeat":"repeat","background-position":"center center","background-size":"auto","background-attachment":"scroll","background-type":"","background-media":"","overlay-type":"","overlay-color":"","overlay-opacity":"","overlay-gradient":""}}},"product_brand":[],"product_cat":[30111],"product_tag":[],"pa_brand_name":[17833],"class_list":{"0":"post-105945","1":"product","2":"type-product","3":"status-publish","4":"has-post-thumbnail","6":"product_cat-winter-tires-friction-2","7":"pa_brand_name-dynamo","8":"desktop-align-left","9":"tablet-align-left","10":"mobile-align-left","12":"first","13":"outofstock","14":"taxable","15":"shipping-taxable","16":"purchasable","17":"product-type-simple"},"_links":{"self":[{"href":"https:\/\/shop.rettum.ee\/en\/wp-json\/wp\/v2\/product\/105945","targetHints":{"allow":["GET"]}}],"collection":[{"href":"https:\/\/shop.rettum.ee\/en\/wp-json\/wp\/v2\/product"}],"about":[{"href":"https:\/\/shop.rettum.ee\/en\/wp-json\/wp\/v2\/types\/product"}],"version-history":[{"count":0,"href":"https:\/\/shop.rettum.ee\/en\/wp-json\/wp\/v2\/product\/105945\/revisions"}],"wp:featuredmedia":[{"embeddable":true,"href":"https:\/\/shop.rettum.ee\/en\/wp-json\/wp\/v2\/media\/123804"}],"wp:attachment":[{"href":"https:\/\/shop.rettum.ee\/en\/wp-json\/wp\/v2\/media?parent=105945"}],"wp:term":[{"taxonomy":"product_brand","embeddable":true,"href":"https:\/\/shop.rettum.ee\/en\/wp-json\/wp\/v2\/product_brand?post=105945"},{"taxonomy":"product_cat","embeddable":true,"href":"https:\/\/shop.rettum.ee\/en\/wp-json\/wp\/v2\/product_cat?post=105945"},{"taxonomy":"product_tag","embeddable":true,"href":"https:\/\/shop.rettum.ee\/en\/wp-json\/wp\/v2\/product_tag?post=105945"},{"taxonomy":"pa_brand_name","embeddable":true,"href":"https:\/\/shop.rettum.ee\/en\/wp-json\/wp\/v2\/pa_brand_name?post=105945"}],"curies":[{"name":"wp","href":"https:\/\/api.w.org\/{rel}","templated":true}]}}