{"id":105947,"date":"2025-01-08T11:59:24","date_gmt":"2025-01-08T09:59:24","guid":{"rendered":"https:\/\/shop.rettum.ee\/toode\/195-45r16-dynamo-snow-h-mwh01-84h-xl-studless-edb70-3pmsf-ms\/"},"modified":"2025-11-08T02:45:43","modified_gmt":"2025-11-08T00:45:43","slug":"195-45r16-dynamo-snow-h-mwh01-84h-xl-studless-edb70-3pmsf-ms","status":"publish","type":"product","link":"https:\/\/shop.rettum.ee\/en\/product\/195-45r16-dynamo-snow-h-mwh01-84h-xl-studless-edb70-3pmsf-ms\/","title":{"rendered":"195\/45R16 DYNAMO SNOW-H MWH01 84H XL Studless EDB70 3PMSF M+S"},"content":{"rendered":"<p>195\/45R16 DYNAMO SNOW-H MWH01 toob sinu s\u00f5idukile turvatunde ka k\u00f5ige n\u00f5udlikumates talveoludes. See rehv on disainitud pakkuma kindlat haarduvust ja stabiilsust, just kui teed muutuvad libedaks. Laia 195 mm ja 16-tolline l\u00e4bim\u00f5\u00f5t tagavad optimaalse kokkupuute tee pinnaga, samas kui 45% aspekti suhe annab ideaalse proportsiooni j\u00f5udluse ja mugavuse vahel.<\/p>\n<p>Rehvil on koormusindeks 84 ja kiirusindeks H, mis toetavad j\u00f5udlust ning turvalisust igas s\u00f5idutingimuses. XL koormustalitlus tagab t\u00e4iendava vastupidavuse, v\u00f5imaldades s\u00f5ita kindlalt ka kandva koorma korral. Lisaks aitab E k\u00fctuset\u00f5husus optimeerida energiatarbimist ja v\u00e4hendada s\u00f5idukulusid.<\/p>\n<p>MWH01 vastab rangetele turvastandarditele \u2013 rehv on loodud vastama 3PMSF ja M+S klassifikatsioonidele, kindlustades parima haarduvuse lumel ja j\u00e4\u00e4l. M\u00fcraprintsiibiga klass B ja 70 dB m\u00fcra v\u00e4\u00e4rtus tagavad vaikse ja sujuva s\u00f5idu. Valides DYNAMO br\u00e4ndi, saad rehu, mis \u00fchendab koolitatud tehnoloogia ja usaldusv\u00e4\u00e4rse j\u00f5udluse, pakkudes turvalist s\u00f5idukogemust igas olukorras.<\/p>","protected":false},"excerpt":{"rendered":"<p>195\/45R16 DYNAMO SNOW-H MWH01 toob sinu s\u00f5idukile turvatunde ka k\u00f5ige n\u00f5udlikumates talveoludes. See rehv on disainitud pakkuma kindlat haarduvust ja stabiilsust, just kui teed muutuvad libedaks. Laia 195 mm ja 16-tolline l\u00e4bim\u00f5\u00f5t tagavad optimaalse kokkupuute tee pinnaga, samas kui 45% aspekti suhe annab ideaalse proportsiooni j\u00f5udluse ja mugavuse vahel. Rehvil on koormusindeks 84 ja kiirusindeks [&hellip;]<\/p>\n","protected":false},"featured_media":123804,"template":"","meta":{"site-sidebar-layout":"default","site-content-layout":"","ast-site-content-layout":"","site-content-style":"default","site-sidebar-style":"default","ast-global-header-display":"","ast-banner-title-visibility":"","ast-main-header-display":"","ast-hfb-above-header-display":"","ast-hfb-below-header-display":"","ast-hfb-mobile-header-display":"","site-post-title":"","ast-breadcrumbs-content":"","ast-featured-img":"","footer-sml-layout":"","theme-transparent-header-meta":"","adv-header-id-meta":"","stick-header-meta":"","header-above-stick-meta":"","header-main-stick-meta":"","header-below-stick-meta":"","astra-migrate-meta-layouts":"default","ast-page-background-enabled":"default","ast-page-background-meta":{"desktop":{"background-color":"","background-image":"","background-repeat":"repeat","background-position":"center center","background-size":"auto","background-attachment":"scroll","background-type":"","background-media":"","overlay-type":"","overlay-color":"","overlay-opacity":"","overlay-gradient":""},"tablet":{"background-color":"","background-image":"","background-repeat":"repeat","background-position":"center center","background-size":"auto","background-attachment":"scroll","background-type":"","background-media":"","overlay-type":"","overlay-color":"","overlay-opacity":"","overlay-gradient":""},"mobile":{"background-color":"","background-image":"","background-repeat":"repeat","background-position":"center center","background-size":"auto","background-attachment":"scroll","background-type":"","background-media":"","overlay-type":"","overlay-color":"","overlay-opacity":"","overlay-gradient":""}},"ast-content-background-meta":{"desktop":{"background-color":"var(--ast-global-color-5)","background-image":"","background-repeat":"repeat","background-position":"center center","background-size":"auto","background-attachment":"scroll","background-type":"","background-media":"","overlay-type":"","overlay-color":"","overlay-opacity":"","overlay-gradient":""},"tablet":{"background-color":"var(--ast-global-color-5)","background-image":"","background-repeat":"repeat","background-position":"center center","background-size":"auto","background-attachment":"scroll","background-type":"","background-media":"","overlay-type":"","overlay-color":"","overlay-opacity":"","overlay-gradient":""},"mobile":{"background-color":"var(--ast-global-color-5)","background-image":"","background-repeat":"repeat","background-position":"center center","background-size":"auto","background-attachment":"scroll","background-type":"","background-media":"","overlay-type":"","overlay-color":"","overlay-opacity":"","overlay-gradient":""}}},"product_brand":[],"product_cat":[30111],"product_tag":[],"pa_brand_name":[17833],"class_list":{"0":"post-105947","1":"product","2":"type-product","3":"status-publish","4":"has-post-thumbnail","6":"product_cat-winter-tires-friction-2","7":"pa_brand_name-dynamo","8":"desktop-align-left","9":"tablet-align-left","10":"mobile-align-left","12":"first","13":"outofstock","14":"taxable","15":"shipping-taxable","16":"purchasable","17":"product-type-simple"},"_links":{"self":[{"href":"https:\/\/shop.rettum.ee\/en\/wp-json\/wp\/v2\/product\/105947","targetHints":{"allow":["GET"]}}],"collection":[{"href":"https:\/\/shop.rettum.ee\/en\/wp-json\/wp\/v2\/product"}],"about":[{"href":"https:\/\/shop.rettum.ee\/en\/wp-json\/wp\/v2\/types\/product"}],"version-history":[{"count":0,"href":"https:\/\/shop.rettum.ee\/en\/wp-json\/wp\/v2\/product\/105947\/revisions"}],"wp:featuredmedia":[{"embeddable":true,"href":"https:\/\/shop.rettum.ee\/en\/wp-json\/wp\/v2\/media\/123804"}],"wp:attachment":[{"href":"https:\/\/shop.rettum.ee\/en\/wp-json\/wp\/v2\/media?parent=105947"}],"wp:term":[{"taxonomy":"product_brand","embeddable":true,"href":"https:\/\/shop.rettum.ee\/en\/wp-json\/wp\/v2\/product_brand?post=105947"},{"taxonomy":"product_cat","embeddable":true,"href":"https:\/\/shop.rettum.ee\/en\/wp-json\/wp\/v2\/product_cat?post=105947"},{"taxonomy":"product_tag","embeddable":true,"href":"https:\/\/shop.rettum.ee\/en\/wp-json\/wp\/v2\/product_tag?post=105947"},{"taxonomy":"pa_brand_name","embeddable":true,"href":"https:\/\/shop.rettum.ee\/en\/wp-json\/wp\/v2\/pa_brand_name?post=105947"}],"curies":[{"name":"wp","href":"https:\/\/api.w.org\/{rel}","templated":true}]}}