{"id":105954,"date":"2025-01-08T11:59:39","date_gmt":"2025-01-08T09:59:39","guid":{"rendered":"https:\/\/shop.rettum.ee\/toode\/175-70r14-dynamo-snow-h-mwh02-88t-xl-studdable-ddb71-3pmsf-ms\/"},"modified":"2026-03-28T02:50:50","modified_gmt":"2026-03-28T00:50:50","slug":"175-70r14-dynamo-snow-h-mwh02-88t-xl-studdable-ddb71-3pmsf-ms","status":"publish","type":"product","link":"https:\/\/shop.rettum.ee\/en\/product\/175-70r14-dynamo-snow-h-mwh02-88t-xl-studdable-ddb71-3pmsf-ms\/","title":{"rendered":"175\/70R14 DYNAMO SNOW-H MWH02 88T XL Studdable DDB71 3PMSF M+S"},"content":{"rendered":"<p>Tutvu DYNAMO SNOW-H MWH02 talverehviga, mis on loodud pakkuma maksimaalset turvalisust ja stabiilsust ka k\u00f5ige n\u00f5udlikumates talvetingimustes. Selle 175\/70R14 m\u00f5\u00f5tmetega rehv on usaldusv\u00e4\u00e4rne lahendus s\u00f5idukitele, kus ohutus on esmat\u00e4htis. DYNAMO br\u00e4nd tagab k\u00f5rge kvaliteedi ja vastupidavuse, mida toetavad XL klassi n\u00f5uded ning studdabable tehnoloogia, v\u00f5imaldades rehvile lisaks suurep\u00e4rase haarduvuse ka karmides j\u00e4\u00e4- ja lumetingimustes.<\/p>\n<p>Rehvi parameetrid \u2013 70% aspect ratio, 14-tolline diameeter, load index 88 ja speed index T \u2013 annavad kindluse, et see suudab kanda n\u00f5udlikke koormusi, s\u00e4ilitades samal ajal sujuva s\u00f5idukogemuse. Lisaks vastab rehv rangetele M+S ja 3PMSF standarditele, mis kinnitavad selle suutlikkust pakkuda usaldusv\u00e4\u00e4rset kindlust libedal teel. K\u00fctuses\u00e4\u00e4stlikkus on hinnatud D ja madal m\u00fcra tase (klass B, v\u00e4\u00e4rtus 71) tagavad, et s\u00f5idamine j\u00e4\u00e4b vaoshoitud ja meeldivaks.<\/p>\n<p>DYNAMO SNOW-H MWH02 on ideaalne valik neile, kes soovivad nautida turvalist ning stabiilset s\u00f5itu ka k\u00f5ige karmimates talveoludes.<\/p>","protected":false},"excerpt":{"rendered":"<p>Tutvu DYNAMO SNOW-H MWH02 talverehviga, mis on loodud pakkuma maksimaalset turvalisust ja stabiilsust ka k\u00f5ige n\u00f5udlikumates talvetingimustes. Selle 175\/70R14 m\u00f5\u00f5tmetega rehv on usaldusv\u00e4\u00e4rne lahendus s\u00f5idukitele, kus ohutus on esmat\u00e4htis. DYNAMO br\u00e4nd tagab k\u00f5rge kvaliteedi ja vastupidavuse, mida toetavad XL klassi n\u00f5uded ning studdabable tehnoloogia, v\u00f5imaldades rehvile lisaks suurep\u00e4rase haarduvuse ka karmides j\u00e4\u00e4- ja lumetingimustes. Rehvi [&hellip;]<\/p>\n","protected":false},"featured_media":124629,"template":"","meta":{"site-sidebar-layout":"default","site-content-layout":"","ast-site-content-layout":"","site-content-style":"default","site-sidebar-style":"default","ast-global-header-display":"","ast-banner-title-visibility":"","ast-main-header-display":"","ast-hfb-above-header-display":"","ast-hfb-below-header-display":"","ast-hfb-mobile-header-display":"","site-post-title":"","ast-breadcrumbs-content":"","ast-featured-img":"","footer-sml-layout":"","theme-transparent-header-meta":"","adv-header-id-meta":"","stick-header-meta":"","header-above-stick-meta":"","header-main-stick-meta":"","header-below-stick-meta":"","astra-migrate-meta-layouts":"default","ast-page-background-enabled":"default","ast-page-background-meta":{"desktop":{"background-color":"","background-image":"","background-repeat":"repeat","background-position":"center center","background-size":"auto","background-attachment":"scroll","background-type":"","background-media":"","overlay-type":"","overlay-color":"","overlay-opacity":"","overlay-gradient":""},"tablet":{"background-color":"","background-image":"","background-repeat":"repeat","background-position":"center center","background-size":"auto","background-attachment":"scroll","background-type":"","background-media":"","overlay-type":"","overlay-color":"","overlay-opacity":"","overlay-gradient":""},"mobile":{"background-color":"","background-image":"","background-repeat":"repeat","background-position":"center center","background-size":"auto","background-attachment":"scroll","background-type":"","background-media":"","overlay-type":"","overlay-color":"","overlay-opacity":"","overlay-gradient":""}},"ast-content-background-meta":{"desktop":{"background-color":"var(--ast-global-color-5)","background-image":"","background-repeat":"repeat","background-position":"center center","background-size":"auto","background-attachment":"scroll","background-type":"","background-media":"","overlay-type":"","overlay-color":"","overlay-opacity":"","overlay-gradient":""},"tablet":{"background-color":"var(--ast-global-color-5)","background-image":"","background-repeat":"repeat","background-position":"center center","background-size":"auto","background-attachment":"scroll","background-type":"","background-media":"","overlay-type":"","overlay-color":"","overlay-opacity":"","overlay-gradient":""},"mobile":{"background-color":"var(--ast-global-color-5)","background-image":"","background-repeat":"repeat","background-position":"center center","background-size":"auto","background-attachment":"scroll","background-type":"","background-media":"","overlay-type":"","overlay-color":"","overlay-opacity":"","overlay-gradient":""}}},"product_brand":[],"product_cat":[29017],"product_tag":[],"pa_brand_name":[17833],"class_list":{"0":"post-105954","1":"product","2":"type-product","3":"status-publish","4":"has-post-thumbnail","6":"product_cat-winter-tires-studdable","7":"pa_brand_name-dynamo","8":"desktop-align-left","9":"tablet-align-left","10":"mobile-align-left","12":"first","13":"instock","14":"taxable","15":"shipping-taxable","16":"purchasable","17":"product-type-simple"},"_links":{"self":[{"href":"https:\/\/shop.rettum.ee\/en\/wp-json\/wp\/v2\/product\/105954","targetHints":{"allow":["GET"]}}],"collection":[{"href":"https:\/\/shop.rettum.ee\/en\/wp-json\/wp\/v2\/product"}],"about":[{"href":"https:\/\/shop.rettum.ee\/en\/wp-json\/wp\/v2\/types\/product"}],"version-history":[{"count":0,"href":"https:\/\/shop.rettum.ee\/en\/wp-json\/wp\/v2\/product\/105954\/revisions"}],"wp:featuredmedia":[{"embeddable":true,"href":"https:\/\/shop.rettum.ee\/en\/wp-json\/wp\/v2\/media\/124629"}],"wp:attachment":[{"href":"https:\/\/shop.rettum.ee\/en\/wp-json\/wp\/v2\/media?parent=105954"}],"wp:term":[{"taxonomy":"product_brand","embeddable":true,"href":"https:\/\/shop.rettum.ee\/en\/wp-json\/wp\/v2\/product_brand?post=105954"},{"taxonomy":"product_cat","embeddable":true,"href":"https:\/\/shop.rettum.ee\/en\/wp-json\/wp\/v2\/product_cat?post=105954"},{"taxonomy":"product_tag","embeddable":true,"href":"https:\/\/shop.rettum.ee\/en\/wp-json\/wp\/v2\/product_tag?post=105954"},{"taxonomy":"pa_brand_name","embeddable":true,"href":"https:\/\/shop.rettum.ee\/en\/wp-json\/wp\/v2\/pa_brand_name?post=105954"}],"curies":[{"name":"wp","href":"https:\/\/api.w.org\/{rel}","templated":true}]}}