{"id":119865,"date":"2025-03-30T04:40:25","date_gmt":"2025-03-30T01:40:25","guid":{"rendered":"https:\/\/shop.rettum.ee\/toode\/18-4-30-speedways-gripking-8pr-tt\/"},"modified":"2025-10-21T02:45:41","modified_gmt":"2025-10-20T23:45:41","slug":"18-4-30-speedways-gripking-8pr-tt","status":"publish","type":"product","link":"https:\/\/shop.rettum.ee\/en\/product\/18-4-30-speedways-gripking-8pr-tt\/","title":{"rendered":"18.4-30 Speedways GripKing 8PR TT"},"content":{"rendered":"<p>18.4-30 Speedways GripKing 8PR TT on tipptasemel rehv, mis \u00fchendab innovatsiooni ja t\u00f6\u00f6kindluse k\u00f5rgema klassi s\u00f5idutingimustel. Selle 8-reisi poli\u00fctstruline konstruktsioon tagab suurep\u00e4rase vastupidavuse ja kindla haardumise, muutes selle ideaalseks nii intensiivseteks v\u00f5istlusteks kui ka igap\u00e4evaseks kasutamiseks. Laiusega 18.4 tolli ja diameetriga 30 tolli rehv on optimeeritud pakkuma maksimaalset stabiilsust ja turvalisust erinevatel teedel.<\/p>\n<p>Speedways GripKing 8PR TT on 2024. aasta DOT m\u00e4rgistusega, mis kinnitab selle vastavust k\u00f5rgetele kvaliteedistandarditele. Rehvi disain keskendub p\u00fcsivale sooritusele ja efektiivsele j\u00f5udlusele, pakkudes usaldusv\u00e4\u00e4rset s\u00f5idukogemust ka n\u00f5udlikes tingimustes. See rehv sobib neile, kes v\u00e4\u00e4rtustavad ohutust, innovatsiooni ja ayendatud j\u00f5udlust igal teekonnal.<\/p>\n<p>Vali Speedways GripKing 8PR TT, kui otsid usaldusv\u00e4\u00e4rset ja vastupidavat lahendust, mis toetab su s\u00f5iduosavust ja toob maksimaalse j\u00f5udluse igas olukorras.<\/p>","protected":false},"excerpt":{"rendered":"<p>18.4-30 Speedways GripKing 8PR TT on tipptasemel rehv, mis \u00fchendab innovatsiooni ja t\u00f6\u00f6kindluse k\u00f5rgema klassi s\u00f5idutingimustel. Selle 8-reisi poli\u00fctstruline konstruktsioon tagab suurep\u00e4rase vastupidavuse ja kindla haardumise, muutes selle ideaalseks nii intensiivseteks v\u00f5istlusteks kui ka igap\u00e4evaseks kasutamiseks. Laiusega 18.4 tolli ja diameetriga 30 tolli rehv on optimeeritud pakkuma maksimaalset stabiilsust ja turvalisust erinevatel teedel. Speedways GripKing [&hellip;]<\/p>\n","protected":false},"featured_media":124158,"template":"","meta":{"site-sidebar-layout":"default","site-content-layout":"","ast-site-content-layout":"","site-content-style":"default","site-sidebar-style":"default","ast-global-header-display":"","ast-banner-title-visibility":"","ast-main-header-display":"","ast-hfb-above-header-display":"","ast-hfb-below-header-display":"","ast-hfb-mobile-header-display":"","site-post-title":"","ast-breadcrumbs-content":"","ast-featured-img":"","footer-sml-layout":"","theme-transparent-header-meta":"","adv-header-id-meta":"","stick-header-meta":"","header-above-stick-meta":"","header-main-stick-meta":"","header-below-stick-meta":"","astra-migrate-meta-layouts":"default","ast-page-background-enabled":"default","ast-page-background-meta":{"desktop":{"background-color":"","background-image":"","background-repeat":"repeat","background-position":"center center","background-size":"auto","background-attachment":"scroll","background-type":"","background-media":"","overlay-type":"","overlay-color":"","overlay-opacity":"","overlay-gradient":""},"tablet":{"background-color":"","background-image":"","background-repeat":"repeat","background-position":"center center","background-size":"auto","background-attachment":"scroll","background-type":"","background-media":"","overlay-type":"","overlay-color":"","overlay-opacity":"","overlay-gradient":""},"mobile":{"background-color":"","background-image":"","background-repeat":"repeat","background-position":"center center","background-size":"auto","background-attachment":"scroll","background-type":"","background-media":"","overlay-type":"","overlay-color":"","overlay-opacity":"","overlay-gradient":""}},"ast-content-background-meta":{"desktop":{"background-color":"var(--ast-global-color-5)","background-image":"","background-repeat":"repeat","background-position":"center center","background-size":"auto","background-attachment":"scroll","background-type":"","background-media":"","overlay-type":"","overlay-color":"","overlay-opacity":"","overlay-gradient":""},"tablet":{"background-color":"var(--ast-global-color-5)","background-image":"","background-repeat":"repeat","background-position":"center center","background-size":"auto","background-attachment":"scroll","background-type":"","background-media":"","overlay-type":"","overlay-color":"","overlay-opacity":"","overlay-gradient":""},"mobile":{"background-color":"var(--ast-global-color-5)","background-image":"","background-repeat":"repeat","background-position":"center center","background-size":"auto","background-attachment":"scroll","background-type":"","background-media":"","overlay-type":"","overlay-color":"","overlay-opacity":"","overlay-gradient":""}}},"product_brand":[],"product_cat":[34221],"product_tag":[],"pa_brand_name":[16429],"class_list":{"0":"post-119865","1":"product","2":"type-product","3":"status-publish","4":"has-post-thumbnail","6":"product_cat-tractor","7":"pa_brand_name-speedways","8":"desktop-align-left","9":"tablet-align-left","10":"mobile-align-left","12":"first","13":"outofstock","14":"taxable","15":"shipping-taxable","16":"purchasable","17":"product-type-simple"},"_links":{"self":[{"href":"https:\/\/shop.rettum.ee\/en\/wp-json\/wp\/v2\/product\/119865","targetHints":{"allow":["GET"]}}],"collection":[{"href":"https:\/\/shop.rettum.ee\/en\/wp-json\/wp\/v2\/product"}],"about":[{"href":"https:\/\/shop.rettum.ee\/en\/wp-json\/wp\/v2\/types\/product"}],"version-history":[{"count":1,"href":"https:\/\/shop.rettum.ee\/en\/wp-json\/wp\/v2\/product\/119865\/revisions"}],"predecessor-version":[{"id":126568,"href":"https:\/\/shop.rettum.ee\/en\/wp-json\/wp\/v2\/product\/119865\/revisions\/126568"}],"wp:featuredmedia":[{"embeddable":true,"href":"https:\/\/shop.rettum.ee\/en\/wp-json\/wp\/v2\/media\/124158"}],"wp:attachment":[{"href":"https:\/\/shop.rettum.ee\/en\/wp-json\/wp\/v2\/media?parent=119865"}],"wp:term":[{"taxonomy":"product_brand","embeddable":true,"href":"https:\/\/shop.rettum.ee\/en\/wp-json\/wp\/v2\/product_brand?post=119865"},{"taxonomy":"product_cat","embeddable":true,"href":"https:\/\/shop.rettum.ee\/en\/wp-json\/wp\/v2\/product_cat?post=119865"},{"taxonomy":"product_tag","embeddable":true,"href":"https:\/\/shop.rettum.ee\/en\/wp-json\/wp\/v2\/product_tag?post=119865"},{"taxonomy":"pa_brand_name","embeddable":true,"href":"https:\/\/shop.rettum.ee\/en\/wp-json\/wp\/v2\/pa_brand_name?post=119865"}],"curies":[{"name":"wp","href":"https:\/\/api.w.org\/{rel}","templated":true}]}}