{"id":119866,"date":"2025-03-30T04:40:26","date_gmt":"2025-03-30T01:40:26","guid":{"rendered":"https:\/\/shop.rettum.ee\/toode\/13-6-38-speedways-gripking-8pr-tt\/"},"modified":"2025-10-04T02:45:40","modified_gmt":"2025-10-03T23:45:40","slug":"13-6-38-speedways-gripking-8pr-tt","status":"publish","type":"product","link":"https:\/\/shop.rettum.ee\/en\/product\/13-6-38-speedways-gripking-8pr-tt\/","title":{"rendered":"13.6-38 Speedways GripKing 8PR TT"},"content":{"rendered":"<p>13.6-38 Speedways GripKing 8PR TT rehvid pakuvad usaldusv\u00e4\u00e4rset j\u00f5udlust ja muljetavaldavat haarduvust erinevates s\u00f5idutingimustes. Rehvi konstruktsioonis kasutatud 8-kihilist (8PR) tehnoloogiat on hoolikalt v\u00e4lja t\u00f6\u00f6tatud, et tagada t\u00f6\u00f6kindlus ka n\u00f5udlikumates olukordades, pakkudes kindlat tugi ja stabiilsust nii kiirteedel kui kurvides. TT-t\u00fc\u00fcpi rehvit\u00fc\u00fcp v\u00f5imaldab s\u00e4ilitada optimaalse kontaktpinna teega, v\u00e4hendades veeret\u00f5kest ja parandades juhitavust.  <\/p>\n<p>Speedways GripKing seeria on kujunenud tunnustatud valikuks, pakkudes pikka kasutusiga ning sobides ideaalselt igap\u00e4evaseks s\u00f5iduks ning sportliku kihiliseks juhitavuseks. Tootenimi 13.6-38 viitab t\u00e4pselt m\u00f5\u00f5tmetele, mis tagavad ideaalse sobivuse laia valikuga s\u00f5idukitele. Valides need rehvid, v\u00f5ite olla kindel, et s\u00f5iduk j\u00f5uab pakkuda turvalist ja nauditavat s\u00f5idukogemust ka k\u00f5ige n\u00f5udlikumates tingimustes.<\/p>","protected":false},"excerpt":{"rendered":"<p>13.6-38 Speedways GripKing 8PR TT rehvid pakuvad usaldusv\u00e4\u00e4rset j\u00f5udlust ja muljetavaldavat haarduvust erinevates s\u00f5idutingimustes. Rehvi konstruktsioonis kasutatud 8-kihilist (8PR) tehnoloogiat on hoolikalt v\u00e4lja t\u00f6\u00f6tatud, et tagada t\u00f6\u00f6kindlus ka n\u00f5udlikumates olukordades, pakkudes kindlat tugi ja stabiilsust nii kiirteedel kui kurvides. TT-t\u00fc\u00fcpi rehvit\u00fc\u00fcp v\u00f5imaldab s\u00e4ilitada optimaalse kontaktpinna teega, v\u00e4hendades veeret\u00f5kest ja parandades juhitavust. Speedways GripKing seeria on [&hellip;]<\/p>\n","protected":false},"featured_media":124158,"template":"","meta":{"site-sidebar-layout":"default","site-content-layout":"","ast-site-content-layout":"","site-content-style":"default","site-sidebar-style":"default","ast-global-header-display":"","ast-banner-title-visibility":"","ast-main-header-display":"","ast-hfb-above-header-display":"","ast-hfb-below-header-display":"","ast-hfb-mobile-header-display":"","site-post-title":"","ast-breadcrumbs-content":"","ast-featured-img":"","footer-sml-layout":"","theme-transparent-header-meta":"","adv-header-id-meta":"","stick-header-meta":"","header-above-stick-meta":"","header-main-stick-meta":"","header-below-stick-meta":"","astra-migrate-meta-layouts":"default","ast-page-background-enabled":"default","ast-page-background-meta":{"desktop":{"background-color":"","background-image":"","background-repeat":"repeat","background-position":"center center","background-size":"auto","background-attachment":"scroll","background-type":"","background-media":"","overlay-type":"","overlay-color":"","overlay-opacity":"","overlay-gradient":""},"tablet":{"background-color":"","background-image":"","background-repeat":"repeat","background-position":"center center","background-size":"auto","background-attachment":"scroll","background-type":"","background-media":"","overlay-type":"","overlay-color":"","overlay-opacity":"","overlay-gradient":""},"mobile":{"background-color":"","background-image":"","background-repeat":"repeat","background-position":"center center","background-size":"auto","background-attachment":"scroll","background-type":"","background-media":"","overlay-type":"","overlay-color":"","overlay-opacity":"","overlay-gradient":""}},"ast-content-background-meta":{"desktop":{"background-color":"var(--ast-global-color-5)","background-image":"","background-repeat":"repeat","background-position":"center center","background-size":"auto","background-attachment":"scroll","background-type":"","background-media":"","overlay-type":"","overlay-color":"","overlay-opacity":"","overlay-gradient":""},"tablet":{"background-color":"var(--ast-global-color-5)","background-image":"","background-repeat":"repeat","background-position":"center center","background-size":"auto","background-attachment":"scroll","background-type":"","background-media":"","overlay-type":"","overlay-color":"","overlay-opacity":"","overlay-gradient":""},"mobile":{"background-color":"var(--ast-global-color-5)","background-image":"","background-repeat":"repeat","background-position":"center center","background-size":"auto","background-attachment":"scroll","background-type":"","background-media":"","overlay-type":"","overlay-color":"","overlay-opacity":"","overlay-gradient":""}}},"product_brand":[],"product_cat":[34221],"product_tag":[],"pa_brand_name":[16429],"class_list":{"0":"post-119866","1":"product","2":"type-product","3":"status-publish","4":"has-post-thumbnail","6":"product_cat-tractor","7":"pa_brand_name-speedways","8":"desktop-align-left","9":"tablet-align-left","10":"mobile-align-left","12":"first","13":"outofstock","14":"taxable","15":"shipping-taxable","16":"purchasable","17":"product-type-simple"},"_links":{"self":[{"href":"https:\/\/shop.rettum.ee\/en\/wp-json\/wp\/v2\/product\/119866","targetHints":{"allow":["GET"]}}],"collection":[{"href":"https:\/\/shop.rettum.ee\/en\/wp-json\/wp\/v2\/product"}],"about":[{"href":"https:\/\/shop.rettum.ee\/en\/wp-json\/wp\/v2\/types\/product"}],"version-history":[{"count":1,"href":"https:\/\/shop.rettum.ee\/en\/wp-json\/wp\/v2\/product\/119866\/revisions"}],"predecessor-version":[{"id":126566,"href":"https:\/\/shop.rettum.ee\/en\/wp-json\/wp\/v2\/product\/119866\/revisions\/126566"}],"wp:featuredmedia":[{"embeddable":true,"href":"https:\/\/shop.rettum.ee\/en\/wp-json\/wp\/v2\/media\/124158"}],"wp:attachment":[{"href":"https:\/\/shop.rettum.ee\/en\/wp-json\/wp\/v2\/media?parent=119866"}],"wp:term":[{"taxonomy":"product_brand","embeddable":true,"href":"https:\/\/shop.rettum.ee\/en\/wp-json\/wp\/v2\/product_brand?post=119866"},{"taxonomy":"product_cat","embeddable":true,"href":"https:\/\/shop.rettum.ee\/en\/wp-json\/wp\/v2\/product_cat?post=119866"},{"taxonomy":"product_tag","embeddable":true,"href":"https:\/\/shop.rettum.ee\/en\/wp-json\/wp\/v2\/product_tag?post=119866"},{"taxonomy":"pa_brand_name","embeddable":true,"href":"https:\/\/shop.rettum.ee\/en\/wp-json\/wp\/v2\/pa_brand_name?post=119866"}],"curies":[{"name":"wp","href":"https:\/\/api.w.org\/{rel}","templated":true}]}}