{"id":119867,"date":"2025-03-30T04:40:26","date_gmt":"2025-03-30T01:40:26","guid":{"rendered":"https:\/\/shop.rettum.ee\/toode\/265-70r16-triangle-advantex-suv-tr259-112h-dot21-dcb72-ms\/"},"modified":"2026-03-22T03:09:24","modified_gmt":"2026-03-22T01:09:24","slug":"265-70r16-triangle-advantex-suv-tr259-112h-dot21-dcb72-ms","status":"publish","type":"product","link":"https:\/\/shop.rettum.ee\/en\/product\/265-70r16-triangle-advantex-suv-tr259-112h-dot21-dcb72-ms\/","title":{"rendered":"265\/70R16 TRIANGLE ADVANTEX SUV (TR259) 112H DOT21 DCB72 M+S"},"content":{"rendered":"<p>265\/70R16 TRIANGLE ADVANTEX SUV (TR259) on mitmek\u00fclgne ja usaldusv\u00e4\u00e4rne rehviv\u00f5imalus, mis on spetsiaalselt loodud SUV-ile ja maastikus\u00f5iduks. Rehv vastab rangetele kvaliteedistandarditele \u2013 load index 112 ja H kiirusklass tagavad ohutu s\u00f5idu kuni 210 km\/h. DOT21 s\u00fcmboliseerib kaasaegset tootmisprotsessi ning DCB72 kood kinnitab hoolikat kvaliteedikontrolli.<\/p>\n<p>M+S m\u00e4rgistus lisab rehvile veideldamatust karmides ilmastikutingimustes, pakkudes suurep\u00e4rast haarduvust mulda ja lumel. TRIANGLE ADVANTEX SUV rehv on ideaalne valik neile, kes hindavad turvalisust ja vastupidavust nii pikamaal kui ka igap\u00e4evases linnas\u00f5idus. T\u00e4iuslik disain ja kaasaegsed tehnoloogiad tagavad stabiilsuse ning mugava s\u00f5idu erinevatel teekatetel.<\/p>\n<p>Valides 265\/70R16 TRIANGLE ADVANTEX SUV (TR259) rehv, investeerid kvaliteeti, ohutusse ning efektiivsesse energiakasutusse, mis aitavad hoida auto j\u00f5udlust tippvormis ja s\u00f5iduomadusi laitmatuna. See rehv on usaldusv\u00e4\u00e4rne kaaslane nii igap\u00e4evasteks s\u00f5itudeks kui ka seiklusteks v\u00e4ljaspool tavap\u00e4rast marsruuti.<\/p>","protected":false},"excerpt":{"rendered":"<p>265\/70R16 TRIANGLE ADVANTEX SUV (TR259) on mitmek\u00fclgne ja usaldusv\u00e4\u00e4rne rehviv\u00f5imalus, mis on spetsiaalselt loodud SUV-ile ja maastikus\u00f5iduks. Rehv vastab rangetele kvaliteedistandarditele \u2013 load index 112 ja H kiirusklass tagavad ohutu s\u00f5idu kuni 210 km\/h. DOT21 s\u00fcmboliseerib kaasaegset tootmisprotsessi ning DCB72 kood kinnitab hoolikat kvaliteedikontrolli. M+S m\u00e4rgistus lisab rehvile veideldamatust karmides ilmastikutingimustes, pakkudes suurep\u00e4rast haarduvust mulda [&hellip;]<\/p>\n","protected":false},"featured_media":124084,"template":"","meta":{"site-sidebar-layout":"default","site-content-layout":"","ast-site-content-layout":"","site-content-style":"default","site-sidebar-style":"default","ast-global-header-display":"","ast-banner-title-visibility":"","ast-main-header-display":"","ast-hfb-above-header-display":"","ast-hfb-below-header-display":"","ast-hfb-mobile-header-display":"","site-post-title":"","ast-breadcrumbs-content":"","ast-featured-img":"","footer-sml-layout":"","theme-transparent-header-meta":"","adv-header-id-meta":"","stick-header-meta":"","header-above-stick-meta":"","header-main-stick-meta":"","header-below-stick-meta":"","astra-migrate-meta-layouts":"default","ast-page-background-enabled":"default","ast-page-background-meta":{"desktop":{"background-color":"","background-image":"","background-repeat":"repeat","background-position":"center center","background-size":"auto","background-attachment":"scroll","background-type":"","background-media":"","overlay-type":"","overlay-color":"","overlay-opacity":"","overlay-gradient":""},"tablet":{"background-color":"","background-image":"","background-repeat":"repeat","background-position":"center center","background-size":"auto","background-attachment":"scroll","background-type":"","background-media":"","overlay-type":"","overlay-color":"","overlay-opacity":"","overlay-gradient":""},"mobile":{"background-color":"","background-image":"","background-repeat":"repeat","background-position":"center center","background-size":"auto","background-attachment":"scroll","background-type":"","background-media":"","overlay-type":"","overlay-color":"","overlay-opacity":"","overlay-gradient":""}},"ast-content-background-meta":{"desktop":{"background-color":"var(--ast-global-color-5)","background-image":"","background-repeat":"repeat","background-position":"center center","background-size":"auto","background-attachment":"scroll","background-type":"","background-media":"","overlay-type":"","overlay-color":"","overlay-opacity":"","overlay-gradient":""},"tablet":{"background-color":"var(--ast-global-color-5)","background-image":"","background-repeat":"repeat","background-position":"center center","background-size":"auto","background-attachment":"scroll","background-type":"","background-media":"","overlay-type":"","overlay-color":"","overlay-opacity":"","overlay-gradient":""},"mobile":{"background-color":"var(--ast-global-color-5)","background-image":"","background-repeat":"repeat","background-position":"center center","background-size":"auto","background-attachment":"scroll","background-type":"","background-media":"","overlay-type":"","overlay-color":"","overlay-opacity":"","overlay-gradient":""}}},"product_brand":[],"product_cat":[34225],"product_tag":[],"pa_brand_name":[16873],"class_list":{"0":"post-119867","1":"product","2":"type-product","3":"status-publish","4":"has-post-thumbnail","6":"product_cat-summer-tires-pv","7":"pa_brand_name-triangle","8":"desktop-align-left","9":"tablet-align-left","10":"mobile-align-left","12":"first","13":"outofstock","14":"taxable","15":"shipping-taxable","16":"purchasable","17":"product-type-simple"},"_links":{"self":[{"href":"https:\/\/shop.rettum.ee\/en\/wp-json\/wp\/v2\/product\/119867","targetHints":{"allow":["GET"]}}],"collection":[{"href":"https:\/\/shop.rettum.ee\/en\/wp-json\/wp\/v2\/product"}],"about":[{"href":"https:\/\/shop.rettum.ee\/en\/wp-json\/wp\/v2\/types\/product"}],"version-history":[{"count":1,"href":"https:\/\/shop.rettum.ee\/en\/wp-json\/wp\/v2\/product\/119867\/revisions"}],"predecessor-version":[{"id":126567,"href":"https:\/\/shop.rettum.ee\/en\/wp-json\/wp\/v2\/product\/119867\/revisions\/126567"}],"wp:featuredmedia":[{"embeddable":true,"href":"https:\/\/shop.rettum.ee\/en\/wp-json\/wp\/v2\/media\/124084"}],"wp:attachment":[{"href":"https:\/\/shop.rettum.ee\/en\/wp-json\/wp\/v2\/media?parent=119867"}],"wp:term":[{"taxonomy":"product_brand","embeddable":true,"href":"https:\/\/shop.rettum.ee\/en\/wp-json\/wp\/v2\/product_brand?post=119867"},{"taxonomy":"product_cat","embeddable":true,"href":"https:\/\/shop.rettum.ee\/en\/wp-json\/wp\/v2\/product_cat?post=119867"},{"taxonomy":"product_tag","embeddable":true,"href":"https:\/\/shop.rettum.ee\/en\/wp-json\/wp\/v2\/product_tag?post=119867"},{"taxonomy":"pa_brand_name","embeddable":true,"href":"https:\/\/shop.rettum.ee\/en\/wp-json\/wp\/v2\/pa_brand_name?post=119867"}],"curies":[{"name":"wp","href":"https:\/\/api.w.org\/{rel}","templated":true}]}}