{"id":119878,"date":"2025-03-30T04:40:34","date_gmt":"2025-03-30T01:40:34","guid":{"rendered":"https:\/\/shop.rettum.ee\/toode\/235-60r18-hankook-winter-ipike-x-w429a-107t-xl-studdable-3pmsf-ms\/"},"modified":"2025-09-30T02:45:48","modified_gmt":"2025-09-29T23:45:48","slug":"235-60r18-hankook-winter-ipike-x-w429a-107t-xl-studdable-3pmsf-ms","status":"publish","type":"product","link":"https:\/\/shop.rettum.ee\/en\/product\/235-60r18-hankook-winter-ipike-x-w429a-107t-xl-studdable-3pmsf-ms\/","title":{"rendered":"235\/60R18 HANKOOK WINTER I*PIKE X (W429A) 107T XL Studdable 3PMSF M+S"},"content":{"rendered":"<p>HANKOOK WINTER I*PIKE X (W429A) rehvid on loodud pakkuma tipptasemel s\u00f5iduohutust ja stabiilsust k\u00f5ige karmimates talvetingimustes. Rehvim\u00f5\u00f5tmed 235\/60R18 koos 107T XL klassifikatsiooniga tagavad suurep\u00e4rase koormustaluvuse ja kiire reageerimise igas olukorras. Rehvid on varustatud uuendusliku kivit\u00e4puliselt disainitud mustriga, mis parandab haarduvust libedadel ja lumistel teedel ning v\u00f5imaldab ohutut s\u00f5itu ka k\u00f5ige n\u00f5udlikumates oludes.<\/p>\n<p>3PMSF sertifikaadiga rehvid vastavad rangele lumetingimustele ja M+S m\u00e4rgis kinnitab nende sobivust nii mudasel kui m\u00e4rjal pinnasel. Lisaks on need rehvid studdable ehk v\u00f5imalusega varustada lisakinnitusestega, et veelgi tugevdada pidamist k\u00fclmades ja j\u00e4istes tingimustes. HANKOOK WINTER I*PIKE X (W429A) on ideaalne valik autojuhile, kes v\u00e4\u00e4rtustab s\u00f5idu turvalisust, stabiilsust ja maksimaalset juhitavust talvisistel teedel.<\/p>","protected":false},"excerpt":{"rendered":"<p>HANKOOK WINTER I*PIKE X (W429A) rehvid on loodud pakkuma tipptasemel s\u00f5iduohutust ja stabiilsust k\u00f5ige karmimates talvetingimustes. Rehvim\u00f5\u00f5tmed 235\/60R18 koos 107T XL klassifikatsiooniga tagavad suurep\u00e4rase koormustaluvuse ja kiire reageerimise igas olukorras. Rehvid on varustatud uuendusliku kivit\u00e4puliselt disainitud mustriga, mis parandab haarduvust libedadel ja lumistel teedel ning v\u00f5imaldab ohutut s\u00f5itu ka k\u00f5ige n\u00f5udlikumates oludes. 3PMSF sertifikaadiga rehvid [&hellip;]<\/p>\n","protected":false},"featured_media":124209,"template":"","meta":{"site-sidebar-layout":"default","site-content-layout":"","ast-site-content-layout":"","site-content-style":"default","site-sidebar-style":"default","ast-global-header-display":"","ast-banner-title-visibility":"","ast-main-header-display":"","ast-hfb-above-header-display":"","ast-hfb-below-header-display":"","ast-hfb-mobile-header-display":"","site-post-title":"","ast-breadcrumbs-content":"","ast-featured-img":"","footer-sml-layout":"","theme-transparent-header-meta":"","adv-header-id-meta":"","stick-header-meta":"","header-above-stick-meta":"","header-main-stick-meta":"","header-below-stick-meta":"","astra-migrate-meta-layouts":"default","ast-page-background-enabled":"default","ast-page-background-meta":{"desktop":{"background-color":"","background-image":"","background-repeat":"repeat","background-position":"center center","background-size":"auto","background-attachment":"scroll","background-type":"","background-media":"","overlay-type":"","overlay-color":"","overlay-opacity":"","overlay-gradient":""},"tablet":{"background-color":"","background-image":"","background-repeat":"repeat","background-position":"center center","background-size":"auto","background-attachment":"scroll","background-type":"","background-media":"","overlay-type":"","overlay-color":"","overlay-opacity":"","overlay-gradient":""},"mobile":{"background-color":"","background-image":"","background-repeat":"repeat","background-position":"center center","background-size":"auto","background-attachment":"scroll","background-type":"","background-media":"","overlay-type":"","overlay-color":"","overlay-opacity":"","overlay-gradient":""}},"ast-content-background-meta":{"desktop":{"background-color":"var(--ast-global-color-5)","background-image":"","background-repeat":"repeat","background-position":"center center","background-size":"auto","background-attachment":"scroll","background-type":"","background-media":"","overlay-type":"","overlay-color":"","overlay-opacity":"","overlay-gradient":""},"tablet":{"background-color":"var(--ast-global-color-5)","background-image":"","background-repeat":"repeat","background-position":"center center","background-size":"auto","background-attachment":"scroll","background-type":"","background-media":"","overlay-type":"","overlay-color":"","overlay-opacity":"","overlay-gradient":""},"mobile":{"background-color":"var(--ast-global-color-5)","background-image":"","background-repeat":"repeat","background-position":"center center","background-size":"auto","background-attachment":"scroll","background-type":"","background-media":"","overlay-type":"","overlay-color":"","overlay-opacity":"","overlay-gradient":""}}},"product_brand":[],"product_cat":[29017],"product_tag":[],"pa_brand_name":[17812],"class_list":{"0":"post-119878","1":"product","2":"type-product","3":"status-publish","4":"has-post-thumbnail","6":"product_cat-winter-tires-studdable","7":"pa_brand_name-hankook","8":"desktop-align-left","9":"tablet-align-left","10":"mobile-align-left","12":"first","13":"outofstock","14":"taxable","15":"shipping-taxable","16":"purchasable","17":"product-type-simple"},"_links":{"self":[{"href":"https:\/\/shop.rettum.ee\/en\/wp-json\/wp\/v2\/product\/119878","targetHints":{"allow":["GET"]}}],"collection":[{"href":"https:\/\/shop.rettum.ee\/en\/wp-json\/wp\/v2\/product"}],"about":[{"href":"https:\/\/shop.rettum.ee\/en\/wp-json\/wp\/v2\/types\/product"}],"version-history":[{"count":1,"href":"https:\/\/shop.rettum.ee\/en\/wp-json\/wp\/v2\/product\/119878\/revisions"}],"predecessor-version":[{"id":126564,"href":"https:\/\/shop.rettum.ee\/en\/wp-json\/wp\/v2\/product\/119878\/revisions\/126564"}],"wp:featuredmedia":[{"embeddable":true,"href":"https:\/\/shop.rettum.ee\/en\/wp-json\/wp\/v2\/media\/124209"}],"wp:attachment":[{"href":"https:\/\/shop.rettum.ee\/en\/wp-json\/wp\/v2\/media?parent=119878"}],"wp:term":[{"taxonomy":"product_brand","embeddable":true,"href":"https:\/\/shop.rettum.ee\/en\/wp-json\/wp\/v2\/product_brand?post=119878"},{"taxonomy":"product_cat","embeddable":true,"href":"https:\/\/shop.rettum.ee\/en\/wp-json\/wp\/v2\/product_cat?post=119878"},{"taxonomy":"product_tag","embeddable":true,"href":"https:\/\/shop.rettum.ee\/en\/wp-json\/wp\/v2\/product_tag?post=119878"},{"taxonomy":"pa_brand_name","embeddable":true,"href":"https:\/\/shop.rettum.ee\/en\/wp-json\/wp\/v2\/pa_brand_name?post=119878"}],"curies":[{"name":"wp","href":"https:\/\/api.w.org\/{rel}","templated":true}]}}