{"id":119908,"date":"2025-03-30T04:40:54","date_gmt":"2025-03-30T01:40:54","guid":{"rendered":"https:\/\/shop.rettum.ee\/toode\/255-45r21-pirelli-scorpion-winter-2-106v-xl-ne0-elect-fsl-studless-cab71-3pmsf-ms\/"},"modified":"2025-11-13T02:45:31","modified_gmt":"2025-11-13T00:45:31","slug":"255-45r21-pirelli-scorpion-winter-2-106v-xl-ne0-elect-fsl-studless-cab71-3pmsf-ms","status":"publish","type":"product","link":"https:\/\/shop.rettum.ee\/en\/product\/255-45r21-pirelli-scorpion-winter-2-106v-xl-ne0-elect-fsl-studless-cab71-3pmsf-ms\/","title":{"rendered":"255\/45R21 PIRELLI SCORPION WINTER 2 106V XL NE0 Elect FSL Studless CAB71 3PMSF M+S"},"content":{"rendered":"<p>Tutvustame rehvi 255\/45R21 PIRELLI SCORPION WINTER 2 \u2013 tipptasemel talverehv, mis tagab s\u00f5iduohutuse ja kindluse k\u00f5ige karmimates talveoludes. Selle disaini ja insenerit\u00f6\u00f6 tulemusel pakub rehv optimaalset haarduvust ning stabiilsust libedal teel, olles loodud nii lumisel kui ka j\u00e4\u00e4isel pinnal s\u00f5itmiseks. <\/p>\n<p>Rehv on varustatud uuendusliku Elect FSL tehnoloogiaga, mis v\u00f5imaldab suurep\u00e4rast juhtimist ja l\u00fckkab kriitiliste olukordade korral toime t\u00f5husa reageeringuga. Stud&#8217;eta konstruktsioon tagab vaikse ja mugava s\u00f5idu, s\u00e4ilitades samal ajal k\u00f5rge turvatase. PIRELLI SCORPION WINTER 2 on hinnatud ka oma mitmek\u00fclgsuse poolest \u2013 see sobib suurep\u00e4raselt nii liiga kui ka mudasel, libedal teepeal, mida annab m\u00e4rge M+S m\u00e4rgistus ning 3PMSF s\u00fcmbol, kinnitades selle sobivust t\u00f5siste talvete olude jaoks.<\/p>\n<p>Lisaks XL konstruktsioon v\u00f5imaldab rehvil kanda suuremat koormust, pakkudes justkui lisakindlust linnas\u00f5iduks ja maanteedel. See 106V rehv on ideaalne valik neile, kes hindavad kvaliteeti, t\u00f6\u00f6kindlust ja turvalist s\u00f5itu talveoludes.<\/p>","protected":false},"excerpt":{"rendered":"<p>Tutvustame rehvi 255\/45R21 PIRELLI SCORPION WINTER 2 \u2013 tipptasemel talverehv, mis tagab s\u00f5iduohutuse ja kindluse k\u00f5ige karmimates talveoludes. Selle disaini ja insenerit\u00f6\u00f6 tulemusel pakub rehv optimaalset haarduvust ning stabiilsust libedal teel, olles loodud nii lumisel kui ka j\u00e4\u00e4isel pinnal s\u00f5itmiseks. Rehv on varustatud uuendusliku Elect FSL tehnoloogiaga, mis v\u00f5imaldab suurep\u00e4rast juhtimist ja l\u00fckkab kriitiliste olukordade [&hellip;]<\/p>\n","protected":false},"featured_media":124196,"template":"","meta":{"site-sidebar-layout":"default","site-content-layout":"","ast-site-content-layout":"","site-content-style":"default","site-sidebar-style":"default","ast-global-header-display":"","ast-banner-title-visibility":"","ast-main-header-display":"","ast-hfb-above-header-display":"","ast-hfb-below-header-display":"","ast-hfb-mobile-header-display":"","site-post-title":"","ast-breadcrumbs-content":"","ast-featured-img":"","footer-sml-layout":"","theme-transparent-header-meta":"","adv-header-id-meta":"","stick-header-meta":"","header-above-stick-meta":"","header-main-stick-meta":"","header-below-stick-meta":"","astra-migrate-meta-layouts":"default","ast-page-background-enabled":"default","ast-page-background-meta":{"desktop":{"background-color":"","background-image":"","background-repeat":"repeat","background-position":"center center","background-size":"auto","background-attachment":"scroll","background-type":"","background-media":"","overlay-type":"","overlay-color":"","overlay-opacity":"","overlay-gradient":""},"tablet":{"background-color":"","background-image":"","background-repeat":"repeat","background-position":"center center","background-size":"auto","background-attachment":"scroll","background-type":"","background-media":"","overlay-type":"","overlay-color":"","overlay-opacity":"","overlay-gradient":""},"mobile":{"background-color":"","background-image":"","background-repeat":"repeat","background-position":"center center","background-size":"auto","background-attachment":"scroll","background-type":"","background-media":"","overlay-type":"","overlay-color":"","overlay-opacity":"","overlay-gradient":""}},"ast-content-background-meta":{"desktop":{"background-color":"var(--ast-global-color-5)","background-image":"","background-repeat":"repeat","background-position":"center center","background-size":"auto","background-attachment":"scroll","background-type":"","background-media":"","overlay-type":"","overlay-color":"","overlay-opacity":"","overlay-gradient":""},"tablet":{"background-color":"var(--ast-global-color-5)","background-image":"","background-repeat":"repeat","background-position":"center center","background-size":"auto","background-attachment":"scroll","background-type":"","background-media":"","overlay-type":"","overlay-color":"","overlay-opacity":"","overlay-gradient":""},"mobile":{"background-color":"var(--ast-global-color-5)","background-image":"","background-repeat":"repeat","background-position":"center center","background-size":"auto","background-attachment":"scroll","background-type":"","background-media":"","overlay-type":"","overlay-color":"","overlay-opacity":"","overlay-gradient":""}}},"product_brand":[],"product_cat":[34228],"product_tag":[],"pa_brand_name":[17329],"class_list":{"0":"post-119908","1":"product","2":"type-product","3":"status-publish","4":"has-post-thumbnail","6":"product_cat-winter-tires-friction","7":"pa_brand_name-pirelli","8":"desktop-align-left","9":"tablet-align-left","10":"mobile-align-left","12":"first","13":"outofstock","14":"taxable","15":"shipping-taxable","16":"purchasable","17":"product-type-simple"},"_links":{"self":[{"href":"https:\/\/shop.rettum.ee\/en\/wp-json\/wp\/v2\/product\/119908","targetHints":{"allow":["GET"]}}],"collection":[{"href":"https:\/\/shop.rettum.ee\/en\/wp-json\/wp\/v2\/product"}],"about":[{"href":"https:\/\/shop.rettum.ee\/en\/wp-json\/wp\/v2\/types\/product"}],"version-history":[{"count":1,"href":"https:\/\/shop.rettum.ee\/en\/wp-json\/wp\/v2\/product\/119908\/revisions"}],"predecessor-version":[{"id":126547,"href":"https:\/\/shop.rettum.ee\/en\/wp-json\/wp\/v2\/product\/119908\/revisions\/126547"}],"wp:featuredmedia":[{"embeddable":true,"href":"https:\/\/shop.rettum.ee\/en\/wp-json\/wp\/v2\/media\/124196"}],"wp:attachment":[{"href":"https:\/\/shop.rettum.ee\/en\/wp-json\/wp\/v2\/media?parent=119908"}],"wp:term":[{"taxonomy":"product_brand","embeddable":true,"href":"https:\/\/shop.rettum.ee\/en\/wp-json\/wp\/v2\/product_brand?post=119908"},{"taxonomy":"product_cat","embeddable":true,"href":"https:\/\/shop.rettum.ee\/en\/wp-json\/wp\/v2\/product_cat?post=119908"},{"taxonomy":"product_tag","embeddable":true,"href":"https:\/\/shop.rettum.ee\/en\/wp-json\/wp\/v2\/product_tag?post=119908"},{"taxonomy":"pa_brand_name","embeddable":true,"href":"https:\/\/shop.rettum.ee\/en\/wp-json\/wp\/v2\/pa_brand_name?post=119908"}],"curies":[{"name":"wp","href":"https:\/\/api.w.org\/{rel}","templated":true}]}}