{"id":119914,"date":"2025-03-30T04:40:58","date_gmt":"2025-03-30T01:40:58","guid":{"rendered":"https:\/\/shop.rettum.ee\/toode\/285-40r22-continental-wintercontact-ts860s-110v-xl-nc0-elect-fr-studless-bbb75-3pmsf-ms\/"},"modified":"2026-03-22T03:03:17","modified_gmt":"2026-03-22T01:03:17","slug":"285-40r22-continental-wintercontact-ts860s-110v-xl-nc0-elect-fr-studless-bbb75-3pmsf-ms","status":"publish","type":"product","link":"https:\/\/shop.rettum.ee\/en\/product\/285-40r22-continental-wintercontact-ts860s-110v-xl-nc0-elect-fr-studless-bbb75-3pmsf-ms\/","title":{"rendered":"285\/40R22 CONTINENTAL WINTERCONTACT TS860S 110V XL NC0 Elect FR Studless BBB75 3PMSF M+S"},"content":{"rendered":"<p>Valmistuge kogema erakordset talverehvi j\u00f5udlust Continental WinterContact TS860S abil. See 285\/40R22 rehv on loodud pakkuma maksimaalset turvalisust ja haarduvust karmides talvisetes tingimustes. Rehvi tehnoloogia, sealhulgas Elect FR ja naelavaba (Studless) konstruktsioon, tagab tipptasemel haarduvuse ning stabiilsuse nii lumel kui ka j\u00e4\u00e4d katvatel teedel.<\/p>\n<p>Moderneeritud disain koos sertifikaatidega BBB75, 3PMSF ja M+S kinnitavad rehvi sobivust raskematele talveoludele ja mitmek\u00fclgsele kasutamisele. XL ja NC0 m\u00e4rgised lisavad t\u00e4iendavat vastupidavust ning efektiivsust, v\u00f5imaldades s\u00f5ita kindlalt kiiretes ja keerulistes tingimustes. <\/p>\n<p>Continental WinterContact TS860S on ideaalne lahendus neile, kes n\u00f5uavad oma s\u00f5idukilt usaldusv\u00e4\u00e4rsust ja k\u00f5rget tehnoloogilist taset. Nautige vaikset, stabiilset ning energias\u00e4\u00e4stlikku s\u00f5itu ka k\u00f5ige n\u00f5udlikumatel talveoludel.<\/p>","protected":false},"excerpt":{"rendered":"<p>Valmistuge kogema erakordset talverehvi j\u00f5udlust Continental WinterContact TS860S abil. See 285\/40R22 rehv on loodud pakkuma maksimaalset turvalisust ja haarduvust karmides talvisetes tingimustes. Rehvi tehnoloogia, sealhulgas Elect FR ja naelavaba (Studless) konstruktsioon, tagab tipptasemel haarduvuse ning stabiilsuse nii lumel kui ka j\u00e4\u00e4d katvatel teedel. Moderneeritud disain koos sertifikaatidega BBB75, 3PMSF ja M+S kinnitavad rehvi sobivust raskematele [&hellip;]<\/p>\n","protected":false},"featured_media":122213,"template":"","meta":{"site-sidebar-layout":"default","site-content-layout":"","ast-site-content-layout":"","site-content-style":"default","site-sidebar-style":"default","ast-global-header-display":"","ast-banner-title-visibility":"","ast-main-header-display":"","ast-hfb-above-header-display":"","ast-hfb-below-header-display":"","ast-hfb-mobile-header-display":"","site-post-title":"","ast-breadcrumbs-content":"","ast-featured-img":"","footer-sml-layout":"","theme-transparent-header-meta":"","adv-header-id-meta":"","stick-header-meta":"","header-above-stick-meta":"","header-main-stick-meta":"","header-below-stick-meta":"","astra-migrate-meta-layouts":"default","ast-page-background-enabled":"default","ast-page-background-meta":{"desktop":{"background-color":"","background-image":"","background-repeat":"repeat","background-position":"center center","background-size":"auto","background-attachment":"scroll","background-type":"","background-media":"","overlay-type":"","overlay-color":"","overlay-opacity":"","overlay-gradient":""},"tablet":{"background-color":"","background-image":"","background-repeat":"repeat","background-position":"center center","background-size":"auto","background-attachment":"scroll","background-type":"","background-media":"","overlay-type":"","overlay-color":"","overlay-opacity":"","overlay-gradient":""},"mobile":{"background-color":"","background-image":"","background-repeat":"repeat","background-position":"center center","background-size":"auto","background-attachment":"scroll","background-type":"","background-media":"","overlay-type":"","overlay-color":"","overlay-opacity":"","overlay-gradient":""}},"ast-content-background-meta":{"desktop":{"background-color":"var(--ast-global-color-5)","background-image":"","background-repeat":"repeat","background-position":"center center","background-size":"auto","background-attachment":"scroll","background-type":"","background-media":"","overlay-type":"","overlay-color":"","overlay-opacity":"","overlay-gradient":""},"tablet":{"background-color":"var(--ast-global-color-5)","background-image":"","background-repeat":"repeat","background-position":"center center","background-size":"auto","background-attachment":"scroll","background-type":"","background-media":"","overlay-type":"","overlay-color":"","overlay-opacity":"","overlay-gradient":""},"mobile":{"background-color":"var(--ast-global-color-5)","background-image":"","background-repeat":"repeat","background-position":"center center","background-size":"auto","background-attachment":"scroll","background-type":"","background-media":"","overlay-type":"","overlay-color":"","overlay-opacity":"","overlay-gradient":""}}},"product_brand":[],"product_cat":[34228],"product_tag":[],"pa_brand_name":[25035],"class_list":{"0":"post-119914","1":"product","2":"type-product","3":"status-publish","4":"has-post-thumbnail","6":"product_cat-winter-tires-friction","7":"pa_brand_name-continental","8":"desktop-align-left","9":"tablet-align-left","10":"mobile-align-left","12":"first","13":"outofstock","14":"taxable","15":"shipping-taxable","16":"purchasable","17":"product-type-simple"},"_links":{"self":[{"href":"https:\/\/shop.rettum.ee\/en\/wp-json\/wp\/v2\/product\/119914","targetHints":{"allow":["GET"]}}],"collection":[{"href":"https:\/\/shop.rettum.ee\/en\/wp-json\/wp\/v2\/product"}],"about":[{"href":"https:\/\/shop.rettum.ee\/en\/wp-json\/wp\/v2\/types\/product"}],"version-history":[{"count":1,"href":"https:\/\/shop.rettum.ee\/en\/wp-json\/wp\/v2\/product\/119914\/revisions"}],"predecessor-version":[{"id":126544,"href":"https:\/\/shop.rettum.ee\/en\/wp-json\/wp\/v2\/product\/119914\/revisions\/126544"}],"wp:featuredmedia":[{"embeddable":true,"href":"https:\/\/shop.rettum.ee\/en\/wp-json\/wp\/v2\/media\/122213"}],"wp:attachment":[{"href":"https:\/\/shop.rettum.ee\/en\/wp-json\/wp\/v2\/media?parent=119914"}],"wp:term":[{"taxonomy":"product_brand","embeddable":true,"href":"https:\/\/shop.rettum.ee\/en\/wp-json\/wp\/v2\/product_brand?post=119914"},{"taxonomy":"product_cat","embeddable":true,"href":"https:\/\/shop.rettum.ee\/en\/wp-json\/wp\/v2\/product_cat?post=119914"},{"taxonomy":"product_tag","embeddable":true,"href":"https:\/\/shop.rettum.ee\/en\/wp-json\/wp\/v2\/product_tag?post=119914"},{"taxonomy":"pa_brand_name","embeddable":true,"href":"https:\/\/shop.rettum.ee\/en\/wp-json\/wp\/v2\/pa_brand_name?post=119914"}],"curies":[{"name":"wp","href":"https:\/\/api.w.org\/{rel}","templated":true}]}}