{"id":119932,"date":"2025-03-30T04:41:10","date_gmt":"2025-03-30T01:41:10","guid":{"rendered":"https:\/\/shop.rettum.ee\/toode\/225-50r17-pirelli-powergy-winter-98v-xl-fsl-studless-ccb71-3pmsf-ms\/"},"modified":"2026-03-22T03:03:20","modified_gmt":"2026-03-22T01:03:20","slug":"225-50r17-pirelli-powergy-winter-98v-xl-fsl-studless-ccb71-3pmsf-ms","status":"publish","type":"product","link":"https:\/\/shop.rettum.ee\/en\/product\/225-50r17-pirelli-powergy-winter-98v-xl-fsl-studless-ccb71-3pmsf-ms\/","title":{"rendered":"225\/50R17 PIRELLI POWERGY WINTER 98V XL FSL Studless CCB71 3PMSF M+S"},"content":{"rendered":"<p>Pirelli Powergy Winter 225\/50R17 on usaldusv\u00e4\u00e4rne ja k\u00f5rgtehnoloogiline talverehv, mis on loodud kindlaks haarduvuseks ning ohutuks s\u00f5iduks n\u00f5udlikes talvetingimustes. Rehvi koormusindeks 98 ja kiirusindeks V tagavad suurep\u00e4rase j\u00f5udluse ja stabiilsuse ka ekstremumoludes, samal ajal kui XL konstrueerimine toob kaasa tugeva ja vastupidava disaini.<\/p>\n<p>Innovaatiline studless tehnoloogia v\u00f5imaldab optimaalse kontakti teega ilma naelte kasutamiseta, v\u00e4hendades seel\u00e4bi m\u00fcra ja kahjustusi teele. M\u00e4rgised M+S ja 3PMSF (kolme m\u00e4etippe s\u00fcmboliseerimas talverehvi kvaliteeti) kinnitavad selle v\u00f5imet pakkuda usaldusv\u00e4\u00e4rset pidamist lumistel ja j\u00e4\u00e4kattega pindadel. Disainitud vastama rangetele CCB71 ja FSL standarditele, tagab see rehv maksimaalse kindluse ning t\u00e4pse man\u00f6\u00f6verdusv\u00f5ime igas olukorras.<\/p>\n<p>Valides Pirelli Powergy Winter, investeerite ohutusse ja suurep\u00e4rasesse k\u00e4itumisse ka k\u00f5ige n\u00f5udlikumates talveoludes. Muutke oma talvis\u00f5it turvalisemaks ja stabiilsemaks!<\/p>","protected":false},"excerpt":{"rendered":"<p>Pirelli Powergy Winter 225\/50R17 on usaldusv\u00e4\u00e4rne ja k\u00f5rgtehnoloogiline talverehv, mis on loodud kindlaks haarduvuseks ning ohutuks s\u00f5iduks n\u00f5udlikes talvetingimustes. Rehvi koormusindeks 98 ja kiirusindeks V tagavad suurep\u00e4rase j\u00f5udluse ja stabiilsuse ka ekstremumoludes, samal ajal kui XL konstrueerimine toob kaasa tugeva ja vastupidava disaini. Innovaatiline studless tehnoloogia v\u00f5imaldab optimaalse kontakti teega ilma naelte kasutamiseta, v\u00e4hendades seel\u00e4bi [&hellip;]<\/p>\n","protected":false},"featured_media":124193,"template":"","meta":{"site-sidebar-layout":"default","site-content-layout":"","ast-site-content-layout":"","site-content-style":"default","site-sidebar-style":"default","ast-global-header-display":"","ast-banner-title-visibility":"","ast-main-header-display":"","ast-hfb-above-header-display":"","ast-hfb-below-header-display":"","ast-hfb-mobile-header-display":"","site-post-title":"","ast-breadcrumbs-content":"","ast-featured-img":"","footer-sml-layout":"","theme-transparent-header-meta":"","adv-header-id-meta":"","stick-header-meta":"","header-above-stick-meta":"","header-main-stick-meta":"","header-below-stick-meta":"","astra-migrate-meta-layouts":"default","ast-page-background-enabled":"default","ast-page-background-meta":{"desktop":{"background-color":"","background-image":"","background-repeat":"repeat","background-position":"center center","background-size":"auto","background-attachment":"scroll","background-type":"","background-media":"","overlay-type":"","overlay-color":"","overlay-opacity":"","overlay-gradient":""},"tablet":{"background-color":"","background-image":"","background-repeat":"repeat","background-position":"center center","background-size":"auto","background-attachment":"scroll","background-type":"","background-media":"","overlay-type":"","overlay-color":"","overlay-opacity":"","overlay-gradient":""},"mobile":{"background-color":"","background-image":"","background-repeat":"repeat","background-position":"center center","background-size":"auto","background-attachment":"scroll","background-type":"","background-media":"","overlay-type":"","overlay-color":"","overlay-opacity":"","overlay-gradient":""}},"ast-content-background-meta":{"desktop":{"background-color":"var(--ast-global-color-5)","background-image":"","background-repeat":"repeat","background-position":"center center","background-size":"auto","background-attachment":"scroll","background-type":"","background-media":"","overlay-type":"","overlay-color":"","overlay-opacity":"","overlay-gradient":""},"tablet":{"background-color":"var(--ast-global-color-5)","background-image":"","background-repeat":"repeat","background-position":"center center","background-size":"auto","background-attachment":"scroll","background-type":"","background-media":"","overlay-type":"","overlay-color":"","overlay-opacity":"","overlay-gradient":""},"mobile":{"background-color":"var(--ast-global-color-5)","background-image":"","background-repeat":"repeat","background-position":"center center","background-size":"auto","background-attachment":"scroll","background-type":"","background-media":"","overlay-type":"","overlay-color":"","overlay-opacity":"","overlay-gradient":""}}},"product_brand":[],"product_cat":[34228],"product_tag":[],"pa_brand_name":[17329],"class_list":{"0":"post-119932","1":"product","2":"type-product","3":"status-publish","4":"has-post-thumbnail","6":"product_cat-winter-tires-friction","7":"pa_brand_name-pirelli","8":"desktop-align-left","9":"tablet-align-left","10":"mobile-align-left","12":"first","13":"outofstock","14":"taxable","15":"shipping-taxable","16":"purchasable","17":"product-type-simple"},"_links":{"self":[{"href":"https:\/\/shop.rettum.ee\/en\/wp-json\/wp\/v2\/product\/119932","targetHints":{"allow":["GET"]}}],"collection":[{"href":"https:\/\/shop.rettum.ee\/en\/wp-json\/wp\/v2\/product"}],"about":[{"href":"https:\/\/shop.rettum.ee\/en\/wp-json\/wp\/v2\/types\/product"}],"version-history":[{"count":1,"href":"https:\/\/shop.rettum.ee\/en\/wp-json\/wp\/v2\/product\/119932\/revisions"}],"predecessor-version":[{"id":126532,"href":"https:\/\/shop.rettum.ee\/en\/wp-json\/wp\/v2\/product\/119932\/revisions\/126532"}],"wp:featuredmedia":[{"embeddable":true,"href":"https:\/\/shop.rettum.ee\/en\/wp-json\/wp\/v2\/media\/124193"}],"wp:attachment":[{"href":"https:\/\/shop.rettum.ee\/en\/wp-json\/wp\/v2\/media?parent=119932"}],"wp:term":[{"taxonomy":"product_brand","embeddable":true,"href":"https:\/\/shop.rettum.ee\/en\/wp-json\/wp\/v2\/product_brand?post=119932"},{"taxonomy":"product_cat","embeddable":true,"href":"https:\/\/shop.rettum.ee\/en\/wp-json\/wp\/v2\/product_cat?post=119932"},{"taxonomy":"product_tag","embeddable":true,"href":"https:\/\/shop.rettum.ee\/en\/wp-json\/wp\/v2\/product_tag?post=119932"},{"taxonomy":"pa_brand_name","embeddable":true,"href":"https:\/\/shop.rettum.ee\/en\/wp-json\/wp\/v2\/pa_brand_name?post=119932"}],"curies":[{"name":"wp","href":"https:\/\/api.w.org\/{rel}","templated":true}]}}