{"id":119956,"date":"2025-03-30T04:41:28","date_gmt":"2025-03-30T01:41:28","guid":{"rendered":"https:\/\/shop.rettum.ee\/toode\/195-55r18-michelin-alpin-7-93h-xl-studless-cbb71-3pmsf-ms\/"},"modified":"2026-03-22T03:03:24","modified_gmt":"2026-03-22T01:03:24","slug":"195-55r18-michelin-alpin-7-93h-xl-studless-cbb71-3pmsf-ms","status":"publish","type":"product","link":"https:\/\/shop.rettum.ee\/en\/product\/195-55r18-michelin-alpin-7-93h-xl-studless-cbb71-3pmsf-ms\/","title":{"rendered":"195\/55R18 MICHELIN ALPIN 7 93H XL Studless CBB71 3PMSF M+S"},"content":{"rendered":"<p>Michelin Alpine 7 195\/55R18 rehvid on loodud maksimaalseks kindlaks ja ohutuks s\u00f5idukogemuseks ka k\u00f5ige n\u00f5udlikumates talveoludes. Rehvi m\u00f5\u00f5tmed ning 93H kiirusindeks tagavad optimaalse kandev\u00f5ime ja stabiilsuse nii kuivadel kui ka m\u00e4rgadel teedel. XL versioon v\u00f5imaldab suuremat koormust, muutes rehvi ideaalseks nii igap\u00e4evaseks s\u00f5iduks kui ka ekstra raskeks tingimusteks.<\/p>\n<p>Innovatiivne studless disain loob esmaklassilise haarduvuse lumel ja j\u00e4\u00e4l ning aitab v\u00e4ltida velgede kahjustusi, pakkudes samas t\u00e4iuslikku juhitavust ja pidamist. Certifitseeritud 3PMSF m\u00e4rgisega rehvid vastavad rangeimatele talverehvide standarditele, kindlustades, et s\u00f5it on turvaline ja kontrollitud isegi k\u00f5ige karmimates tegemistes. M\u00e4rgistusega M+S rehvid sobivad ideaalselt ka mudasile ja niisketele teedele, pakkudes mitmek\u00fclgset sooritust aastaringi.<\/p>\n<p>Michelin Alpine 7 on usaldusv\u00e4\u00e4rne valik neile, kes hindavad tipptasemel tehnoloogiat ja turvalisust ning soovivad nautida sujuvat s\u00f5itu igas ilmastikutingimuses.<\/p>","protected":false},"excerpt":{"rendered":"<p>Michelin Alpine 7 195\/55R18 rehvid on loodud maksimaalseks kindlaks ja ohutuks s\u00f5idukogemuseks ka k\u00f5ige n\u00f5udlikumates talveoludes. Rehvi m\u00f5\u00f5tmed ning 93H kiirusindeks tagavad optimaalse kandev\u00f5ime ja stabiilsuse nii kuivadel kui ka m\u00e4rgadel teedel. XL versioon v\u00f5imaldab suuremat koormust, muutes rehvi ideaalseks nii igap\u00e4evaseks s\u00f5iduks kui ka ekstra raskeks tingimusteks. Innovatiivne studless disain loob esmaklassilise haarduvuse lumel [&hellip;]<\/p>\n","protected":false},"featured_media":123062,"template":"","meta":{"site-sidebar-layout":"default","site-content-layout":"","ast-site-content-layout":"","site-content-style":"default","site-sidebar-style":"default","ast-global-header-display":"","ast-banner-title-visibility":"","ast-main-header-display":"","ast-hfb-above-header-display":"","ast-hfb-below-header-display":"","ast-hfb-mobile-header-display":"","site-post-title":"","ast-breadcrumbs-content":"","ast-featured-img":"","footer-sml-layout":"","theme-transparent-header-meta":"","adv-header-id-meta":"","stick-header-meta":"","header-above-stick-meta":"","header-main-stick-meta":"","header-below-stick-meta":"","astra-migrate-meta-layouts":"default","ast-page-background-enabled":"default","ast-page-background-meta":{"desktop":{"background-color":"","background-image":"","background-repeat":"repeat","background-position":"center center","background-size":"auto","background-attachment":"scroll","background-type":"","background-media":"","overlay-type":"","overlay-color":"","overlay-opacity":"","overlay-gradient":""},"tablet":{"background-color":"","background-image":"","background-repeat":"repeat","background-position":"center center","background-size":"auto","background-attachment":"scroll","background-type":"","background-media":"","overlay-type":"","overlay-color":"","overlay-opacity":"","overlay-gradient":""},"mobile":{"background-color":"","background-image":"","background-repeat":"repeat","background-position":"center center","background-size":"auto","background-attachment":"scroll","background-type":"","background-media":"","overlay-type":"","overlay-color":"","overlay-opacity":"","overlay-gradient":""}},"ast-content-background-meta":{"desktop":{"background-color":"var(--ast-global-color-5)","background-image":"","background-repeat":"repeat","background-position":"center center","background-size":"auto","background-attachment":"scroll","background-type":"","background-media":"","overlay-type":"","overlay-color":"","overlay-opacity":"","overlay-gradient":""},"tablet":{"background-color":"var(--ast-global-color-5)","background-image":"","background-repeat":"repeat","background-position":"center center","background-size":"auto","background-attachment":"scroll","background-type":"","background-media":"","overlay-type":"","overlay-color":"","overlay-opacity":"","overlay-gradient":""},"mobile":{"background-color":"var(--ast-global-color-5)","background-image":"","background-repeat":"repeat","background-position":"center center","background-size":"auto","background-attachment":"scroll","background-type":"","background-media":"","overlay-type":"","overlay-color":"","overlay-opacity":"","overlay-gradient":""}}},"product_brand":[],"product_cat":[34228],"product_tag":[],"pa_brand_name":[17870],"class_list":{"0":"post-119956","1":"product","2":"type-product","3":"status-publish","4":"has-post-thumbnail","6":"product_cat-winter-tires-friction","7":"pa_brand_name-michelin","8":"desktop-align-left","9":"tablet-align-left","10":"mobile-align-left","12":"first","13":"outofstock","14":"taxable","15":"shipping-taxable","16":"purchasable","17":"product-type-simple"},"_links":{"self":[{"href":"https:\/\/shop.rettum.ee\/en\/wp-json\/wp\/v2\/product\/119956","targetHints":{"allow":["GET"]}}],"collection":[{"href":"https:\/\/shop.rettum.ee\/en\/wp-json\/wp\/v2\/product"}],"about":[{"href":"https:\/\/shop.rettum.ee\/en\/wp-json\/wp\/v2\/types\/product"}],"version-history":[{"count":1,"href":"https:\/\/shop.rettum.ee\/en\/wp-json\/wp\/v2\/product\/119956\/revisions"}],"predecessor-version":[{"id":126515,"href":"https:\/\/shop.rettum.ee\/en\/wp-json\/wp\/v2\/product\/119956\/revisions\/126515"}],"wp:featuredmedia":[{"embeddable":true,"href":"https:\/\/shop.rettum.ee\/en\/wp-json\/wp\/v2\/media\/123062"}],"wp:attachment":[{"href":"https:\/\/shop.rettum.ee\/en\/wp-json\/wp\/v2\/media?parent=119956"}],"wp:term":[{"taxonomy":"product_brand","embeddable":true,"href":"https:\/\/shop.rettum.ee\/en\/wp-json\/wp\/v2\/product_brand?post=119956"},{"taxonomy":"product_cat","embeddable":true,"href":"https:\/\/shop.rettum.ee\/en\/wp-json\/wp\/v2\/product_cat?post=119956"},{"taxonomy":"product_tag","embeddable":true,"href":"https:\/\/shop.rettum.ee\/en\/wp-json\/wp\/v2\/product_tag?post=119956"},{"taxonomy":"pa_brand_name","embeddable":true,"href":"https:\/\/shop.rettum.ee\/en\/wp-json\/wp\/v2\/pa_brand_name?post=119956"}],"curies":[{"name":"wp","href":"https:\/\/api.w.org\/{rel}","templated":true}]}}