{"id":119967,"date":"2025-03-30T04:41:36","date_gmt":"2025-03-30T01:41:36","guid":{"rendered":"https:\/\/shop.rettum.ee\/toode\/225-65r17-michelin-alpin-7-106h-xl-studless-bbb71-3pmsf-ms\/"},"modified":"2026-03-22T03:03:26","modified_gmt":"2026-03-22T01:03:26","slug":"225-65r17-michelin-alpin-7-106h-xl-studless-bbb71-3pmsf-ms","status":"publish","type":"product","link":"https:\/\/shop.rettum.ee\/en\/product\/225-65r17-michelin-alpin-7-106h-xl-studless-bbb71-3pmsf-ms\/","title":{"rendered":"225\/65R17 MICHELIN ALPIN 7 106H XL Studless BBB71 3PMSF M+S"},"content":{"rendered":"<p>Michelin Alpin 7 225\/65R17 on k\u00f5rgekvaliteediline XL talverehv, mis on loodud tagama turvalise ja mugava s\u00f5idu ka k\u00f5ige n\u00f5udlikumates talveoludes. Selle rehv on varustatud 106H klassi ratinguga, mis t\u00e4hendab usaldusv\u00e4\u00e4rset kandev\u00f5imet ja stabiilsust ka suuremate kiiruste puhul. Unikaalne studless disain v\u00f5imaldab erakordset haarduvust j\u00e4\u00e4l ning lumel, pakkudes maksimaalset turvalisust ilma traditsiooniliste hurdlesideta. Lisaks omab rehv s\u00fcmbolit 3PMSF, mis kinnitab selle sobivust raskete lumetingimustega teel s\u00f5itmiseks, ning klassifikatsiooni M+S, mis tagab suurep\u00e4rase j\u00f5udluse nii muda kui lumega teedel.<\/p>\n<p>Michelin innovatiivsed tehnoloogiad ja t\u00e4pne disain tagavad rehvile pikema t\u00f6\u00f6ea ja optimaalse j\u00f5udluse erinevates ilmastikutingimustes. Michelin Alpin 7 on ideaalne valik juhile, kes soovib kombineerida ohutust, t\u00f6\u00f6kindlust ja suurt juhitavust ka k\u00f5ige karmimates talviste s\u00f5idutingimuste korral.<\/p>","protected":false},"excerpt":{"rendered":"<p>Michelin Alpin 7 225\/65R17 on k\u00f5rgekvaliteediline XL talverehv, mis on loodud tagama turvalise ja mugava s\u00f5idu ka k\u00f5ige n\u00f5udlikumates talveoludes. Selle rehv on varustatud 106H klassi ratinguga, mis t\u00e4hendab usaldusv\u00e4\u00e4rset kandev\u00f5imet ja stabiilsust ka suuremate kiiruste puhul. Unikaalne studless disain v\u00f5imaldab erakordset haarduvust j\u00e4\u00e4l ning lumel, pakkudes maksimaalset turvalisust ilma traditsiooniliste hurdlesideta. Lisaks omab rehv [&hellip;]<\/p>\n","protected":false},"featured_media":123062,"template":"","meta":{"site-sidebar-layout":"default","site-content-layout":"","ast-site-content-layout":"","site-content-style":"default","site-sidebar-style":"default","ast-global-header-display":"","ast-banner-title-visibility":"","ast-main-header-display":"","ast-hfb-above-header-display":"","ast-hfb-below-header-display":"","ast-hfb-mobile-header-display":"","site-post-title":"","ast-breadcrumbs-content":"","ast-featured-img":"","footer-sml-layout":"","theme-transparent-header-meta":"","adv-header-id-meta":"","stick-header-meta":"","header-above-stick-meta":"","header-main-stick-meta":"","header-below-stick-meta":"","astra-migrate-meta-layouts":"default","ast-page-background-enabled":"default","ast-page-background-meta":{"desktop":{"background-color":"","background-image":"","background-repeat":"repeat","background-position":"center center","background-size":"auto","background-attachment":"scroll","background-type":"","background-media":"","overlay-type":"","overlay-color":"","overlay-opacity":"","overlay-gradient":""},"tablet":{"background-color":"","background-image":"","background-repeat":"repeat","background-position":"center center","background-size":"auto","background-attachment":"scroll","background-type":"","background-media":"","overlay-type":"","overlay-color":"","overlay-opacity":"","overlay-gradient":""},"mobile":{"background-color":"","background-image":"","background-repeat":"repeat","background-position":"center center","background-size":"auto","background-attachment":"scroll","background-type":"","background-media":"","overlay-type":"","overlay-color":"","overlay-opacity":"","overlay-gradient":""}},"ast-content-background-meta":{"desktop":{"background-color":"var(--ast-global-color-5)","background-image":"","background-repeat":"repeat","background-position":"center center","background-size":"auto","background-attachment":"scroll","background-type":"","background-media":"","overlay-type":"","overlay-color":"","overlay-opacity":"","overlay-gradient":""},"tablet":{"background-color":"var(--ast-global-color-5)","background-image":"","background-repeat":"repeat","background-position":"center center","background-size":"auto","background-attachment":"scroll","background-type":"","background-media":"","overlay-type":"","overlay-color":"","overlay-opacity":"","overlay-gradient":""},"mobile":{"background-color":"var(--ast-global-color-5)","background-image":"","background-repeat":"repeat","background-position":"center center","background-size":"auto","background-attachment":"scroll","background-type":"","background-media":"","overlay-type":"","overlay-color":"","overlay-opacity":"","overlay-gradient":""}}},"product_brand":[],"product_cat":[34228],"product_tag":[],"pa_brand_name":[17870],"class_list":{"0":"post-119967","1":"product","2":"type-product","3":"status-publish","4":"has-post-thumbnail","6":"product_cat-winter-tires-friction","7":"pa_brand_name-michelin","8":"desktop-align-left","9":"tablet-align-left","10":"mobile-align-left","12":"first","13":"outofstock","14":"taxable","15":"shipping-taxable","16":"purchasable","17":"product-type-simple"},"_links":{"self":[{"href":"https:\/\/shop.rettum.ee\/en\/wp-json\/wp\/v2\/product\/119967","targetHints":{"allow":["GET"]}}],"collection":[{"href":"https:\/\/shop.rettum.ee\/en\/wp-json\/wp\/v2\/product"}],"about":[{"href":"https:\/\/shop.rettum.ee\/en\/wp-json\/wp\/v2\/types\/product"}],"version-history":[{"count":1,"href":"https:\/\/shop.rettum.ee\/en\/wp-json\/wp\/v2\/product\/119967\/revisions"}],"predecessor-version":[{"id":126506,"href":"https:\/\/shop.rettum.ee\/en\/wp-json\/wp\/v2\/product\/119967\/revisions\/126506"}],"wp:featuredmedia":[{"embeddable":true,"href":"https:\/\/shop.rettum.ee\/en\/wp-json\/wp\/v2\/media\/123062"}],"wp:attachment":[{"href":"https:\/\/shop.rettum.ee\/en\/wp-json\/wp\/v2\/media?parent=119967"}],"wp:term":[{"taxonomy":"product_brand","embeddable":true,"href":"https:\/\/shop.rettum.ee\/en\/wp-json\/wp\/v2\/product_brand?post=119967"},{"taxonomy":"product_cat","embeddable":true,"href":"https:\/\/shop.rettum.ee\/en\/wp-json\/wp\/v2\/product_cat?post=119967"},{"taxonomy":"product_tag","embeddable":true,"href":"https:\/\/shop.rettum.ee\/en\/wp-json\/wp\/v2\/product_tag?post=119967"},{"taxonomy":"pa_brand_name","embeddable":true,"href":"https:\/\/shop.rettum.ee\/en\/wp-json\/wp\/v2\/pa_brand_name?post=119967"}],"curies":[{"name":"wp","href":"https:\/\/api.w.org\/{rel}","templated":true}]}}