{"id":119970,"date":"2025-03-30T04:41:38","date_gmt":"2025-03-30T01:41:38","guid":{"rendered":"https:\/\/shop.rettum.ee\/toode\/235-60r18-michelin-alpin-7-107h-xl-studless-bbb71-3pmsf-ms\/"},"modified":"2026-03-22T03:03:27","modified_gmt":"2026-03-22T01:03:27","slug":"235-60r18-michelin-alpin-7-107h-xl-studless-bbb71-3pmsf-ms","status":"publish","type":"product","link":"https:\/\/shop.rettum.ee\/en\/product\/235-60r18-michelin-alpin-7-107h-xl-studless-bbb71-3pmsf-ms\/","title":{"rendered":"235\/60R18 MICHELIN ALPIN 7 107H XL Studless BBB71 3PMSF M+S"},"content":{"rendered":"<p>Michelin Alpin 7 on tipptasemel talver\u00f5ngas, mis on loodud tagama maksimaalne ohutus ja stabiilsus n\u00f5udlikes talvetingimustes. Selle m\u00f5\u00f5tmed 235\/60R18 ja 107H kiirusindeks pakuvad ideaalset kombinatsiooni s\u00f5iduki j\u00f5udlusest ja ohutusest. XL versioon v\u00f5imaldab suurendada koormustaluvust, mis on eriti oluline pikemate talvis\u00f5itude ja muutlike teeolude puhul.<\/p>\n<p>Innovaatiline Studless disain tagab usaldusv\u00e4\u00e4rse pidamise ka ilma traditsiooniliste nastudeta, pakkudes j\u00e4rjepidevat haarduvust nii lumel, j\u00e4\u00e4l kui ka m\u00e4rjal teel. 3PMSF (kolme tippu talvesadu lumest) m\u00e4rgistus kinnitab, et see rehver on l\u00e4binud rangeid j\u00f5udluse testimisi ning sobib ideaalselt ka k\u00f5ige karmimates talvistes tingimustes. M+S s\u00fcmbol t\u00e4iendavalt r\u00f5hutab, et rehv tagab suurep\u00e4rase k\u00e4itumise nii m\u00e4gist mulda kui lumekattega radadel.<\/p>\n<p>Michelin Alpin 7 kombineerib tipptasemel tehnoloogia, uudse disaini ja vastupidava kvaliteedi, pakkudes s\u00f5idukile optimaalset j\u00f5udlust ja turvalisust ka k\u00f5ige n\u00f5udlikumates klimatingimustes. V\u00e4\u00e4rtusta oma s\u00f5idukit ja tee kindel valik \u2013 vali Michelin Alpin 7, et nautida turvalist ja kindlat talvist s\u00f5itu.<\/p>","protected":false},"excerpt":{"rendered":"<p>Michelin Alpin 7 on tipptasemel talver\u00f5ngas, mis on loodud tagama maksimaalne ohutus ja stabiilsus n\u00f5udlikes talvetingimustes. Selle m\u00f5\u00f5tmed 235\/60R18 ja 107H kiirusindeks pakuvad ideaalset kombinatsiooni s\u00f5iduki j\u00f5udlusest ja ohutusest. XL versioon v\u00f5imaldab suurendada koormustaluvust, mis on eriti oluline pikemate talvis\u00f5itude ja muutlike teeolude puhul. Innovaatiline Studless disain tagab usaldusv\u00e4\u00e4rse pidamise ka ilma traditsiooniliste nastudeta, pakkudes [&hellip;]<\/p>\n","protected":false},"featured_media":123062,"template":"","meta":{"site-sidebar-layout":"default","site-content-layout":"","ast-site-content-layout":"","site-content-style":"default","site-sidebar-style":"default","ast-global-header-display":"","ast-banner-title-visibility":"","ast-main-header-display":"","ast-hfb-above-header-display":"","ast-hfb-below-header-display":"","ast-hfb-mobile-header-display":"","site-post-title":"","ast-breadcrumbs-content":"","ast-featured-img":"","footer-sml-layout":"","theme-transparent-header-meta":"","adv-header-id-meta":"","stick-header-meta":"","header-above-stick-meta":"","header-main-stick-meta":"","header-below-stick-meta":"","astra-migrate-meta-layouts":"default","ast-page-background-enabled":"default","ast-page-background-meta":{"desktop":{"background-color":"","background-image":"","background-repeat":"repeat","background-position":"center center","background-size":"auto","background-attachment":"scroll","background-type":"","background-media":"","overlay-type":"","overlay-color":"","overlay-opacity":"","overlay-gradient":""},"tablet":{"background-color":"","background-image":"","background-repeat":"repeat","background-position":"center center","background-size":"auto","background-attachment":"scroll","background-type":"","background-media":"","overlay-type":"","overlay-color":"","overlay-opacity":"","overlay-gradient":""},"mobile":{"background-color":"","background-image":"","background-repeat":"repeat","background-position":"center center","background-size":"auto","background-attachment":"scroll","background-type":"","background-media":"","overlay-type":"","overlay-color":"","overlay-opacity":"","overlay-gradient":""}},"ast-content-background-meta":{"desktop":{"background-color":"var(--ast-global-color-5)","background-image":"","background-repeat":"repeat","background-position":"center center","background-size":"auto","background-attachment":"scroll","background-type":"","background-media":"","overlay-type":"","overlay-color":"","overlay-opacity":"","overlay-gradient":""},"tablet":{"background-color":"var(--ast-global-color-5)","background-image":"","background-repeat":"repeat","background-position":"center center","background-size":"auto","background-attachment":"scroll","background-type":"","background-media":"","overlay-type":"","overlay-color":"","overlay-opacity":"","overlay-gradient":""},"mobile":{"background-color":"var(--ast-global-color-5)","background-image":"","background-repeat":"repeat","background-position":"center center","background-size":"auto","background-attachment":"scroll","background-type":"","background-media":"","overlay-type":"","overlay-color":"","overlay-opacity":"","overlay-gradient":""}}},"product_brand":[],"product_cat":[34228],"product_tag":[],"pa_brand_name":[17870],"class_list":{"0":"post-119970","1":"product","2":"type-product","3":"status-publish","4":"has-post-thumbnail","6":"product_cat-winter-tires-friction","7":"pa_brand_name-michelin","8":"desktop-align-left","9":"tablet-align-left","10":"mobile-align-left","12":"first","13":"outofstock","14":"taxable","15":"shipping-taxable","16":"purchasable","17":"product-type-simple"},"_links":{"self":[{"href":"https:\/\/shop.rettum.ee\/en\/wp-json\/wp\/v2\/product\/119970","targetHints":{"allow":["GET"]}}],"collection":[{"href":"https:\/\/shop.rettum.ee\/en\/wp-json\/wp\/v2\/product"}],"about":[{"href":"https:\/\/shop.rettum.ee\/en\/wp-json\/wp\/v2\/types\/product"}],"version-history":[{"count":1,"href":"https:\/\/shop.rettum.ee\/en\/wp-json\/wp\/v2\/product\/119970\/revisions"}],"predecessor-version":[{"id":126504,"href":"https:\/\/shop.rettum.ee\/en\/wp-json\/wp\/v2\/product\/119970\/revisions\/126504"}],"wp:featuredmedia":[{"embeddable":true,"href":"https:\/\/shop.rettum.ee\/en\/wp-json\/wp\/v2\/media\/123062"}],"wp:attachment":[{"href":"https:\/\/shop.rettum.ee\/en\/wp-json\/wp\/v2\/media?parent=119970"}],"wp:term":[{"taxonomy":"product_brand","embeddable":true,"href":"https:\/\/shop.rettum.ee\/en\/wp-json\/wp\/v2\/product_brand?post=119970"},{"taxonomy":"product_cat","embeddable":true,"href":"https:\/\/shop.rettum.ee\/en\/wp-json\/wp\/v2\/product_cat?post=119970"},{"taxonomy":"product_tag","embeddable":true,"href":"https:\/\/shop.rettum.ee\/en\/wp-json\/wp\/v2\/product_tag?post=119970"},{"taxonomy":"pa_brand_name","embeddable":true,"href":"https:\/\/shop.rettum.ee\/en\/wp-json\/wp\/v2\/pa_brand_name?post=119970"}],"curies":[{"name":"wp","href":"https:\/\/api.w.org\/{rel}","templated":true}]}}