{"id":119979,"date":"2025-03-31T02:56:47","date_gmt":"2025-03-30T23:56:47","guid":{"rendered":"https:\/\/shop.rettum.ee\/toode\/195-65r15-gt-radial-fe2-91h-cab69\/"},"modified":"2026-03-22T02:45:57","modified_gmt":"2026-03-22T00:45:57","slug":"195-65r15-gt-radial-fe2-91h-cab69","status":"publish","type":"product","link":"https:\/\/shop.rettum.ee\/en\/product\/195-65r15-gt-radial-fe2-91h-cab69\/","title":{"rendered":"195\/65R15 GT RADIAL FE2 91H CAB69"},"content":{"rendered":"<p>Tutvustame uhkusega uut 195\/65R15 GT RADIAL FE2 91H CAB69 rehvimudelit, mis \u00fchendab kaasaegse tehnoloogia ja ohutuse \u00fclimuse. Rehv on disainitud sobima 15-tollistele ratastele, pakkudes optimaalseid s\u00f5iduomadusi t\u00e4nu 195 mm rehvilevi ja 65% aspektisuhtele. <\/p>\n<p>GT RADIAL FE2 on loodud pakkuma kindlat haarduvust m\u00e4rjal teel, saavutades A-klassi m\u00e4rja pinna haarduvuse, mis tagab turvalise s\u00f5idu isegi niisketes tingimustes. Samuti vastab see rehv t\u00e4nap\u00e4evastele n\u00f5udmistele, olles hinnatud k\u00fctuses\u00e4\u00e4stu skaalal C ja tagades madala m\u00fcra taseme \u2013 m\u00fcra klass B (69 dB) tagab vaikse ja meeldiva s\u00f5idukogemuse. <\/p>\n<p>Rehvi konstruktsioon toetub radialdisainile, v\u00f5imaldades \u00fchtlast ja kindlat s\u00f5iduk\u00e4itumist. Rehvil on koormusindeks 91 ning kiirusindeks H, mis annab kindluse ka kiiretel s\u00f5itudel. Kaalud 8,5 kg ning vastav DOT 2024 standard tagab rehvile pika eluea ja usaldusv\u00e4\u00e4rsuse igap\u00e4evases kasutuses. <\/p>\n<p>Valige GT RADIAL FE2 91H CAB69, et kogeda s\u00f5iduohutust, k\u00fctuses\u00e4\u00e4stlikkust ja k\u00f5rgtehnoloogilist mugavust igal s\u00f5idul.<\/p>","protected":false},"excerpt":{"rendered":"<p>Tutvustame uhkusega uut 195\/65R15 GT RADIAL FE2 91H CAB69 rehvimudelit, mis \u00fchendab kaasaegse tehnoloogia ja ohutuse \u00fclimuse. Rehv on disainitud sobima 15-tollistele ratastele, pakkudes optimaalseid s\u00f5iduomadusi t\u00e4nu 195 mm rehvilevi ja 65% aspektisuhtele. GT RADIAL FE2 on loodud pakkuma kindlat haarduvust m\u00e4rjal teel, saavutades A-klassi m\u00e4rja pinna haarduvuse, mis tagab turvalise s\u00f5idu isegi niisketes tingimustes. [&hellip;]<\/p>\n","protected":false},"featured_media":122184,"template":"","meta":{"site-sidebar-layout":"default","site-content-layout":"","ast-site-content-layout":"","site-content-style":"default","site-sidebar-style":"default","ast-global-header-display":"","ast-banner-title-visibility":"","ast-main-header-display":"","ast-hfb-above-header-display":"","ast-hfb-below-header-display":"","ast-hfb-mobile-header-display":"","site-post-title":"","ast-breadcrumbs-content":"","ast-featured-img":"","footer-sml-layout":"","theme-transparent-header-meta":"","adv-header-id-meta":"","stick-header-meta":"","header-above-stick-meta":"","header-main-stick-meta":"","header-below-stick-meta":"","astra-migrate-meta-layouts":"default","ast-page-background-enabled":"default","ast-page-background-meta":{"desktop":{"background-color":"","background-image":"","background-repeat":"repeat","background-position":"center center","background-size":"auto","background-attachment":"scroll","background-type":"","background-media":"","overlay-type":"","overlay-color":"","overlay-opacity":"","overlay-gradient":""},"tablet":{"background-color":"","background-image":"","background-repeat":"repeat","background-position":"center center","background-size":"auto","background-attachment":"scroll","background-type":"","background-media":"","overlay-type":"","overlay-color":"","overlay-opacity":"","overlay-gradient":""},"mobile":{"background-color":"","background-image":"","background-repeat":"repeat","background-position":"center center","background-size":"auto","background-attachment":"scroll","background-type":"","background-media":"","overlay-type":"","overlay-color":"","overlay-opacity":"","overlay-gradient":""}},"ast-content-background-meta":{"desktop":{"background-color":"var(--ast-global-color-5)","background-image":"","background-repeat":"repeat","background-position":"center center","background-size":"auto","background-attachment":"scroll","background-type":"","background-media":"","overlay-type":"","overlay-color":"","overlay-opacity":"","overlay-gradient":""},"tablet":{"background-color":"var(--ast-global-color-5)","background-image":"","background-repeat":"repeat","background-position":"center center","background-size":"auto","background-attachment":"scroll","background-type":"","background-media":"","overlay-type":"","overlay-color":"","overlay-opacity":"","overlay-gradient":""},"mobile":{"background-color":"var(--ast-global-color-5)","background-image":"","background-repeat":"repeat","background-position":"center center","background-size":"auto","background-attachment":"scroll","background-type":"","background-media":"","overlay-type":"","overlay-color":"","overlay-opacity":"","overlay-gradient":""}}},"product_brand":[],"product_cat":[34225],"product_tag":[],"pa_brand_name":[34250],"class_list":{"0":"post-119979","1":"product","2":"type-product","3":"status-publish","4":"has-post-thumbnail","6":"product_cat-summer-tires-pv","7":"pa_brand_name-gt-radial-2","8":"desktop-align-left","9":"tablet-align-left","10":"mobile-align-left","12":"first","13":"outofstock","14":"taxable","15":"shipping-taxable","16":"purchasable","17":"product-type-simple"},"_links":{"self":[{"href":"https:\/\/shop.rettum.ee\/en\/wp-json\/wp\/v2\/product\/119979","targetHints":{"allow":["GET"]}}],"collection":[{"href":"https:\/\/shop.rettum.ee\/en\/wp-json\/wp\/v2\/product"}],"about":[{"href":"https:\/\/shop.rettum.ee\/en\/wp-json\/wp\/v2\/types\/product"}],"version-history":[{"count":1,"href":"https:\/\/shop.rettum.ee\/en\/wp-json\/wp\/v2\/product\/119979\/revisions"}],"predecessor-version":[{"id":126501,"href":"https:\/\/shop.rettum.ee\/en\/wp-json\/wp\/v2\/product\/119979\/revisions\/126501"}],"wp:featuredmedia":[{"embeddable":true,"href":"https:\/\/shop.rettum.ee\/en\/wp-json\/wp\/v2\/media\/122184"}],"wp:attachment":[{"href":"https:\/\/shop.rettum.ee\/en\/wp-json\/wp\/v2\/media?parent=119979"}],"wp:term":[{"taxonomy":"product_brand","embeddable":true,"href":"https:\/\/shop.rettum.ee\/en\/wp-json\/wp\/v2\/product_brand?post=119979"},{"taxonomy":"product_cat","embeddable":true,"href":"https:\/\/shop.rettum.ee\/en\/wp-json\/wp\/v2\/product_cat?post=119979"},{"taxonomy":"product_tag","embeddable":true,"href":"https:\/\/shop.rettum.ee\/en\/wp-json\/wp\/v2\/product_tag?post=119979"},{"taxonomy":"pa_brand_name","embeddable":true,"href":"https:\/\/shop.rettum.ee\/en\/wp-json\/wp\/v2\/pa_brand_name?post=119979"}],"curies":[{"name":"wp","href":"https:\/\/api.w.org\/{rel}","templated":true}]}}