{"id":119983,"date":"2025-03-31T02:56:51","date_gmt":"2025-03-30T23:56:51","guid":{"rendered":"https:\/\/shop.rettum.ee\/toode\/255-50r21-pirelli-p-zero-winter-2-109v-xl-ncs-elect-studless-baa70-3pmsf-ms\/"},"modified":"2025-10-30T02:45:43","modified_gmt":"2025-10-30T00:45:43","slug":"255-50r21-pirelli-p-zero-winter-2-109v-xl-ncs-elect-studless-baa70-3pmsf-ms","status":"publish","type":"product","link":"https:\/\/shop.rettum.ee\/en\/product\/255-50r21-pirelli-p-zero-winter-2-109v-xl-ncs-elect-studless-baa70-3pmsf-ms\/","title":{"rendered":"255\/50R21 PIRELLI P ZERO WINTER 2 109V XL NCS Elect Studless BAA70 3PMSF M+S"},"content":{"rendered":"<p>Avasta Sinu s\u00f5idule uus tase talvis\u00f5idu turvalisuses Pirelli P Zero Winter 2 rehvidega. Rehvir\u00f5ngas 255\/50R21 on spetsiaalselt v\u00e4lja t\u00f6\u00f6tatud pakkuma erakordset haardumist ja stabiilsust karmides talveoludes, olles ideaalne valik neile, kes hindavad nii j\u00f5udlust kui ka turvalisust.  <\/p>\n<p>Rehvid on varustatud kaasaegse studless tehnoloogiaga, mis tagab suurep\u00e4rase gripi nii lumel kui ka j\u00e4\u00e4d tekkinud olukordades, ilma et oleks vaja kasutada traditsioonilisi naelrehve. Sertifikaadid 3PMSF ja M+S kinnitavad rehvide vastavust rangetele talvise s\u00f5idu standarditele, pakkudes kindlustunnet ka k\u00f5ige n\u00f5udlikumates tingimustes.  <\/p>\n<p>109V kiirusindeks ja XL koormusm\u00e4rk tagavad lisastabiilsuse ja ohutuse ka k\u00f5rgemate s\u00f5idukiirustega ja suuremate koormustega. Pirelli P Zero Winter 2 disain on hoolikalt optimeeritud v\u00e4hendama veeretakistust ning parandama k\u00fctuses\u00e4\u00e4stu, pakkudes seel\u00e4bi soodsat ja keskkonnas\u00f5bralikku s\u00f5iduelamust.  <\/p>\n<p>Vali usaldusv\u00e4\u00e4rsus ja tipptasemel j\u00f5udlus \u2013 vali Pirelli talverehvid, mis viivad Sinu s\u00f5idu uuele turvalisuse ja kindluse tasemele.<\/p>","protected":false},"excerpt":{"rendered":"<p>Avasta Sinu s\u00f5idule uus tase talvis\u00f5idu turvalisuses Pirelli P Zero Winter 2 rehvidega. Rehvir\u00f5ngas 255\/50R21 on spetsiaalselt v\u00e4lja t\u00f6\u00f6tatud pakkuma erakordset haardumist ja stabiilsust karmides talveoludes, olles ideaalne valik neile, kes hindavad nii j\u00f5udlust kui ka turvalisust. Rehvid on varustatud kaasaegse studless tehnoloogiaga, mis tagab suurep\u00e4rase gripi nii lumel kui ka j\u00e4\u00e4d tekkinud olukordades, ilma [&hellip;]<\/p>\n","protected":false},"featured_media":124190,"template":"","meta":{"site-sidebar-layout":"default","site-content-layout":"","ast-site-content-layout":"","site-content-style":"default","site-sidebar-style":"default","ast-global-header-display":"","ast-banner-title-visibility":"","ast-main-header-display":"","ast-hfb-above-header-display":"","ast-hfb-below-header-display":"","ast-hfb-mobile-header-display":"","site-post-title":"","ast-breadcrumbs-content":"","ast-featured-img":"","footer-sml-layout":"","theme-transparent-header-meta":"","adv-header-id-meta":"","stick-header-meta":"","header-above-stick-meta":"","header-main-stick-meta":"","header-below-stick-meta":"","astra-migrate-meta-layouts":"default","ast-page-background-enabled":"default","ast-page-background-meta":{"desktop":{"background-color":"","background-image":"","background-repeat":"repeat","background-position":"center center","background-size":"auto","background-attachment":"scroll","background-type":"","background-media":"","overlay-type":"","overlay-color":"","overlay-opacity":"","overlay-gradient":""},"tablet":{"background-color":"","background-image":"","background-repeat":"repeat","background-position":"center center","background-size":"auto","background-attachment":"scroll","background-type":"","background-media":"","overlay-type":"","overlay-color":"","overlay-opacity":"","overlay-gradient":""},"mobile":{"background-color":"","background-image":"","background-repeat":"repeat","background-position":"center center","background-size":"auto","background-attachment":"scroll","background-type":"","background-media":"","overlay-type":"","overlay-color":"","overlay-opacity":"","overlay-gradient":""}},"ast-content-background-meta":{"desktop":{"background-color":"var(--ast-global-color-5)","background-image":"","background-repeat":"repeat","background-position":"center center","background-size":"auto","background-attachment":"scroll","background-type":"","background-media":"","overlay-type":"","overlay-color":"","overlay-opacity":"","overlay-gradient":""},"tablet":{"background-color":"var(--ast-global-color-5)","background-image":"","background-repeat":"repeat","background-position":"center center","background-size":"auto","background-attachment":"scroll","background-type":"","background-media":"","overlay-type":"","overlay-color":"","overlay-opacity":"","overlay-gradient":""},"mobile":{"background-color":"var(--ast-global-color-5)","background-image":"","background-repeat":"repeat","background-position":"center center","background-size":"auto","background-attachment":"scroll","background-type":"","background-media":"","overlay-type":"","overlay-color":"","overlay-opacity":"","overlay-gradient":""}}},"product_brand":[],"product_cat":[34228],"product_tag":[],"pa_brand_name":[17329],"class_list":{"0":"post-119983","1":"product","2":"type-product","3":"status-publish","4":"has-post-thumbnail","6":"product_cat-winter-tires-friction","7":"pa_brand_name-pirelli","8":"desktop-align-left","9":"tablet-align-left","10":"mobile-align-left","12":"first","13":"outofstock","14":"taxable","15":"shipping-taxable","16":"purchasable","17":"product-type-simple"},"_links":{"self":[{"href":"https:\/\/shop.rettum.ee\/en\/wp-json\/wp\/v2\/product\/119983","targetHints":{"allow":["GET"]}}],"collection":[{"href":"https:\/\/shop.rettum.ee\/en\/wp-json\/wp\/v2\/product"}],"about":[{"href":"https:\/\/shop.rettum.ee\/en\/wp-json\/wp\/v2\/types\/product"}],"version-history":[{"count":1,"href":"https:\/\/shop.rettum.ee\/en\/wp-json\/wp\/v2\/product\/119983\/revisions"}],"predecessor-version":[{"id":126495,"href":"https:\/\/shop.rettum.ee\/en\/wp-json\/wp\/v2\/product\/119983\/revisions\/126495"}],"wp:featuredmedia":[{"embeddable":true,"href":"https:\/\/shop.rettum.ee\/en\/wp-json\/wp\/v2\/media\/124190"}],"wp:attachment":[{"href":"https:\/\/shop.rettum.ee\/en\/wp-json\/wp\/v2\/media?parent=119983"}],"wp:term":[{"taxonomy":"product_brand","embeddable":true,"href":"https:\/\/shop.rettum.ee\/en\/wp-json\/wp\/v2\/product_brand?post=119983"},{"taxonomy":"product_cat","embeddable":true,"href":"https:\/\/shop.rettum.ee\/en\/wp-json\/wp\/v2\/product_cat?post=119983"},{"taxonomy":"product_tag","embeddable":true,"href":"https:\/\/shop.rettum.ee\/en\/wp-json\/wp\/v2\/product_tag?post=119983"},{"taxonomy":"pa_brand_name","embeddable":true,"href":"https:\/\/shop.rettum.ee\/en\/wp-json\/wp\/v2\/pa_brand_name?post=119983"}],"curies":[{"name":"wp","href":"https:\/\/api.w.org\/{rel}","templated":true}]}}