{"id":119984,"date":"2025-03-31T02:56:51","date_gmt":"2025-03-30T23:56:51","guid":{"rendered":"https:\/\/shop.rettum.ee\/toode\/285-45r22-continental-wintercontact-ts870p-114v-xl-elect-fr-studless-bbb74-3pmsf-ms\/"},"modified":"2026-03-22T03:03:28","modified_gmt":"2026-03-22T01:03:28","slug":"285-45r22-continental-wintercontact-ts870p-114v-xl-elect-fr-studless-bbb74-3pmsf-ms","status":"publish","type":"product","link":"https:\/\/shop.rettum.ee\/en\/product\/285-45r22-continental-wintercontact-ts870p-114v-xl-elect-fr-studless-bbb74-3pmsf-ms\/","title":{"rendered":"285\/45R22 CONTINENTAL WINTERCONTACT TS870P 114V XL Elect FR Studless BBB74 3PMSF M+S"},"content":{"rendered":"<p>CONTINENTAL WINTERCONTACT TS870P 285\/45R22 on tippkvaliteediga talverehv, mis pakub m\u00e4rkimisv\u00e4\u00e4rset j\u00f5udlust ja turvalisust ka k\u00f5ige n\u00f5udlikumates talveoludes. See k\u00f5rgtehnoloogiline rehv on m\u00f5eldud pakkuma suurep\u00e4rast haarduvust nii lumel kui ka k\u00fclma m\u00e4rja teekattel, tagades seel\u00e4bi maksimaalse pidamise isegi libedal pinnal.  <\/p>\n<p>Rehvi disain on optimeeritud tagamaks \u00fchtlane kulumine ja minimaliseeritud veeretakistus, mis aitab kaasa nii k\u00fctuses\u00e4\u00e4stlikkusele kui ka pikema eluea saavutamisele. XL ja 114V koormusindeks ning kiirusklassi kriitilisus tagavad, et rehv sobib h\u00e4sti nii suure koormat\u00f6\u00f6ga s\u00f5idukitele kui ka kiiretempolistele s\u00f5idudeks, s\u00e4ilitades samal ajal kindla haardumise ja stabiilsuse.  <\/p>\n<p>OEM-lubadustega elektroonilise tehnoloogia toel m\u00f5eldud Elect FR s\u00fcsteem ja studless disain koos 3PMSF ja M+S m\u00e4rgistega vastavad rangeimatele turvan\u00f5uetele, pakkudes tipptasemel j\u00f5udlust ilma n\u00f5udmata metallist nukkid. VALI CONTINENTAL WINTERCONTACT TS870P, et nautida usaldusv\u00e4\u00e4rset man\u00f6\u00f6verdamisv\u00f5imet ja kindlat haardumist igas talveolukorras!<\/p>","protected":false},"excerpt":{"rendered":"<p>CONTINENTAL WINTERCONTACT TS870P 285\/45R22 on tippkvaliteediga talverehv, mis pakub m\u00e4rkimisv\u00e4\u00e4rset j\u00f5udlust ja turvalisust ka k\u00f5ige n\u00f5udlikumates talveoludes. See k\u00f5rgtehnoloogiline rehv on m\u00f5eldud pakkuma suurep\u00e4rast haarduvust nii lumel kui ka k\u00fclma m\u00e4rja teekattel, tagades seel\u00e4bi maksimaalse pidamise isegi libedal pinnal. Rehvi disain on optimeeritud tagamaks \u00fchtlane kulumine ja minimaliseeritud veeretakistus, mis aitab kaasa nii k\u00fctuses\u00e4\u00e4stlikkusele kui [&hellip;]<\/p>\n","protected":false},"featured_media":124188,"template":"","meta":{"site-sidebar-layout":"default","site-content-layout":"","ast-site-content-layout":"","site-content-style":"default","site-sidebar-style":"default","ast-global-header-display":"","ast-banner-title-visibility":"","ast-main-header-display":"","ast-hfb-above-header-display":"","ast-hfb-below-header-display":"","ast-hfb-mobile-header-display":"","site-post-title":"","ast-breadcrumbs-content":"","ast-featured-img":"","footer-sml-layout":"","theme-transparent-header-meta":"","adv-header-id-meta":"","stick-header-meta":"","header-above-stick-meta":"","header-main-stick-meta":"","header-below-stick-meta":"","astra-migrate-meta-layouts":"default","ast-page-background-enabled":"default","ast-page-background-meta":{"desktop":{"background-color":"","background-image":"","background-repeat":"repeat","background-position":"center center","background-size":"auto","background-attachment":"scroll","background-type":"","background-media":"","overlay-type":"","overlay-color":"","overlay-opacity":"","overlay-gradient":""},"tablet":{"background-color":"","background-image":"","background-repeat":"repeat","background-position":"center center","background-size":"auto","background-attachment":"scroll","background-type":"","background-media":"","overlay-type":"","overlay-color":"","overlay-opacity":"","overlay-gradient":""},"mobile":{"background-color":"","background-image":"","background-repeat":"repeat","background-position":"center center","background-size":"auto","background-attachment":"scroll","background-type":"","background-media":"","overlay-type":"","overlay-color":"","overlay-opacity":"","overlay-gradient":""}},"ast-content-background-meta":{"desktop":{"background-color":"var(--ast-global-color-5)","background-image":"","background-repeat":"repeat","background-position":"center center","background-size":"auto","background-attachment":"scroll","background-type":"","background-media":"","overlay-type":"","overlay-color":"","overlay-opacity":"","overlay-gradient":""},"tablet":{"background-color":"var(--ast-global-color-5)","background-image":"","background-repeat":"repeat","background-position":"center center","background-size":"auto","background-attachment":"scroll","background-type":"","background-media":"","overlay-type":"","overlay-color":"","overlay-opacity":"","overlay-gradient":""},"mobile":{"background-color":"var(--ast-global-color-5)","background-image":"","background-repeat":"repeat","background-position":"center center","background-size":"auto","background-attachment":"scroll","background-type":"","background-media":"","overlay-type":"","overlay-color":"","overlay-opacity":"","overlay-gradient":""}}},"product_brand":[],"product_cat":[34228],"product_tag":[],"pa_brand_name":[25035],"class_list":{"0":"post-119984","1":"product","2":"type-product","3":"status-publish","4":"has-post-thumbnail","6":"product_cat-winter-tires-friction","7":"pa_brand_name-continental","8":"desktop-align-left","9":"tablet-align-left","10":"mobile-align-left","12":"first","13":"outofstock","14":"taxable","15":"shipping-taxable","16":"purchasable","17":"product-type-simple"},"_links":{"self":[{"href":"https:\/\/shop.rettum.ee\/en\/wp-json\/wp\/v2\/product\/119984","targetHints":{"allow":["GET"]}}],"collection":[{"href":"https:\/\/shop.rettum.ee\/en\/wp-json\/wp\/v2\/product"}],"about":[{"href":"https:\/\/shop.rettum.ee\/en\/wp-json\/wp\/v2\/types\/product"}],"version-history":[{"count":1,"href":"https:\/\/shop.rettum.ee\/en\/wp-json\/wp\/v2\/product\/119984\/revisions"}],"predecessor-version":[{"id":126496,"href":"https:\/\/shop.rettum.ee\/en\/wp-json\/wp\/v2\/product\/119984\/revisions\/126496"}],"wp:featuredmedia":[{"embeddable":true,"href":"https:\/\/shop.rettum.ee\/en\/wp-json\/wp\/v2\/media\/124188"}],"wp:attachment":[{"href":"https:\/\/shop.rettum.ee\/en\/wp-json\/wp\/v2\/media?parent=119984"}],"wp:term":[{"taxonomy":"product_brand","embeddable":true,"href":"https:\/\/shop.rettum.ee\/en\/wp-json\/wp\/v2\/product_brand?post=119984"},{"taxonomy":"product_cat","embeddable":true,"href":"https:\/\/shop.rettum.ee\/en\/wp-json\/wp\/v2\/product_cat?post=119984"},{"taxonomy":"product_tag","embeddable":true,"href":"https:\/\/shop.rettum.ee\/en\/wp-json\/wp\/v2\/product_tag?post=119984"},{"taxonomy":"pa_brand_name","embeddable":true,"href":"https:\/\/shop.rettum.ee\/en\/wp-json\/wp\/v2\/pa_brand_name?post=119984"}],"curies":[{"name":"wp","href":"https:\/\/api.w.org\/{rel}","templated":true}]}}