{"id":119993,"date":"2025-03-31T02:56:57","date_gmt":"2025-03-30T23:56:57","guid":{"rendered":"https:\/\/shop.rettum.ee\/toode\/205-55r17-goodyear-ultragrip-performance-3-95h-xl-studless-cbb70-3pmsf-ms\/"},"modified":"2026-03-22T03:03:28","modified_gmt":"2026-03-22T01:03:28","slug":"205-55r17-goodyear-ultragrip-performance-3-95h-xl-studless-cbb70-3pmsf-ms","status":"publish","type":"product","link":"https:\/\/shop.rettum.ee\/en\/product\/205-55r17-goodyear-ultragrip-performance-3-95h-xl-studless-cbb70-3pmsf-ms\/","title":{"rendered":"205\/55R17 GOODYEAR ULTRAGRIP PERFORMANCE 3 95H XL (*) Studless CBB70 3PMSF M+S"},"content":{"rendered":"<p>Goodyear UltraGrip Performance 3 205\/55R17 XL on innovatiivne rehvimudel, mis \u00fchendab tipptasemel tehnoloogia ja turvalisuse. Rehvi disain on optimeeritud pakkuma silmapaistvat haarduvust nii kuivadel, m\u00e4rgadel kui lumistel teedel. Selle studless konstruktsioon koos CBB70 tehnoloogiaga tagab \u00fclim j\u00f5udluse ilma traditsiooniliste kivideta ning v\u00e4hendab ventilatsiooni ja k\u00fctusekulu. <\/p>\n<p>Rehvil on 3PMSF ja M+S sertifikaadid, mis kinnitavad selle sobivust ka k\u00f5ige n\u00f5udlikumates talvetingimustes. Load-indeksi 95 ja H kiirusindeksi kombinatsioon tagavad tugevuse ning stabiilsuse ka k\u00f5rgematel kiirustel, samas kui XL-versioon pakub lisakoormust ja pikemat kasutusiga. <\/p>\n<p>Goodyear UltraGrip Performance 3 on ideaalne valik autojuhile, kes hindab kindlat s\u00f5iduomadust ja ohutust igas aastaajal. Selle uuenduslik ja kohandatud disain pakub suurep\u00e4rast man\u00f6\u00f6verdusv\u00f5imet ning annab t\u00e4iendava turvatunde nii igap\u00e4evasel s\u00f5idul kui ka n\u00f5udlikumates olukordades.<\/p>","protected":false},"excerpt":{"rendered":"<p>Goodyear UltraGrip Performance 3 205\/55R17 XL on innovatiivne rehvimudel, mis \u00fchendab tipptasemel tehnoloogia ja turvalisuse. Rehvi disain on optimeeritud pakkuma silmapaistvat haarduvust nii kuivadel, m\u00e4rgadel kui lumistel teedel. Selle studless konstruktsioon koos CBB70 tehnoloogiaga tagab \u00fclim j\u00f5udluse ilma traditsiooniliste kivideta ning v\u00e4hendab ventilatsiooni ja k\u00fctusekulu. Rehvil on 3PMSF ja M+S sertifikaadid, mis kinnitavad selle sobivust [&hellip;]<\/p>\n","protected":false},"featured_media":122078,"template":"","meta":{"site-sidebar-layout":"default","site-content-layout":"","ast-site-content-layout":"","site-content-style":"default","site-sidebar-style":"default","ast-global-header-display":"","ast-banner-title-visibility":"","ast-main-header-display":"","ast-hfb-above-header-display":"","ast-hfb-below-header-display":"","ast-hfb-mobile-header-display":"","site-post-title":"","ast-breadcrumbs-content":"","ast-featured-img":"","footer-sml-layout":"","theme-transparent-header-meta":"","adv-header-id-meta":"","stick-header-meta":"","header-above-stick-meta":"","header-main-stick-meta":"","header-below-stick-meta":"","astra-migrate-meta-layouts":"default","ast-page-background-enabled":"default","ast-page-background-meta":{"desktop":{"background-color":"","background-image":"","background-repeat":"repeat","background-position":"center center","background-size":"auto","background-attachment":"scroll","background-type":"","background-media":"","overlay-type":"","overlay-color":"","overlay-opacity":"","overlay-gradient":""},"tablet":{"background-color":"","background-image":"","background-repeat":"repeat","background-position":"center center","background-size":"auto","background-attachment":"scroll","background-type":"","background-media":"","overlay-type":"","overlay-color":"","overlay-opacity":"","overlay-gradient":""},"mobile":{"background-color":"","background-image":"","background-repeat":"repeat","background-position":"center center","background-size":"auto","background-attachment":"scroll","background-type":"","background-media":"","overlay-type":"","overlay-color":"","overlay-opacity":"","overlay-gradient":""}},"ast-content-background-meta":{"desktop":{"background-color":"var(--ast-global-color-5)","background-image":"","background-repeat":"repeat","background-position":"center center","background-size":"auto","background-attachment":"scroll","background-type":"","background-media":"","overlay-type":"","overlay-color":"","overlay-opacity":"","overlay-gradient":""},"tablet":{"background-color":"var(--ast-global-color-5)","background-image":"","background-repeat":"repeat","background-position":"center center","background-size":"auto","background-attachment":"scroll","background-type":"","background-media":"","overlay-type":"","overlay-color":"","overlay-opacity":"","overlay-gradient":""},"mobile":{"background-color":"var(--ast-global-color-5)","background-image":"","background-repeat":"repeat","background-position":"center center","background-size":"auto","background-attachment":"scroll","background-type":"","background-media":"","overlay-type":"","overlay-color":"","overlay-opacity":"","overlay-gradient":""}}},"product_brand":[],"product_cat":[34228],"product_tag":[],"pa_brand_name":[17979],"class_list":{"0":"post-119993","1":"product","2":"type-product","3":"status-publish","4":"has-post-thumbnail","6":"product_cat-winter-tires-friction","7":"pa_brand_name-goodyear","8":"desktop-align-left","9":"tablet-align-left","10":"mobile-align-left","12":"first","13":"outofstock","14":"taxable","15":"shipping-taxable","16":"purchasable","17":"product-type-simple"},"_links":{"self":[{"href":"https:\/\/shop.rettum.ee\/en\/wp-json\/wp\/v2\/product\/119993","targetHints":{"allow":["GET"]}}],"collection":[{"href":"https:\/\/shop.rettum.ee\/en\/wp-json\/wp\/v2\/product"}],"about":[{"href":"https:\/\/shop.rettum.ee\/en\/wp-json\/wp\/v2\/types\/product"}],"version-history":[{"count":1,"href":"https:\/\/shop.rettum.ee\/en\/wp-json\/wp\/v2\/product\/119993\/revisions"}],"predecessor-version":[{"id":126490,"href":"https:\/\/shop.rettum.ee\/en\/wp-json\/wp\/v2\/product\/119993\/revisions\/126490"}],"wp:featuredmedia":[{"embeddable":true,"href":"https:\/\/shop.rettum.ee\/en\/wp-json\/wp\/v2\/media\/122078"}],"wp:attachment":[{"href":"https:\/\/shop.rettum.ee\/en\/wp-json\/wp\/v2\/media?parent=119993"}],"wp:term":[{"taxonomy":"product_brand","embeddable":true,"href":"https:\/\/shop.rettum.ee\/en\/wp-json\/wp\/v2\/product_brand?post=119993"},{"taxonomy":"product_cat","embeddable":true,"href":"https:\/\/shop.rettum.ee\/en\/wp-json\/wp\/v2\/product_cat?post=119993"},{"taxonomy":"product_tag","embeddable":true,"href":"https:\/\/shop.rettum.ee\/en\/wp-json\/wp\/v2\/product_tag?post=119993"},{"taxonomy":"pa_brand_name","embeddable":true,"href":"https:\/\/shop.rettum.ee\/en\/wp-json\/wp\/v2\/pa_brand_name?post=119993"}],"curies":[{"name":"wp","href":"https:\/\/api.w.org\/{rel}","templated":true}]}}