{"id":119994,"date":"2025-03-31T02:56:57","date_gmt":"2025-03-30T23:56:57","guid":{"rendered":"https:\/\/shop.rettum.ee\/toode\/235-45r17-dunlop-all-season-2-97y-xl-mfs-bbb71-3pmsf-ms\/"},"modified":"2026-03-22T03:12:43","modified_gmt":"2026-03-22T01:12:43","slug":"235-45r17-dunlop-all-season-2-97y-xl-mfs-bbb71-3pmsf-ms","status":"publish","type":"product","link":"https:\/\/shop.rettum.ee\/en\/product\/235-45r17-dunlop-all-season-2-97y-xl-mfs-bbb71-3pmsf-ms\/","title":{"rendered":"235\/45R17 DUNLOP ALL SEASON 2 97Y XL MFS BBB71 3PMSF M+S"},"content":{"rendered":"<p>DUNLOP ALL SEASON 2 235\/45R17 on usaldusv\u00e4\u00e4rne ja tipptasemel rehvir\u00f5ngas, mis tagab suurep\u00e4rase s\u00f5idumugavuse ja ohutuse igas olukorras. Selle innovaatiline disain on loodud pakkuma maksimaalset haarduvust nii m\u00e4rgal kui ka kuival teel, v\u00f5imaldades kindlat s\u00f5itu aastaringi. 97Y s\u00f5idum\u00e4rk n\u00e4itab rehvi k\u00f5rget j\u00f5udluse v\u00f5imet, samas kui XL-indikatsioon tagab suurema koormustaluvuse. <\/p>\n<p>Rehv on varustatud MFS tehnoloogiaga, mis pikendab kasutusiga ja parandab rehvi vastupidavust, ning BBB71 standardid tagavad lisakindluse. M+S (mud ja snow) ja 3PMSF s\u00fcmboliseerivad rehvi suurep\u00e4rast sooritust ka keerulistes talvetingimustes, pakkudes kindlat haarduvust libedal teel. <\/p>\n<p>DUNLOP ALL SEASON 2 rehvid on ideaalne valik neile, kes hindavad nii sooritust, ohutust kui ka k\u00fctuses\u00e4\u00e4stu. Lase oma s\u00f5idukil kogeda \u00fclimat stabiilsust ja turvalisust aastaringselt \u2013 vali DUNLOP ALL SEASON 2 ja s\u00f5ida muretult igal ilmastikul!<\/p>","protected":false},"excerpt":{"rendered":"<p>DUNLOP ALL SEASON 2 235\/45R17 on usaldusv\u00e4\u00e4rne ja tipptasemel rehvir\u00f5ngas, mis tagab suurep\u00e4rase s\u00f5idumugavuse ja ohutuse igas olukorras. Selle innovaatiline disain on loodud pakkuma maksimaalset haarduvust nii m\u00e4rgal kui ka kuival teel, v\u00f5imaldades kindlat s\u00f5itu aastaringi. 97Y s\u00f5idum\u00e4rk n\u00e4itab rehvi k\u00f5rget j\u00f5udluse v\u00f5imet, samas kui XL-indikatsioon tagab suurema koormustaluvuse. Rehv on varustatud MFS tehnoloogiaga, mis [&hellip;]<\/p>\n","protected":false},"featured_media":122065,"template":"","meta":{"site-sidebar-layout":"default","site-content-layout":"","ast-site-content-layout":"","site-content-style":"default","site-sidebar-style":"default","ast-global-header-display":"","ast-banner-title-visibility":"","ast-main-header-display":"","ast-hfb-above-header-display":"","ast-hfb-below-header-display":"","ast-hfb-mobile-header-display":"","site-post-title":"","ast-breadcrumbs-content":"","ast-featured-img":"","footer-sml-layout":"","theme-transparent-header-meta":"","adv-header-id-meta":"","stick-header-meta":"","header-above-stick-meta":"","header-main-stick-meta":"","header-below-stick-meta":"","astra-migrate-meta-layouts":"default","ast-page-background-enabled":"default","ast-page-background-meta":{"desktop":{"background-color":"","background-image":"","background-repeat":"repeat","background-position":"center center","background-size":"auto","background-attachment":"scroll","background-type":"","background-media":"","overlay-type":"","overlay-color":"","overlay-opacity":"","overlay-gradient":""},"tablet":{"background-color":"","background-image":"","background-repeat":"repeat","background-position":"center center","background-size":"auto","background-attachment":"scroll","background-type":"","background-media":"","overlay-type":"","overlay-color":"","overlay-opacity":"","overlay-gradient":""},"mobile":{"background-color":"","background-image":"","background-repeat":"repeat","background-position":"center center","background-size":"auto","background-attachment":"scroll","background-type":"","background-media":"","overlay-type":"","overlay-color":"","overlay-opacity":"","overlay-gradient":""}},"ast-content-background-meta":{"desktop":{"background-color":"var(--ast-global-color-5)","background-image":"","background-repeat":"repeat","background-position":"center center","background-size":"auto","background-attachment":"scroll","background-type":"","background-media":"","overlay-type":"","overlay-color":"","overlay-opacity":"","overlay-gradient":""},"tablet":{"background-color":"var(--ast-global-color-5)","background-image":"","background-repeat":"repeat","background-position":"center center","background-size":"auto","background-attachment":"scroll","background-type":"","background-media":"","overlay-type":"","overlay-color":"","overlay-opacity":"","overlay-gradient":""},"mobile":{"background-color":"var(--ast-global-color-5)","background-image":"","background-repeat":"repeat","background-position":"center center","background-size":"auto","background-attachment":"scroll","background-type":"","background-media":"","overlay-type":"","overlay-color":"","overlay-opacity":"","overlay-gradient":""}}},"product_brand":[],"product_cat":[34230],"product_tag":[],"pa_brand_name":[18236],"class_list":{"0":"post-119994","1":"product","2":"type-product","3":"status-publish","4":"has-post-thumbnail","6":"product_cat-all-season-pcr-2","7":"pa_brand_name-dunlop","8":"desktop-align-left","9":"tablet-align-left","10":"mobile-align-left","12":"first","13":"outofstock","14":"taxable","15":"shipping-taxable","16":"purchasable","17":"product-type-simple"},"_links":{"self":[{"href":"https:\/\/shop.rettum.ee\/en\/wp-json\/wp\/v2\/product\/119994","targetHints":{"allow":["GET"]}}],"collection":[{"href":"https:\/\/shop.rettum.ee\/en\/wp-json\/wp\/v2\/product"}],"about":[{"href":"https:\/\/shop.rettum.ee\/en\/wp-json\/wp\/v2\/types\/product"}],"version-history":[{"count":1,"href":"https:\/\/shop.rettum.ee\/en\/wp-json\/wp\/v2\/product\/119994\/revisions"}],"predecessor-version":[{"id":126491,"href":"https:\/\/shop.rettum.ee\/en\/wp-json\/wp\/v2\/product\/119994\/revisions\/126491"}],"wp:featuredmedia":[{"embeddable":true,"href":"https:\/\/shop.rettum.ee\/en\/wp-json\/wp\/v2\/media\/122065"}],"wp:attachment":[{"href":"https:\/\/shop.rettum.ee\/en\/wp-json\/wp\/v2\/media?parent=119994"}],"wp:term":[{"taxonomy":"product_brand","embeddable":true,"href":"https:\/\/shop.rettum.ee\/en\/wp-json\/wp\/v2\/product_brand?post=119994"},{"taxonomy":"product_cat","embeddable":true,"href":"https:\/\/shop.rettum.ee\/en\/wp-json\/wp\/v2\/product_cat?post=119994"},{"taxonomy":"product_tag","embeddable":true,"href":"https:\/\/shop.rettum.ee\/en\/wp-json\/wp\/v2\/product_tag?post=119994"},{"taxonomy":"pa_brand_name","embeddable":true,"href":"https:\/\/shop.rettum.ee\/en\/wp-json\/wp\/v2\/pa_brand_name?post=119994"}],"curies":[{"name":"wp","href":"https:\/\/api.w.org\/{rel}","templated":true}]}}